{"id":273841,"date":"2024-09-11T00:17:47","date_gmt":"2024-09-11T07:17:47","guid":{"rendered":"https:\/\/glandine.com\/product\/dolce-gabbana-schwarz-wildleder-kristalle-keira-sandalen-schuhe\/"},"modified":"2024-12-01T07:50:35","modified_gmt":"2024-12-01T06:50:35","slug":"dolce-gabbana-schwarz-wildleder-kristalle-keira-sandalen-schuhe","status":"publish","type":"product","link":"https:\/\/tpmadalina42.supserv.cozmoslabs.com\/fi\/tuote-2\/dolce-gabbana-schwarz-wildleder-kristalle-keira-sandalen-schuhe\/","title":{"rendered":"Dolce &amp; Gabbana Schwarz Wildleder Kristalle Keira Sandalen Schuhe"},"content":{"rendered":"<p>DOLCE &amp; GABBANA<\/p>\n<p>Wundersch\u00f6ne brandneu mit Tags, 100% Authentic Dolce &amp; Gabbana Kn\u00f6chelriemen versch\u00f6nert Fersen Sandalen.<br \/>\nMalli: Heels sandaalit<br \/>\nV\u00e4ri: Musta<br \/>\nMaterial: 54% Baumwolle 28% Elastan 18% Viskose<br \/>\nPohja: nahkaa<br \/>\nSoljen sulkeminen<br \/>\nLogon yksityiskohdat<br \/>\nValmistettu Italiassa<br \/>\nEritt\u00e4in korkea laatu ja mukavuus<\/p>\n<p><strong>Bei diesem Artikel handelt es sich um ein Ladenmuster, die Laufsohle wurde neu lackiert (Details siehe Bilder). <\/strong><\/p>","protected":false},"excerpt":{"rendered":"<p>DOLCE &amp; GABBANA Wundersch\u00f6ne brandneu mit Tags, 100% Authentic Dolce &amp; Gabbana Kn\u00f6chelriemen versch\u00f6nert Fersen Sandalen. Modell: Heels Sandalen Farbe: Schwarz Material: 54% Baumwolle 28% Elastan 18% Viskose Sohle: Leder Schnallenverschluss Logo-Details In Italien hergestellt Sehr hohe Qualit\u00e4t und Komfort Bei diesem Artikel handelt es sich um ein Ladenmuster, die Laufsohle wurde neu lackiert (Details [&hellip;]<\/p>","protected":false},"featured_media":273833,"template":"","meta":[],"product_brand":[1620],"product_cat":[1635,1692,1624],"product_tag":[],"class_list":{"0":"post-273841","1":"product","2":"type-product","3":"status-publish","4":"has-post-thumbnail","6":"product_brand-dolce-gabbana","7":"product_cat-frauen-schuhe","8":"product_cat-sandalen-frauen-schuhe","9":"product_cat-schuhe","11":"first","12":"instock","13":"sale","14":"taxable","15":"shipping-taxable","16":"purchasable","17":"product-type-variable"},"_links":{"self":[{"href":"https:\/\/tpmadalina42.supserv.cozmoslabs.com\/fi\/wp-json\/wp\/v2\/product\/273841","targetHints":{"allow":["GET"]}}],"collection":[{"href":"https:\/\/tpmadalina42.supserv.cozmoslabs.com\/fi\/wp-json\/wp\/v2\/product"}],"about":[{"href":"https:\/\/tpmadalina42.supserv.cozmoslabs.com\/fi\/wp-json\/wp\/v2\/types\/product"}],"wp:featuredmedia":[{"embeddable":true,"href":"https:\/\/tpmadalina42.supserv.cozmoslabs.com\/fi\/wp-json\/wp\/v2\/media\/273833"}],"wp:attachment":[{"href":"https:\/\/tpmadalina42.supserv.cozmoslabs.com\/fi\/wp-json\/wp\/v2\/media?parent=273841"}],"wp:term":[{"taxonomy":"product_brand","embeddable":true,"href":"https:\/\/tpmadalina42.supserv.cozmoslabs.com\/fi\/wp-json\/wp\/v2\/product_brand?post=273841"},{"taxonomy":"product_cat","embeddable":true,"href":"https:\/\/tpmadalina42.supserv.cozmoslabs.com\/fi\/wp-json\/wp\/v2\/product_cat?post=273841"},{"taxonomy":"product_tag","embeddable":true,"href":"https:\/\/tpmadalina42.supserv.cozmoslabs.com\/fi\/wp-json\/wp\/v2\/product_tag?post=273841"}],"curies":[{"name":"wp","href":"https:\/\/api.w.org\/{rel}","templated":true}]}}