{"id":274093,"date":"2024-09-11T01:10:37","date_gmt":"2024-09-11T08:10:37","guid":{"rendered":"https:\/\/glandine.com\/product\/dolce-gabbana-weisser-baumwoll-logo-kapuzenpullover\/"},"modified":"2024-12-01T07:52:48","modified_gmt":"2024-12-01T06:52:48","slug":"dolce-gabbana-weisser-baumwoll-logo-kapuzenpullover","status":"publish","type":"product","link":"https:\/\/tpmadalina42.supserv.cozmoslabs.com\/fi\/tuote-2\/dolce-gabbana-weisser-baumwoll-logo-kapuzenpullover\/","title":{"rendered":"Dolce &amp; Gabbana Wei\u00dfer Baumwoll-Logo-Kapuzenpullover"},"content":{"rendered":"<p>DOLCE &amp; GABBANA<\/p>\n<p>Gorgeous brandneue mit Tags, 100% Authentic Dolce &amp; Gabbana Hoodie Pullover Sweatshirt mit Logo-Print auf der Brust. Gefertigt aus Baumwollmischung.<br \/>\nModell: Kapuzenpulli Pullover<br \/>\nV\u00e4ri: Valkoinen<br \/>\nMaterial: 80% Baumwolle 20% Polyester<br \/>\nLogon yksityiskohdat<br \/>\nValmistettu Italiassa<\/p>\n<p><strong>Bei diesem Artikel handelt es sich um ein Ladenmuster, es gibt Make-up-Flecken auf der Kapuze (siehe Bilder f\u00fcr Details). Dies ist der Grund f\u00fcr den niedrigen Verkaufspreis und eine tolle Gelegenheit, ein Schn\u00e4ppchen zu machen.<\/strong><\/p>","protected":false},"excerpt":{"rendered":"<p>DOLCE &amp; GABBANA Gorgeous brandneue mit Tags, 100% Authentic Dolce &amp; Gabbana Hoodie Pullover Sweatshirt mit Logo-Print auf der Brust. Gefertigt aus Baumwollmischung. Modell: Kapuzenpulli Pullover Farbe: Wei\u00df Material: 80% Baumwolle 20% Polyester Logo-Details Hergestellt in Italien Bei diesem Artikel handelt es sich um ein Ladenmuster, es gibt Make-up-Flecken auf der Kapuze (siehe Bilder f\u00fcr [&hellip;]<\/p>","protected":false},"featured_media":274085,"template":"","meta":[],"product_brand":[1620],"product_cat":[1637,1623],"product_tag":[],"class_list":{"0":"post-274093","1":"product","2":"type-product","3":"status-publish","4":"has-post-thumbnail","6":"product_brand-dolce-gabbana","7":"product_cat-frauen-kleidung","8":"product_cat-kleidung","10":"first","11":"instock","12":"sale","13":"taxable","14":"shipping-taxable","15":"purchasable","16":"product-type-variable"},"_links":{"self":[{"href":"https:\/\/tpmadalina42.supserv.cozmoslabs.com\/fi\/wp-json\/wp\/v2\/product\/274093","targetHints":{"allow":["GET"]}}],"collection":[{"href":"https:\/\/tpmadalina42.supserv.cozmoslabs.com\/fi\/wp-json\/wp\/v2\/product"}],"about":[{"href":"https:\/\/tpmadalina42.supserv.cozmoslabs.com\/fi\/wp-json\/wp\/v2\/types\/product"}],"wp:featuredmedia":[{"embeddable":true,"href":"https:\/\/tpmadalina42.supserv.cozmoslabs.com\/fi\/wp-json\/wp\/v2\/media\/274085"}],"wp:attachment":[{"href":"https:\/\/tpmadalina42.supserv.cozmoslabs.com\/fi\/wp-json\/wp\/v2\/media?parent=274093"}],"wp:term":[{"taxonomy":"product_brand","embeddable":true,"href":"https:\/\/tpmadalina42.supserv.cozmoslabs.com\/fi\/wp-json\/wp\/v2\/product_brand?post=274093"},{"taxonomy":"product_cat","embeddable":true,"href":"https:\/\/tpmadalina42.supserv.cozmoslabs.com\/fi\/wp-json\/wp\/v2\/product_cat?post=274093"},{"taxonomy":"product_tag","embeddable":true,"href":"https:\/\/tpmadalina42.supserv.cozmoslabs.com\/fi\/wp-json\/wp\/v2\/product_tag?post=274093"}],"curies":[{"name":"wp","href":"https:\/\/api.w.org\/{rel}","templated":true}]}}