{"id":274102,"date":"2024-09-11T01:12:33","date_gmt":"2024-09-11T08:12:33","guid":{"rendered":"https:\/\/glandine.com\/product\/philippe-model-gruener-baumwoll-logo-pullover-mit-langen-aermeln\/"},"modified":"2024-12-01T07:52:56","modified_gmt":"2024-12-01T06:52:56","slug":"philippe-model-gruener-baumwoll-logo-pullover-mit-langen-aermeln","status":"publish","type":"product","link":"https:\/\/tpmadalina42.supserv.cozmoslabs.com\/fi\/tuote-2\/philippe-model-gruener-baumwoll-logo-pullover-mit-langen-aermeln\/","title":{"rendered":"Philippe Model Gr\u00fcner Baumwoll-Logo-Pullover mit langen \u00c4rmeln"},"content":{"rendered":"<p>PHILIPPE MODEL<\/p>\n<p>Gorgeous brandneu mit Tags, 100% Authentic PHILIPPE MODEL lange \u00c4rmel Pullover Pullover<br \/>\nModell: Lang\u00e4rmeliger Pullover<br \/>\nFarbe: Gr\u00fcn gedruckt<br \/>\nMateriaali: 100% puuvilla<br \/>\nLogon yksityiskohdat<\/p>","protected":false},"excerpt":{"rendered":"<p>PHILIPPE MODEL Gorgeous brandneu mit Tags, 100% Authentic PHILIPPE MODEL lange \u00c4rmel Pullover Pullover Modell: Lang\u00e4rmeliger Pullover Farbe: Gr\u00fcn gedruckt Material: 100% Baumwolle Logo Details<\/p>","protected":false},"featured_media":274096,"template":"","meta":[],"product_brand":[2252],"product_cat":[1637,1623],"product_tag":[],"class_list":{"0":"post-274102","1":"product","2":"type-product","3":"status-publish","4":"has-post-thumbnail","6":"product_brand-philippe-model","7":"product_cat-frauen-kleidung","8":"product_cat-kleidung","10":"first","11":"instock","12":"sale","13":"taxable","14":"shipping-taxable","15":"purchasable","16":"product-type-variable"},"_links":{"self":[{"href":"https:\/\/tpmadalina42.supserv.cozmoslabs.com\/fi\/wp-json\/wp\/v2\/product\/274102","targetHints":{"allow":["GET"]}}],"collection":[{"href":"https:\/\/tpmadalina42.supserv.cozmoslabs.com\/fi\/wp-json\/wp\/v2\/product"}],"about":[{"href":"https:\/\/tpmadalina42.supserv.cozmoslabs.com\/fi\/wp-json\/wp\/v2\/types\/product"}],"wp:featuredmedia":[{"embeddable":true,"href":"https:\/\/tpmadalina42.supserv.cozmoslabs.com\/fi\/wp-json\/wp\/v2\/media\/274096"}],"wp:attachment":[{"href":"https:\/\/tpmadalina42.supserv.cozmoslabs.com\/fi\/wp-json\/wp\/v2\/media?parent=274102"}],"wp:term":[{"taxonomy":"product_brand","embeddable":true,"href":"https:\/\/tpmadalina42.supserv.cozmoslabs.com\/fi\/wp-json\/wp\/v2\/product_brand?post=274102"},{"taxonomy":"product_cat","embeddable":true,"href":"https:\/\/tpmadalina42.supserv.cozmoslabs.com\/fi\/wp-json\/wp\/v2\/product_cat?post=274102"},{"taxonomy":"product_tag","embeddable":true,"href":"https:\/\/tpmadalina42.supserv.cozmoslabs.com\/fi\/wp-json\/wp\/v2\/product_tag?post=274102"}],"curies":[{"name":"wp","href":"https:\/\/api.w.org\/{rel}","templated":true}]}}