{"id":274318,"date":"2024-09-11T01:59:53","date_gmt":"2024-09-11T08:59:53","guid":{"rendered":"https:\/\/glandine.com\/product\/dolce-gabbana-weiss-gestreiftes-baumwoll-top-mit-langen-aermeln-und-rueschenkragen\/"},"modified":"2024-12-01T08:00:36","modified_gmt":"2024-12-01T07:00:36","slug":"dolce-gabbana-weiss-gestreiftes-baumwoll-top-mit-langen-aermeln-und-rueschenkragen","status":"publish","type":"product","link":"https:\/\/tpmadalina42.supserv.cozmoslabs.com\/fi\/tuote-2\/dolce-gabbana-weiss-gestreiftes-baumwoll-top-mit-langen-aermeln-und-rueschenkragen\/","title":{"rendered":"Dolce &amp; Gabbana Wei\u00df gestreiftes Baumwoll-Top mit langen \u00c4rmeln und R\u00fcschenkragen"},"content":{"rendered":"<p>DOLCE &amp; GABBANA<\/p>\n<p>Gorgeous brandneue mit Tags, 100% Authentic Dolce &amp; Gabbana wei\u00dfer Baumwolle Kragen lange \u00c4rmel Polo Top.<br \/>\nMalli: Pitk\u00e4hihainen toppi<br \/>\nMateriaali: 100% puuvilla<br \/>\nV\u00e4ri: Valkoinen<br \/>\nNapin sulkeminen<br \/>\nLogon yksityiskohdat<br \/>\nValmistettu Italiassa<\/p>","protected":false},"excerpt":{"rendered":"<p>DOLCE &amp; GABBANA Gorgeous brandneue mit Tags, 100% Authentic Dolce &amp; Gabbana wei\u00dfer Baumwolle Kragen lange \u00c4rmel Polo Top. Modell: Lang\u00e4rmeliges Oberteil Material: 100% Baumwolle Farbe: Wei\u00df Knopfverschluss Logo-Details In Italien hergestellt<\/p>","protected":false},"featured_media":274311,"template":"","meta":[],"product_brand":[1620],"product_cat":[1637,1623,1714],"product_tag":[],"class_list":{"0":"post-274318","1":"product","2":"type-product","3":"status-publish","4":"has-post-thumbnail","6":"product_brand-dolce-gabbana","7":"product_cat-frauen-kleidung","8":"product_cat-kleidung","9":"product_cat-oberteile-t-shirts","11":"first","12":"instock","13":"sale","14":"taxable","15":"shipping-taxable","16":"purchasable","17":"product-type-variable"},"_links":{"self":[{"href":"https:\/\/tpmadalina42.supserv.cozmoslabs.com\/fi\/wp-json\/wp\/v2\/product\/274318","targetHints":{"allow":["GET"]}}],"collection":[{"href":"https:\/\/tpmadalina42.supserv.cozmoslabs.com\/fi\/wp-json\/wp\/v2\/product"}],"about":[{"href":"https:\/\/tpmadalina42.supserv.cozmoslabs.com\/fi\/wp-json\/wp\/v2\/types\/product"}],"wp:featuredmedia":[{"embeddable":true,"href":"https:\/\/tpmadalina42.supserv.cozmoslabs.com\/fi\/wp-json\/wp\/v2\/media\/274311"}],"wp:attachment":[{"href":"https:\/\/tpmadalina42.supserv.cozmoslabs.com\/fi\/wp-json\/wp\/v2\/media?parent=274318"}],"wp:term":[{"taxonomy":"product_brand","embeddable":true,"href":"https:\/\/tpmadalina42.supserv.cozmoslabs.com\/fi\/wp-json\/wp\/v2\/product_brand?post=274318"},{"taxonomy":"product_cat","embeddable":true,"href":"https:\/\/tpmadalina42.supserv.cozmoslabs.com\/fi\/wp-json\/wp\/v2\/product_cat?post=274318"},{"taxonomy":"product_tag","embeddable":true,"href":"https:\/\/tpmadalina42.supserv.cozmoslabs.com\/fi\/wp-json\/wp\/v2\/product_tag?post=274318"}],"curies":[{"name":"wp","href":"https:\/\/api.w.org\/{rel}","templated":true}]}}