{"id":274329,"date":"2024-09-11T02:00:15","date_gmt":"2024-09-11T09:00:15","guid":{"rendered":"https:\/\/glandine.com\/product\/dolce-gabbana-weisses-kurzaermeliges-poloshirt-mit-kragen\/"},"modified":"2024-12-01T08:00:15","modified_gmt":"2024-12-01T07:00:15","slug":"dolce-gabbana-weisses-kurzaermeliges-poloshirt-mit-kragen","status":"publish","type":"product","link":"https:\/\/tpmadalina42.supserv.cozmoslabs.com\/fi\/tuote-2\/dolce-gabbana-weisses-kurzaermeliges-poloshirt-mit-kragen\/","title":{"rendered":"Dolce &amp; Gabbana Wei\u00dfes kurz\u00e4rmeliges Poloshirt mit Kragen"},"content":{"rendered":"<p>DOLCE &amp; GABBANA<\/p>\n<p>Wundersch\u00f6ne brandneue mit Tags, 100% Authentic Dolce &amp; Gabbana kurzen \u00c4rmeln Poloshirt<br \/>\nModell: Poloshirt mit Kragen und kurzen \u00c4rmeln<br \/>\nMateriaali: 100% puuvilla<br \/>\nV\u00e4ri: Valkoinen<br \/>\nNapin sulkeminen<br \/>\nLogon yksityiskohdat<br \/>\nValmistettu Italiassa<\/p>","protected":false},"excerpt":{"rendered":"<p>DOLCE &amp; GABBANA Wundersch\u00f6ne brandneue mit Tags, 100% Authentic Dolce &amp; Gabbana kurzen \u00c4rmeln Poloshirt Modell: Poloshirt mit Kragen und kurzen \u00c4rmeln Material: 100% Baumwolle Farbe: Wei\u00df Knopfverschluss Logo-Details In Italien hergestellt<\/p>","protected":false},"featured_media":274321,"template":"","meta":[],"product_brand":[1620],"product_cat":[1637,1623,1714],"product_tag":[],"class_list":{"0":"post-274329","1":"product","2":"type-product","3":"status-publish","4":"has-post-thumbnail","6":"product_brand-dolce-gabbana","7":"product_cat-frauen-kleidung","8":"product_cat-kleidung","9":"product_cat-oberteile-t-shirts","11":"first","12":"instock","13":"sale","14":"taxable","15":"shipping-taxable","16":"purchasable","17":"product-type-variable"},"_links":{"self":[{"href":"https:\/\/tpmadalina42.supserv.cozmoslabs.com\/fi\/wp-json\/wp\/v2\/product\/274329","targetHints":{"allow":["GET"]}}],"collection":[{"href":"https:\/\/tpmadalina42.supserv.cozmoslabs.com\/fi\/wp-json\/wp\/v2\/product"}],"about":[{"href":"https:\/\/tpmadalina42.supserv.cozmoslabs.com\/fi\/wp-json\/wp\/v2\/types\/product"}],"wp:featuredmedia":[{"embeddable":true,"href":"https:\/\/tpmadalina42.supserv.cozmoslabs.com\/fi\/wp-json\/wp\/v2\/media\/274321"}],"wp:attachment":[{"href":"https:\/\/tpmadalina42.supserv.cozmoslabs.com\/fi\/wp-json\/wp\/v2\/media?parent=274329"}],"wp:term":[{"taxonomy":"product_brand","embeddable":true,"href":"https:\/\/tpmadalina42.supserv.cozmoslabs.com\/fi\/wp-json\/wp\/v2\/product_brand?post=274329"},{"taxonomy":"product_cat","embeddable":true,"href":"https:\/\/tpmadalina42.supserv.cozmoslabs.com\/fi\/wp-json\/wp\/v2\/product_cat?post=274329"},{"taxonomy":"product_tag","embeddable":true,"href":"https:\/\/tpmadalina42.supserv.cozmoslabs.com\/fi\/wp-json\/wp\/v2\/product_tag?post=274329"}],"curies":[{"name":"wp","href":"https:\/\/api.w.org\/{rel}","templated":true}]}}