{"id":274715,"date":"2024-09-11T02:52:32","date_gmt":"2024-09-11T09:52:32","guid":{"rendered":"https:\/\/glandine.com\/product\/dolce-gabbana-kastanienbraunes-bedrucktes-t-shirt-mit-rundhalsausschnitt-baumwoll-t-shirt\/"},"modified":"2024-12-01T08:13:33","modified_gmt":"2024-12-01T07:13:33","slug":"dolce-gabbana-kastanienbraunes-bedrucktes-t-shirt-mit-rundhalsausschnitt-baumwoll-t-shirt","status":"publish","type":"product","link":"https:\/\/tpmadalina42.supserv.cozmoslabs.com\/fi\/tuote-2\/dolce-gabbana-kastanienbraunes-bedrucktes-t-shirt-mit-rundhalsausschnitt-baumwoll-t-shirt\/","title":{"rendered":"Dolce &amp; Gabbana Kastanienbraunes bedrucktes T-Shirt mit Rundhalsausschnitt Baumwoll-T-Shirt"},"content":{"rendered":"<p>DOLCE &amp; GABBANA<\/p>\n<p>Absolut atemberaubend, 100% authentisch, brandneu mit Tags Dolce &amp; Gabbana T-Shirt mit Logo-Print aus Baumwolle gefertigt verf\u00fcgt \u00fcber kurze \u00c4rmel und Rundhalsausschnitt.<br \/>\nModell: Crewneck Kurzarm-T-Shirt<br \/>\nFarbe: Kastanienbraun<br \/>\nMateriaali: 100% puuvilla<br \/>\nIstuvuus: Normaali istuvuus<br \/>\nLogon yksityiskohdat<br \/>\nValmistettu Italiassa<\/p>\n<p><strong>Dieser Artikel hat einen kleinen Fehler, er hat Verf\u00e4rbungen auf der Vorderseite (siehe Bilder f\u00fcr Details). <\/strong><\/p>","protected":false},"excerpt":{"rendered":"<p>DOLCE &amp; GABBANA Absolut atemberaubend, 100% authentisch, brandneu mit Tags Dolce &amp; Gabbana T-Shirt mit Logo-Print aus Baumwolle gefertigt verf\u00fcgt \u00fcber kurze \u00c4rmel und Rundhalsausschnitt. Modell: Crewneck Kurzarm-T-Shirt Farbe: Kastanienbraun Material: 100% Baumwolle Passform: Normale Passform Logo-Details Hergestellt in Italien Dieser Artikel hat einen kleinen Fehler, er hat Verf\u00e4rbungen auf der Vorderseite (siehe Bilder f\u00fcr [&hellip;]<\/p>","protected":false},"featured_media":274707,"template":"","meta":[],"product_brand":[1620],"product_cat":[1633,1623,1710],"product_tag":[],"class_list":{"0":"post-274715","1":"product","2":"type-product","3":"status-publish","4":"has-post-thumbnail","6":"product_brand-dolce-gabbana","7":"product_cat-maenner-kleidung","8":"product_cat-kleidung","9":"product_cat-t-shirts","11":"first","12":"instock","13":"sale","14":"taxable","15":"shipping-taxable","16":"purchasable","17":"product-type-variable"},"_links":{"self":[{"href":"https:\/\/tpmadalina42.supserv.cozmoslabs.com\/fi\/wp-json\/wp\/v2\/product\/274715","targetHints":{"allow":["GET"]}}],"collection":[{"href":"https:\/\/tpmadalina42.supserv.cozmoslabs.com\/fi\/wp-json\/wp\/v2\/product"}],"about":[{"href":"https:\/\/tpmadalina42.supserv.cozmoslabs.com\/fi\/wp-json\/wp\/v2\/types\/product"}],"wp:featuredmedia":[{"embeddable":true,"href":"https:\/\/tpmadalina42.supserv.cozmoslabs.com\/fi\/wp-json\/wp\/v2\/media\/274707"}],"wp:attachment":[{"href":"https:\/\/tpmadalina42.supserv.cozmoslabs.com\/fi\/wp-json\/wp\/v2\/media?parent=274715"}],"wp:term":[{"taxonomy":"product_brand","embeddable":true,"href":"https:\/\/tpmadalina42.supserv.cozmoslabs.com\/fi\/wp-json\/wp\/v2\/product_brand?post=274715"},{"taxonomy":"product_cat","embeddable":true,"href":"https:\/\/tpmadalina42.supserv.cozmoslabs.com\/fi\/wp-json\/wp\/v2\/product_cat?post=274715"},{"taxonomy":"product_tag","embeddable":true,"href":"https:\/\/tpmadalina42.supserv.cozmoslabs.com\/fi\/wp-json\/wp\/v2\/product_tag?post=274715"}],"curies":[{"name":"wp","href":"https:\/\/api.w.org\/{rel}","templated":true}]}}