{"id":274770,"date":"2024-09-11T03:14:31","date_gmt":"2024-09-11T10:14:31","guid":{"rendered":"https:\/\/glandine.com\/product\/dolce-gabbana-graues-polohemd-mit-kragen-aus-seide-t-shirt\/"},"modified":"2024-12-01T08:13:58","modified_gmt":"2024-12-01T07:13:58","slug":"dolce-gabbana-graues-polohemd-mit-kragen-aus-seide-t-shirt","status":"publish","type":"product","link":"https:\/\/tpmadalina42.supserv.cozmoslabs.com\/fi\/tuote-2\/dolce-gabbana-graues-polohemd-mit-kragen-aus-seide-t-shirt\/","title":{"rendered":"Dolce &amp; Gabbana Graues Polohemd mit Kragen aus Seide T-Shirt"},"content":{"rendered":"<p>DOLCE &amp; GABBANA<\/p>\n<p>Gorgeous brandneue mit Tags 100% Authentic Dolce &amp; Gabbana Gray Kragen Poloshirt. Hergestellt aus Seide. Es verf\u00fcgt \u00fcber kurze \u00c4rmel und eine Brusttasche.<br \/>\nModell: Polohemd mit Kragen und kurzen \u00c4rmeln<br \/>\nV\u00e4ri: Harmaa<br \/>\nMateriaali: 100% silkki<br \/>\nIstuvuus: Normaali istuvuus<br \/>\nLogon yksityiskohdat<br \/>\nValmistettu Italiassa<\/p>\n<p><strong>Dieser Artikel hat einen kleinen Defekt, er hat einen gezogenen Faden und einen reparierten Riss auf der linken Brust (siehe Bilder f\u00fcr Details).<\/strong><\/p>","protected":false},"excerpt":{"rendered":"<p>DOLCE &amp; GABBANA Gorgeous brandneue mit Tags 100% Authentic Dolce &amp; Gabbana Gray Kragen Poloshirt. Hergestellt aus Seide. Es verf\u00fcgt \u00fcber kurze \u00c4rmel und eine Brusttasche. Modell: Polohemd mit Kragen und kurzen \u00c4rmeln Farbe: Grau Material: 100% Seide Passform: Normale Passform Logo-Details Hergestellt in Italien Dieser Artikel hat einen kleinen Defekt, er hat einen gezogenen [&hellip;]<\/p>","protected":false},"featured_media":274763,"template":"","meta":[],"product_brand":[1620],"product_cat":[1633,1623,1710],"product_tag":[],"class_list":{"0":"post-274770","1":"product","2":"type-product","3":"status-publish","4":"has-post-thumbnail","6":"product_brand-dolce-gabbana","7":"product_cat-maenner-kleidung","8":"product_cat-kleidung","9":"product_cat-t-shirts","11":"first","12":"instock","13":"sale","14":"taxable","15":"shipping-taxable","16":"purchasable","17":"product-type-variable"},"_links":{"self":[{"href":"https:\/\/tpmadalina42.supserv.cozmoslabs.com\/fi\/wp-json\/wp\/v2\/product\/274770","targetHints":{"allow":["GET"]}}],"collection":[{"href":"https:\/\/tpmadalina42.supserv.cozmoslabs.com\/fi\/wp-json\/wp\/v2\/product"}],"about":[{"href":"https:\/\/tpmadalina42.supserv.cozmoslabs.com\/fi\/wp-json\/wp\/v2\/types\/product"}],"wp:featuredmedia":[{"embeddable":true,"href":"https:\/\/tpmadalina42.supserv.cozmoslabs.com\/fi\/wp-json\/wp\/v2\/media\/274763"}],"wp:attachment":[{"href":"https:\/\/tpmadalina42.supserv.cozmoslabs.com\/fi\/wp-json\/wp\/v2\/media?parent=274770"}],"wp:term":[{"taxonomy":"product_brand","embeddable":true,"href":"https:\/\/tpmadalina42.supserv.cozmoslabs.com\/fi\/wp-json\/wp\/v2\/product_brand?post=274770"},{"taxonomy":"product_cat","embeddable":true,"href":"https:\/\/tpmadalina42.supserv.cozmoslabs.com\/fi\/wp-json\/wp\/v2\/product_cat?post=274770"},{"taxonomy":"product_tag","embeddable":true,"href":"https:\/\/tpmadalina42.supserv.cozmoslabs.com\/fi\/wp-json\/wp\/v2\/product_tag?post=274770"}],"curies":[{"name":"wp","href":"https:\/\/api.w.org\/{rel}","templated":true}]}}