{"id":274995,"date":"2024-09-11T04:45:35","date_gmt":"2024-09-11T11:45:35","guid":{"rendered":"https:\/\/glandine.com\/product\/balenciaga-weisses-baumwoll-t-shirt-mit-rundhalsausschnitt-und-kurzen-aermeln-6\/"},"modified":"2024-12-01T08:02:09","modified_gmt":"2024-12-01T07:02:09","slug":"balenciaga-weisses-baumwoll-t-shirt-mit-rundhalsausschnitt-und-kurzen-aermeln-6","status":"publish","type":"product","link":"https:\/\/tpmadalina42.supserv.cozmoslabs.com\/fi\/tuote-2\/balenciaga-weisses-baumwoll-t-shirt-mit-rundhalsausschnitt-und-kurzen-aermeln-6\/","title":{"rendered":"Balenciaga Valkoinen puuvillainen t-paita, jossa py\u00f6re\u00e4 p\u00e4\u00e4ntie ja lyhyet hihat"},"content":{"rendered":"<p>BALENCIAGA<\/p>\n<p>Absolut atemberaubend, 100% authentisch, ganz neu mit Tags BALENCIAGA Baumwolle Rundhals-T-Shirt.<br \/>\nModell: Kurzarm-T-Shirt mit Rundhalsausschnitt<br \/>\nV\u00e4ri: Valkoinen<br \/>\nMateriaali: 100% puuvilla<br \/>\nLogon yksityiskohdat<br \/>\nHergestellt in Portugal<\/p>\n<p><strong>Dieser Artikel hat einen kleinen Fehler, es gibt Stiftflecken auf der Vorderseite (siehe Bilder f\u00fcr Details). <\/strong><\/p>","protected":false},"excerpt":{"rendered":"<p>BALENCIAGA Absolut atemberaubend, 100% authentisch, ganz neu mit Tags BALENCIAGA Baumwolle Rundhals-T-Shirt. Modell: Kurzarm-T-Shirt mit Rundhalsausschnitt Farbe: Wei\u00df Material: 100% Baumwolle Logo-Details Hergestellt in Portugal Dieser Artikel hat einen kleinen Fehler, es gibt Stiftflecken auf der Vorderseite (siehe Bilder f\u00fcr Details).<\/p>","protected":false},"featured_media":274988,"template":"","meta":[],"product_brand":[2392],"product_cat":[1637,1623,1714],"product_tag":[],"class_list":{"0":"post-274995","1":"product","2":"type-product","3":"status-publish","4":"has-post-thumbnail","6":"product_brand-balenciaga","7":"product_cat-frauen-kleidung","8":"product_cat-kleidung","9":"product_cat-oberteile-t-shirts","11":"first","12":"instock","13":"sale","14":"taxable","15":"shipping-taxable","16":"purchasable","17":"product-type-variable"},"_links":{"self":[{"href":"https:\/\/tpmadalina42.supserv.cozmoslabs.com\/fi\/wp-json\/wp\/v2\/product\/274995","targetHints":{"allow":["GET"]}}],"collection":[{"href":"https:\/\/tpmadalina42.supserv.cozmoslabs.com\/fi\/wp-json\/wp\/v2\/product"}],"about":[{"href":"https:\/\/tpmadalina42.supserv.cozmoslabs.com\/fi\/wp-json\/wp\/v2\/types\/product"}],"wp:featuredmedia":[{"embeddable":true,"href":"https:\/\/tpmadalina42.supserv.cozmoslabs.com\/fi\/wp-json\/wp\/v2\/media\/274988"}],"wp:attachment":[{"href":"https:\/\/tpmadalina42.supserv.cozmoslabs.com\/fi\/wp-json\/wp\/v2\/media?parent=274995"}],"wp:term":[{"taxonomy":"product_brand","embeddable":true,"href":"https:\/\/tpmadalina42.supserv.cozmoslabs.com\/fi\/wp-json\/wp\/v2\/product_brand?post=274995"},{"taxonomy":"product_cat","embeddable":true,"href":"https:\/\/tpmadalina42.supserv.cozmoslabs.com\/fi\/wp-json\/wp\/v2\/product_cat?post=274995"},{"taxonomy":"product_tag","embeddable":true,"href":"https:\/\/tpmadalina42.supserv.cozmoslabs.com\/fi\/wp-json\/wp\/v2\/product_tag?post=274995"}],"curies":[{"name":"wp","href":"https:\/\/api.w.org\/{rel}","templated":true}]}}