{"id":277222,"date":"2024-09-12T00:42:41","date_gmt":"2024-09-12T07:42:41","guid":{"rendered":"https:\/\/glandine.com\/product\/dolce-gabbana-marineblaues-polo-t-shirt-mit-kragen-und-kurzen-aermeln\/"},"modified":"2024-12-01T08:14:48","modified_gmt":"2024-12-01T07:14:48","slug":"dolce-gabbana-marineblaues-polo-t-shirt-mit-kragen-und-kurzen-aermeln","status":"publish","type":"product","link":"https:\/\/tpmadalina42.supserv.cozmoslabs.com\/fi\/tuote-2\/dolce-gabbana-marineblaues-polo-t-shirt-mit-kragen-und-kurzen-aermeln\/","title":{"rendered":"Dolce &amp; Gabbana Marineblaues Polo-T-Shirt mit Kragen und kurzen \u00c4rmeln"},"content":{"rendered":"<p>DOLCE &amp; GABBANA<\/p>\n<p>Absolut atemberaubend, 100% authentisch, brandneu mit Tags Dolce &amp; Gabbana Seide Polo-T-Shirt verf\u00fcgt \u00fcber einen Kragen, eine Brusttasche und kurze \u00c4rmel.<br \/>\nModell: Kragen-T-Shirt<br \/>\nFarbe: Marineblau<br \/>\nMateriaali: 100% silkki<br \/>\nLogon yksityiskohdat<br \/>\nValmistettu Italiassa<\/p>\n<p><strong>Dieser Artikel hat einen kleinen Fehler, es gibt gezogene F\u00e4den auf der Vorderseite (siehe Bilder f\u00fcr Details). <\/strong><\/p>","protected":false},"excerpt":{"rendered":"<p>DOLCE &amp; GABBANA Absolut atemberaubend, 100% authentisch, brandneu mit Tags Dolce &amp; Gabbana Seide Polo-T-Shirt verf\u00fcgt \u00fcber einen Kragen, eine Brusttasche und kurze \u00c4rmel. Modell: Kragen-T-Shirt Farbe: Marineblau Material: 100% Seide Logo-Details Hergestellt in Italien Dieser Artikel hat einen kleinen Fehler, es gibt gezogene F\u00e4den auf der Vorderseite (siehe Bilder f\u00fcr Details).<\/p>","protected":false},"featured_media":277214,"template":"","meta":[],"product_brand":[1620],"product_cat":[1633,1623,1710],"product_tag":[],"class_list":{"0":"post-277222","1":"product","2":"type-product","3":"status-publish","4":"has-post-thumbnail","6":"product_brand-dolce-gabbana","7":"product_cat-maenner-kleidung","8":"product_cat-kleidung","9":"product_cat-t-shirts","11":"first","12":"instock","13":"sale","14":"taxable","15":"shipping-taxable","16":"purchasable","17":"product-type-variable"},"_links":{"self":[{"href":"https:\/\/tpmadalina42.supserv.cozmoslabs.com\/fi\/wp-json\/wp\/v2\/product\/277222","targetHints":{"allow":["GET"]}}],"collection":[{"href":"https:\/\/tpmadalina42.supserv.cozmoslabs.com\/fi\/wp-json\/wp\/v2\/product"}],"about":[{"href":"https:\/\/tpmadalina42.supserv.cozmoslabs.com\/fi\/wp-json\/wp\/v2\/types\/product"}],"wp:featuredmedia":[{"embeddable":true,"href":"https:\/\/tpmadalina42.supserv.cozmoslabs.com\/fi\/wp-json\/wp\/v2\/media\/277214"}],"wp:attachment":[{"href":"https:\/\/tpmadalina42.supserv.cozmoslabs.com\/fi\/wp-json\/wp\/v2\/media?parent=277222"}],"wp:term":[{"taxonomy":"product_brand","embeddable":true,"href":"https:\/\/tpmadalina42.supserv.cozmoslabs.com\/fi\/wp-json\/wp\/v2\/product_brand?post=277222"},{"taxonomy":"product_cat","embeddable":true,"href":"https:\/\/tpmadalina42.supserv.cozmoslabs.com\/fi\/wp-json\/wp\/v2\/product_cat?post=277222"},{"taxonomy":"product_tag","embeddable":true,"href":"https:\/\/tpmadalina42.supserv.cozmoslabs.com\/fi\/wp-json\/wp\/v2\/product_tag?post=277222"}],"curies":[{"name":"wp","href":"https:\/\/api.w.org\/{rel}","templated":true}]}}