{"id":277448,"date":"2024-09-12T01:12:55","date_gmt":"2024-09-12T08:12:55","guid":{"rendered":"https:\/\/glandine.com\/product\/dolce-gabbana-weisses-logo-baumwoll-rundhals-t-shirt-mit-kurzen-aermeln\/"},"modified":"2024-12-01T08:19:16","modified_gmt":"2024-12-01T07:19:16","slug":"dolce-gabbana-weisses-logo-baumwoll-rundhals-t-shirt-mit-kurzen-aermeln","status":"publish","type":"product","link":"https:\/\/tpmadalina42.supserv.cozmoslabs.com\/fi\/tuote-2\/dolce-gabbana-weisses-logo-baumwoll-rundhals-t-shirt-mit-kurzen-aermeln\/","title":{"rendered":"Dolce &amp; Gabbana White Logo Cotton Crew Neck lyhythihainen T-paita"},"content":{"rendered":"<p>DOLCE &amp; GABBANA<\/p>\n<p>Absolut atemberaubend, 100% authentisch, brandneu mit Tags Dolce &amp; Gabbana Baumwoll-T-Shirt mit grafischen Druck verf\u00fcgt \u00fcber einen Rundhalsausschnitt und kurze \u00c4rmel.<br \/>\nModell: Rundhals-T-Shirt<br \/>\nV\u00e4ri: Valkoinen<br \/>\nMateriaali: 100% puuvilla<br \/>\nLogon yksityiskohdat<br \/>\nValmistettu Italiassa<\/p>\n<p><strong>Dieser Artikel hat einen kleinen Fehler, es gibt reparierte L\u00f6cher auf der Vorderseite (siehe Bilder f\u00fcr Details).<\/strong><\/p>","protected":false},"excerpt":{"rendered":"<p>DOLCE &amp; GABBANA Absolut atemberaubend, 100% authentisch, brandneu mit Tags Dolce &amp; Gabbana Baumwoll-T-Shirt mit grafischen Druck verf\u00fcgt \u00fcber einen Rundhalsausschnitt und kurze \u00c4rmel. Modell: Rundhals-T-Shirt Farbe: Wei\u00df Material: 100% Baumwolle Logo-Details Hergestellt in Italien Dieser Artikel hat einen kleinen Fehler, es gibt reparierte L\u00f6cher auf der Vorderseite (siehe Bilder f\u00fcr Details).<\/p>","protected":false},"featured_media":277441,"template":"","meta":[],"product_brand":[1620],"product_cat":[1633,1623,1710],"product_tag":[],"class_list":{"0":"post-277448","1":"product","2":"type-product","3":"status-publish","4":"has-post-thumbnail","6":"product_brand-dolce-gabbana","7":"product_cat-maenner-kleidung","8":"product_cat-kleidung","9":"product_cat-t-shirts","11":"first","12":"instock","13":"sale","14":"taxable","15":"shipping-taxable","16":"purchasable","17":"product-type-variable"},"_links":{"self":[{"href":"https:\/\/tpmadalina42.supserv.cozmoslabs.com\/fi\/wp-json\/wp\/v2\/product\/277448","targetHints":{"allow":["GET"]}}],"collection":[{"href":"https:\/\/tpmadalina42.supserv.cozmoslabs.com\/fi\/wp-json\/wp\/v2\/product"}],"about":[{"href":"https:\/\/tpmadalina42.supserv.cozmoslabs.com\/fi\/wp-json\/wp\/v2\/types\/product"}],"wp:featuredmedia":[{"embeddable":true,"href":"https:\/\/tpmadalina42.supserv.cozmoslabs.com\/fi\/wp-json\/wp\/v2\/media\/277441"}],"wp:attachment":[{"href":"https:\/\/tpmadalina42.supserv.cozmoslabs.com\/fi\/wp-json\/wp\/v2\/media?parent=277448"}],"wp:term":[{"taxonomy":"product_brand","embeddable":true,"href":"https:\/\/tpmadalina42.supserv.cozmoslabs.com\/fi\/wp-json\/wp\/v2\/product_brand?post=277448"},{"taxonomy":"product_cat","embeddable":true,"href":"https:\/\/tpmadalina42.supserv.cozmoslabs.com\/fi\/wp-json\/wp\/v2\/product_cat?post=277448"},{"taxonomy":"product_tag","embeddable":true,"href":"https:\/\/tpmadalina42.supserv.cozmoslabs.com\/fi\/wp-json\/wp\/v2\/product_tag?post=277448"}],"curies":[{"name":"wp","href":"https:\/\/api.w.org\/{rel}","templated":true}]}}