{"id":277480,"date":"2024-09-12T01:18:48","date_gmt":"2024-09-12T08:18:48","guid":{"rendered":"https:\/\/glandine.com\/product\/dolce-gabbana-weisses-t-shirt-mit-rundhalsausschnitt-und-kurzen-aermeln-mit-logo-praegung\/"},"modified":"2024-12-01T08:19:35","modified_gmt":"2024-12-01T07:19:35","slug":"dolce-gabbana-weisses-t-shirt-mit-rundhalsausschnitt-und-kurzen-aermeln-mit-logo-praegung","status":"publish","type":"product","link":"https:\/\/tpmadalina42.supserv.cozmoslabs.com\/fi\/tuote-2\/dolce-gabbana-weisses-t-shirt-mit-rundhalsausschnitt-und-kurzen-aermeln-mit-logo-praegung\/","title":{"rendered":"Dolce &amp; Gabbana Wei\u00dfes T-Shirt mit Rundhalsausschnitt und kurzen \u00c4rmeln mit Logo-Pr\u00e4gung"},"content":{"rendered":"<p>DOLCE &amp; GABBANA<\/p>\n<p>Gorgeous brandneue mit Tags 100% Authentic Dolce &amp; Gabbana Baumwolle Rundhals-T-Shirt mit gepr\u00e4gtem Logo.<br \/>\nModell: Kurzarm-T-Shirt mit Rundhalsausschnitt<br \/>\nV\u00e4ri: Valkoinen<br \/>\nMateriaali: 100% puuvilla<br \/>\nIstuvuus: Normaali istuvuus<br \/>\nLogon yksityiskohdat<br \/>\nValmistettu Italiassa<\/p>\n<p><strong>Dieser Artikel hat einen kleinen Fehler, es gibt L\u00f6cher auf dem linken \u00c4rmel (siehe Bilder f\u00fcr Details).<\/strong><\/p>","protected":false},"excerpt":{"rendered":"<p>DOLCE &amp; GABBANA Gorgeous brandneue mit Tags 100% Authentic Dolce &amp; Gabbana Baumwolle Rundhals-T-Shirt mit gepr\u00e4gtem Logo. Modell: Kurzarm-T-Shirt mit Rundhalsausschnitt Farbe: Wei\u00df Material: 100% Baumwolle Passform: Normale Passform Logo-Details Hergestellt in Italien Dieser Artikel hat einen kleinen Fehler, es gibt L\u00f6cher auf dem linken \u00c4rmel (siehe Bilder f\u00fcr Details).<\/p>","protected":false},"featured_media":277472,"template":"","meta":[],"product_brand":[1620],"product_cat":[1633,1623,1710],"product_tag":[],"class_list":{"0":"post-277480","1":"product","2":"type-product","3":"status-publish","4":"has-post-thumbnail","6":"product_brand-dolce-gabbana","7":"product_cat-maenner-kleidung","8":"product_cat-kleidung","9":"product_cat-t-shirts","11":"first","12":"instock","13":"sale","14":"taxable","15":"shipping-taxable","16":"purchasable","17":"product-type-variable"},"_links":{"self":[{"href":"https:\/\/tpmadalina42.supserv.cozmoslabs.com\/fi\/wp-json\/wp\/v2\/product\/277480","targetHints":{"allow":["GET"]}}],"collection":[{"href":"https:\/\/tpmadalina42.supserv.cozmoslabs.com\/fi\/wp-json\/wp\/v2\/product"}],"about":[{"href":"https:\/\/tpmadalina42.supserv.cozmoslabs.com\/fi\/wp-json\/wp\/v2\/types\/product"}],"wp:featuredmedia":[{"embeddable":true,"href":"https:\/\/tpmadalina42.supserv.cozmoslabs.com\/fi\/wp-json\/wp\/v2\/media\/277472"}],"wp:attachment":[{"href":"https:\/\/tpmadalina42.supserv.cozmoslabs.com\/fi\/wp-json\/wp\/v2\/media?parent=277480"}],"wp:term":[{"taxonomy":"product_brand","embeddable":true,"href":"https:\/\/tpmadalina42.supserv.cozmoslabs.com\/fi\/wp-json\/wp\/v2\/product_brand?post=277480"},{"taxonomy":"product_cat","embeddable":true,"href":"https:\/\/tpmadalina42.supserv.cozmoslabs.com\/fi\/wp-json\/wp\/v2\/product_cat?post=277480"},{"taxonomy":"product_tag","embeddable":true,"href":"https:\/\/tpmadalina42.supserv.cozmoslabs.com\/fi\/wp-json\/wp\/v2\/product_tag?post=277480"}],"curies":[{"name":"wp","href":"https:\/\/api.w.org\/{rel}","templated":true}]}}