{"id":278144,"date":"2024-09-12T08:04:09","date_gmt":"2024-09-12T15:04:09","guid":{"rendered":"https:\/\/glandine.com\/product\/dolce-gabbana-eleganter-taillenguertel-mit-floraler-rose-in-leuchtendem-rot\/"},"modified":"2024-11-29T16:53:10","modified_gmt":"2024-11-29T15:53:10","slug":"dolce-gabbana-eleganter-taillenguertel-mit-floraler-rose-in-leuchtendem-rot","status":"publish","type":"product","link":"https:\/\/tpmadalina42.supserv.cozmoslabs.com\/fi\/tuote-2\/dolce-gabbana-eleganter-taillenguertel-mit-floraler-rose-in-leuchtendem-rot\/","title":{"rendered":"Dolce &amp; Gabbana Eleganter Tailleng\u00fcrtel mit floraler Rose in leuchtendem Rot"},"content":{"rendered":"<p>Akzentuieren Sie Ihre Silhouette mit dem Luxus von Dolce &amp; Gabbana, mit einem exquisiten Floral Roses Tailleng\u00fcrtel. Dieses atemberaubende Accessoire ist brandneu und bietet eine sensationelle Mischung aus Praktikabilit\u00e4t und modischer Attraktivit\u00e4t. Der in Italien entworfene G\u00fcrtel verleiht jedem Ensemble einen Hauch von Opulenz und betont Ihre Taille mit seiner leuchtend roten Farbe und den silbernen Metallakzenten. Er ist ein ideales Accessoire f\u00fcr alle, die Wert auf die Feinheiten ihrer Garderobe legen. Nehmen Sie diesen G\u00fcrtel in Ihre Kollektion auf und genie\u00dfen Sie die Eleganz, die er Ihrem Stil verleiht.<\/p>\n<ul>\n<li>Material: 71% Messing, 20% Leder, 9% Harz<\/li>\n<li>Farbe: Rot mit silbernen Metallverzierungen<\/li>\n<li>Motiv: Florale Rosen<\/li>\n<li>Logon yksityiskohdat<\/li>\n<li>Valmistettu Italiassa<\/li>\n<\/ul>","protected":false},"excerpt":{"rendered":"<p>Akzentuieren Sie Ihre Silhouette mit dem Luxus von Dolce &amp; Gabbana, mit einem exquisiten Floral Roses Tailleng\u00fcrtel. Dieses atemberaubende Accessoire ist brandneu und bietet eine sensationelle Mischung aus Praktikabilit\u00e4t und modischer Attraktivit\u00e4t. Der in Italien entworfene G\u00fcrtel verleiht jedem Ensemble einen Hauch von Opulenz und betont Ihre Taille mit seiner leuchtend roten Farbe und den [&hellip;]<\/p>","protected":false},"featured_media":278139,"template":"","meta":[],"product_brand":[1620],"product_cat":[1621,1632,1652],"product_tag":[],"class_list":{"0":"post-278144","1":"product","2":"type-product","3":"status-publish","4":"has-post-thumbnail","6":"product_brand-dolce-gabbana","7":"product_cat-accessoire","8":"product_cat-frauen-zubehoer","9":"product_cat-guertel-frauen-zubehoer","11":"first","12":"instock","13":"sale","14":"taxable","15":"shipping-taxable","16":"purchasable","17":"product-type-variable"},"_links":{"self":[{"href":"https:\/\/tpmadalina42.supserv.cozmoslabs.com\/fi\/wp-json\/wp\/v2\/product\/278144","targetHints":{"allow":["GET"]}}],"collection":[{"href":"https:\/\/tpmadalina42.supserv.cozmoslabs.com\/fi\/wp-json\/wp\/v2\/product"}],"about":[{"href":"https:\/\/tpmadalina42.supserv.cozmoslabs.com\/fi\/wp-json\/wp\/v2\/types\/product"}],"wp:featuredmedia":[{"embeddable":true,"href":"https:\/\/tpmadalina42.supserv.cozmoslabs.com\/fi\/wp-json\/wp\/v2\/media\/278139"}],"wp:attachment":[{"href":"https:\/\/tpmadalina42.supserv.cozmoslabs.com\/fi\/wp-json\/wp\/v2\/media?parent=278144"}],"wp:term":[{"taxonomy":"product_brand","embeddable":true,"href":"https:\/\/tpmadalina42.supserv.cozmoslabs.com\/fi\/wp-json\/wp\/v2\/product_brand?post=278144"},{"taxonomy":"product_cat","embeddable":true,"href":"https:\/\/tpmadalina42.supserv.cozmoslabs.com\/fi\/wp-json\/wp\/v2\/product_cat?post=278144"},{"taxonomy":"product_tag","embeddable":true,"href":"https:\/\/tpmadalina42.supserv.cozmoslabs.com\/fi\/wp-json\/wp\/v2\/product_tag?post=278144"}],"curies":[{"name":"wp","href":"https:\/\/api.w.org\/{rel}","templated":true}]}}