{"id":278262,"date":"2024-09-12T17:49:44","date_gmt":"2024-09-12T15:49:44","guid":{"rendered":"https:\/\/glandine.com\/product\/jimmy-choo-glitzernde-slip-on-sneakers-silber-und-schwarz\/"},"modified":"2024-11-29T17:57:54","modified_gmt":"2024-11-29T16:57:54","slug":"jimmy-choo-glitzernde-slip-on-sneakers-silber-und-schwarz","status":"publish","type":"product","link":"https:\/\/tpmadalina42.supserv.cozmoslabs.com\/fi\/tuote-2\/jimmy-choo-glitzernde-slip-on-sneakers-silber-und-schwarz\/","title":{"rendered":"Jimmy Choo Glitzernde Slip-On Sneakers &#8211; Silber und Schwarz"},"content":{"rendered":"<p>Treten Sie ins Rampenlicht mit diesen <strong>Jimmy Choo &#8218;Hawaii\/F JLX&#8216; Glitter Fabric Sneakers<\/strong>. Diese wundersch\u00f6nen, brandneuen Slipper kommen komplett mit Etiketten, einem Staubbeutel und dem originalen Schuhkarton, was absolute Authentizit\u00e4t und Luxus garantiert. Mit seiner auff\u00e4lligen silbernen und schwarzen Farbgebung werden Ihre F\u00fc\u00dfe bei jedem Schritt gl\u00e4nzen. Egal, ob du dich f\u00fcr einen l\u00e4ssigen, schicken Look entscheidest oder dich f\u00fcr eine Nacht herausputzt, diese Sneakers versprechen, dein Ensemble aufzuwerten.<\/p>\n<ul>\n<li>V\u00e4ri: musta | Hopea<\/li>\n<li>Stil: Zum Hineinschl\u00fcpfen<\/li>\n<li>Alkuper\u00e4maa: SE<\/li>\n<\/ul>","protected":false},"excerpt":{"rendered":"<p>Treten Sie ins Rampenlicht mit diesen Jimmy Choo &#8218;Hawaii\/F JLX&#8216; Glitter Fabric Sneakers. Diese wundersch\u00f6nen, brandneuen Slipper kommen komplett mit Etiketten, einem Staubbeutel und dem originalen Schuhkarton, was absolute Authentizit\u00e4t und Luxus garantiert. Mit seiner auff\u00e4lligen silbernen und schwarzen Farbgebung werden Ihre F\u00fc\u00dfe bei jedem Schritt gl\u00e4nzen. Egal, ob du dich f\u00fcr einen l\u00e4ssigen, schicken [&hellip;]<\/p>","protected":false},"featured_media":278255,"template":"","meta":[],"product_brand":[2088],"product_cat":[1635,1624,1703],"product_tag":[],"class_list":{"0":"post-278262","1":"product","2":"type-product","3":"status-publish","4":"has-post-thumbnail","6":"product_brand-jimmy-choo","7":"product_cat-frauen-schuhe","8":"product_cat-schuhe","9":"product_cat-turnschuhe-frauen-schuhe","11":"first","12":"instock","13":"sale","14":"taxable","15":"shipping-taxable","16":"purchasable","17":"product-type-variable"},"_links":{"self":[{"href":"https:\/\/tpmadalina42.supserv.cozmoslabs.com\/fi\/wp-json\/wp\/v2\/product\/278262","targetHints":{"allow":["GET"]}}],"collection":[{"href":"https:\/\/tpmadalina42.supserv.cozmoslabs.com\/fi\/wp-json\/wp\/v2\/product"}],"about":[{"href":"https:\/\/tpmadalina42.supserv.cozmoslabs.com\/fi\/wp-json\/wp\/v2\/types\/product"}],"wp:featuredmedia":[{"embeddable":true,"href":"https:\/\/tpmadalina42.supserv.cozmoslabs.com\/fi\/wp-json\/wp\/v2\/media\/278255"}],"wp:attachment":[{"href":"https:\/\/tpmadalina42.supserv.cozmoslabs.com\/fi\/wp-json\/wp\/v2\/media?parent=278262"}],"wp:term":[{"taxonomy":"product_brand","embeddable":true,"href":"https:\/\/tpmadalina42.supserv.cozmoslabs.com\/fi\/wp-json\/wp\/v2\/product_brand?post=278262"},{"taxonomy":"product_cat","embeddable":true,"href":"https:\/\/tpmadalina42.supserv.cozmoslabs.com\/fi\/wp-json\/wp\/v2\/product_cat?post=278262"},{"taxonomy":"product_tag","embeddable":true,"href":"https:\/\/tpmadalina42.supserv.cozmoslabs.com\/fi\/wp-json\/wp\/v2\/product_tag?post=278262"}],"curies":[{"name":"wp","href":"https:\/\/api.w.org\/{rel}","templated":true}]}}