{"id":278702,"date":"2024-09-12T16:18:20","date_gmt":"2024-09-12T23:18:20","guid":{"rendered":"https:\/\/glandine.com\/product\/dolce-gabbana-elegante-beige-aal-leder-formale-flats\/"},"modified":"2024-11-29T22:33:54","modified_gmt":"2024-11-29T21:33:54","slug":"dolce-gabbana-elegante-beige-aal-leder-formale-flats","status":"publish","type":"product","link":"https:\/\/tpmadalina42.supserv.cozmoslabs.com\/fi\/tuote-2\/dolce-gabbana-elegante-beige-aal-leder-formale-flats\/","title":{"rendered":"Dolce &amp; Gabbana Elegante Beige Aal Leder Formale Flats"},"content":{"rendered":"<p>Betreten Sie den Luxus mit diesen exquisiten beigefarbenen formellen Flats von Dolce &amp; Gabbana. Fachm\u00e4nnisch aus 100 % Aalleder gefertigt, verk\u00f6rpern diese Flats Eleganz und Raffinesse, perfekt um jedes Ensemble aufzuwerten. Der Schn\u00fcrverschluss sorgt f\u00fcr einen traditionellen und doch schicken Touch und garantiert eine individuelle Passform. Mit ihren hochwertigen Ledersohlen bieten diese Flats unvergleichliche Qualit\u00e4t und Komfort, ein Zeugnis italienischer Handwerkskunst. In diesen Schuhen von Dolce &amp; Gabbana k\u00f6nnen Sie sich darauf verlassen, dass Sie bei jeder gehobenen Veranstaltung oder im beruflichen Umfeld mit Anmut und Stil auftreten.<\/p>\n<ul>\n<li>Material: 100% Aalleder<\/li>\n<li>V\u00e4ri: beige<\/li>\n<li>Pohja: nahkaa<\/li>\n<li>Alkuper\u00e4maa: IT<\/li>\n<li>Logon yksityiskohdat<\/li>\n<\/ul>","protected":false},"excerpt":{"rendered":"<p>Betreten Sie den Luxus mit diesen exquisiten beigefarbenen formellen Flats von Dolce &amp; Gabbana. Fachm\u00e4nnisch aus 100 % Aalleder gefertigt, verk\u00f6rpern diese Flats Eleganz und Raffinesse, perfekt um jedes Ensemble aufzuwerten. Der Schn\u00fcrverschluss sorgt f\u00fcr einen traditionellen und doch schicken Touch und garantiert eine individuelle Passform. Mit ihren hochwertigen Ledersohlen bieten diese Flats unvergleichliche Qualit\u00e4t [&hellip;]<\/p>","protected":false},"featured_media":278694,"template":"","meta":[],"product_brand":[1620],"product_cat":[1635,1660,1624],"product_tag":[],"class_list":{"0":"post-278702","1":"product","2":"type-product","3":"status-publish","4":"has-post-thumbnail","6":"product_brand-dolce-gabbana","7":"product_cat-frauen-schuhe","8":"product_cat-flache-schuhe","9":"product_cat-schuhe","11":"first","12":"instock","13":"sale","14":"taxable","15":"shipping-taxable","16":"purchasable","17":"product-type-variable"},"_links":{"self":[{"href":"https:\/\/tpmadalina42.supserv.cozmoslabs.com\/fi\/wp-json\/wp\/v2\/product\/278702","targetHints":{"allow":["GET"]}}],"collection":[{"href":"https:\/\/tpmadalina42.supserv.cozmoslabs.com\/fi\/wp-json\/wp\/v2\/product"}],"about":[{"href":"https:\/\/tpmadalina42.supserv.cozmoslabs.com\/fi\/wp-json\/wp\/v2\/types\/product"}],"wp:featuredmedia":[{"embeddable":true,"href":"https:\/\/tpmadalina42.supserv.cozmoslabs.com\/fi\/wp-json\/wp\/v2\/media\/278694"}],"wp:attachment":[{"href":"https:\/\/tpmadalina42.supserv.cozmoslabs.com\/fi\/wp-json\/wp\/v2\/media?parent=278702"}],"wp:term":[{"taxonomy":"product_brand","embeddable":true,"href":"https:\/\/tpmadalina42.supserv.cozmoslabs.com\/fi\/wp-json\/wp\/v2\/product_brand?post=278702"},{"taxonomy":"product_cat","embeddable":true,"href":"https:\/\/tpmadalina42.supserv.cozmoslabs.com\/fi\/wp-json\/wp\/v2\/product_cat?post=278702"},{"taxonomy":"product_tag","embeddable":true,"href":"https:\/\/tpmadalina42.supserv.cozmoslabs.com\/fi\/wp-json\/wp\/v2\/product_tag?post=278702"}],"curies":[{"name":"wp","href":"https:\/\/api.w.org\/{rel}","templated":true}]}}