{"id":278827,"date":"2024-09-12T16:23:41","date_gmt":"2024-09-12T23:23:41","guid":{"rendered":"https:\/\/glandine.com\/product\/dolce-gabbana-elegante-mesh-t-strap-stiletto-pumps\/"},"modified":"2024-11-29T22:35:57","modified_gmt":"2024-11-29T21:35:57","slug":"dolce-gabbana-elegante-mesh-t-strap-stiletto-pumps","status":"publish","type":"product","link":"https:\/\/tpmadalina42.supserv.cozmoslabs.com\/fi\/tuote-2\/dolce-gabbana-elegante-mesh-t-strap-stiletto-pumps\/","title":{"rendered":"Dolce &amp; Gabbana Elegante Mesh T-Strap Stiletto Pumps"},"content":{"rendered":"<p>Treten Sie ein in den Luxus mit diesen exquisiten Dolce &amp; Gabbana Mesh T-Riemen-Pumps. Brandneu mit Etikett, diese Fersen r\u00fchmen eine elegante Mandel Zehe, hohen Stilettoabsatz, und die gl\u00e4nzende Attraktivit\u00e4t von hochwertigen Materialien, die italienische Handwerkskunst zu definieren. Perfekt f\u00fcr jede gehobene Veranstaltung oder einen Hauch von Raffinesse zu Ihrem Business-Kleidung.<\/p>\n<ul>\n<li>V\u00e4ri: Musta<\/li>\n<li>Material: Leder, Mesh<\/li>\n<li>Pohja: nahkaa<\/li>\n<li>Alkuper\u00e4maa: IT<\/li>\n<li>Logon yksityiskohdat<\/li>\n<\/ul>","protected":false},"excerpt":{"rendered":"<p>Treten Sie ein in den Luxus mit diesen exquisiten Dolce &amp; Gabbana Mesh T-Riemen-Pumps. Brandneu mit Etikett, diese Fersen r\u00fchmen eine elegante Mandel Zehe, hohen Stilettoabsatz, und die gl\u00e4nzende Attraktivit\u00e4t von hochwertigen Materialien, die italienische Handwerkskunst zu definieren. Perfekt f\u00fcr jede gehobene Veranstaltung oder einen Hauch von Raffinesse zu Ihrem Business-Kleidung. Farbe: Schwarz Material: Leder, [&hellip;]<\/p>","protected":false},"featured_media":278820,"template":"","meta":[],"product_brand":[1620],"product_cat":[1635,1688,1624],"product_tag":[],"class_list":{"0":"post-278827","1":"product","2":"type-product","3":"status-publish","4":"has-post-thumbnail","6":"product_brand-dolce-gabbana","7":"product_cat-frauen-schuhe","8":"product_cat-pumpen","9":"product_cat-schuhe","11":"first","12":"instock","13":"sale","14":"taxable","15":"shipping-taxable","16":"purchasable","17":"product-type-variable"},"_links":{"self":[{"href":"https:\/\/tpmadalina42.supserv.cozmoslabs.com\/fi\/wp-json\/wp\/v2\/product\/278827","targetHints":{"allow":["GET"]}}],"collection":[{"href":"https:\/\/tpmadalina42.supserv.cozmoslabs.com\/fi\/wp-json\/wp\/v2\/product"}],"about":[{"href":"https:\/\/tpmadalina42.supserv.cozmoslabs.com\/fi\/wp-json\/wp\/v2\/types\/product"}],"wp:featuredmedia":[{"embeddable":true,"href":"https:\/\/tpmadalina42.supserv.cozmoslabs.com\/fi\/wp-json\/wp\/v2\/media\/278820"}],"wp:attachment":[{"href":"https:\/\/tpmadalina42.supserv.cozmoslabs.com\/fi\/wp-json\/wp\/v2\/media?parent=278827"}],"wp:term":[{"taxonomy":"product_brand","embeddable":true,"href":"https:\/\/tpmadalina42.supserv.cozmoslabs.com\/fi\/wp-json\/wp\/v2\/product_brand?post=278827"},{"taxonomy":"product_cat","embeddable":true,"href":"https:\/\/tpmadalina42.supserv.cozmoslabs.com\/fi\/wp-json\/wp\/v2\/product_cat?post=278827"},{"taxonomy":"product_tag","embeddable":true,"href":"https:\/\/tpmadalina42.supserv.cozmoslabs.com\/fi\/wp-json\/wp\/v2\/product_tag?post=278827"}],"curies":[{"name":"wp","href":"https:\/\/api.w.org\/{rel}","templated":true}]}}