{"id":279671,"date":"2024-09-12T17:36:30","date_gmt":"2024-09-13T00:36:30","guid":{"rendered":"https:\/\/glandine.com\/product\/dolce-gabbana-exotische-orange-krokoleder-schnuerschuhe\/"},"modified":"2024-11-30T00:16:49","modified_gmt":"2024-11-29T23:16:49","slug":"dolce-gabbana-exotische-orange-krokoleder-schnuerschuhe","status":"publish","type":"product","link":"https:\/\/tpmadalina42.supserv.cozmoslabs.com\/fi\/tuote-2\/dolce-gabbana-exotische-orange-krokoleder-schnuerschuhe\/","title":{"rendered":"Dolce &amp; Gabbana Exotische Orange Krokoleder Schn\u00fcrschuhe"},"content":{"rendered":"<p>Treten Sie mit Raffinesse auf mit diesen echten <strong>Dolce &amp; Gabbana-Schuhen<\/strong>. Gefertigt aus feinstem, 100% exotischem Krokodilleder in einem leuchtenden Orange, strahlen diese Schuhe Luxus und exklusive Seltenheit aus. Die sorgf\u00e4ltige italienische Handwerkskunst sorgt f\u00fcr perfekte N\u00e4hte und eine raffinierte Schn\u00fcrung vorne, w\u00e4hrend die Ledersohle f\u00fcr zeitlose Haltbarkeit und Stil sorgt. Mit dem kultigen Logo versehen, sind diese Schuhe ein Statement von Eleganz und Klasse. Perfekt f\u00fcr formelle Anl\u00e4sse oder um im Sitzungssaal Eindruck zu machen, sind diese Schuhe das Herzst\u00fcck eines jeden Outfits.<\/p>\n<ul>\n<li>V\u00e4ri: Oranssi<\/li>\n<li>Material: 100% exotische Haut Krokodilleder<\/li>\n<li>Pohja: nahkaa<\/li>\n<li>Alkuper\u00e4maa: Italia<\/li>\n<li>Logon yksityiskohdat<\/li>\n<\/ul>","protected":false},"excerpt":{"rendered":"<p>Treten Sie mit Raffinesse auf mit diesen echten Dolce &amp; Gabbana-Schuhen. Gefertigt aus feinstem, 100% exotischem Krokodilleder in einem leuchtenden Orange, strahlen diese Schuhe Luxus und exklusive Seltenheit aus. Die sorgf\u00e4ltige italienische Handwerkskunst sorgt f\u00fcr perfekte N\u00e4hte und eine raffinierte Schn\u00fcrung vorne, w\u00e4hrend die Ledersohle f\u00fcr zeitlose Haltbarkeit und Stil sorgt. Mit dem kultigen Logo [&hellip;]<\/p>","protected":false},"featured_media":279665,"template":"","meta":[],"product_brand":[1620],"product_cat":[1661,1634,1624],"product_tag":[],"class_list":{"0":"post-279671","1":"product","2":"type-product","3":"status-publish","4":"has-post-thumbnail","6":"product_brand-dolce-gabbana","7":"product_cat-formal","8":"product_cat-maenner-schuhe","9":"product_cat-schuhe","11":"first","12":"instock","13":"sale","14":"taxable","15":"shipping-taxable","16":"purchasable","17":"product-type-variable"},"_links":{"self":[{"href":"https:\/\/tpmadalina42.supserv.cozmoslabs.com\/fi\/wp-json\/wp\/v2\/product\/279671","targetHints":{"allow":["GET"]}}],"collection":[{"href":"https:\/\/tpmadalina42.supserv.cozmoslabs.com\/fi\/wp-json\/wp\/v2\/product"}],"about":[{"href":"https:\/\/tpmadalina42.supserv.cozmoslabs.com\/fi\/wp-json\/wp\/v2\/types\/product"}],"wp:featuredmedia":[{"embeddable":true,"href":"https:\/\/tpmadalina42.supserv.cozmoslabs.com\/fi\/wp-json\/wp\/v2\/media\/279665"}],"wp:attachment":[{"href":"https:\/\/tpmadalina42.supserv.cozmoslabs.com\/fi\/wp-json\/wp\/v2\/media?parent=279671"}],"wp:term":[{"taxonomy":"product_brand","embeddable":true,"href":"https:\/\/tpmadalina42.supserv.cozmoslabs.com\/fi\/wp-json\/wp\/v2\/product_brand?post=279671"},{"taxonomy":"product_cat","embeddable":true,"href":"https:\/\/tpmadalina42.supserv.cozmoslabs.com\/fi\/wp-json\/wp\/v2\/product_cat?post=279671"},{"taxonomy":"product_tag","embeddable":true,"href":"https:\/\/tpmadalina42.supserv.cozmoslabs.com\/fi\/wp-json\/wp\/v2\/product_tag?post=279671"}],"curies":[{"name":"wp","href":"https:\/\/api.w.org\/{rel}","templated":true}]}}