{"id":279742,"date":"2024-09-12T17:40:11","date_gmt":"2024-09-13T00:40:11","guid":{"rendered":"https:\/\/glandine.com\/product\/costume-national-monochromer-schal-aus-wollmischung-bandana\/"},"modified":"2024-11-30T00:18:47","modified_gmt":"2024-11-29T23:18:47","slug":"costume-national-monochromer-schal-aus-wollmischung-bandana","status":"publish","type":"product","link":"https:\/\/tpmadalina42.supserv.cozmoslabs.com\/fi\/tuote-2\/costume-national-monochromer-schal-aus-wollmischung-bandana\/","title":{"rendered":"Puku National Monochrome Wool Blend Huivi Bandana"},"content":{"rendered":"<p>G\u00f6nnen Sie sich italienische Eleganz mit diesem eleganten und raffinierten schwarz-wei\u00dfen Halstuch Bandana von Costume National. Perfekt f\u00fcr den modernen Mann, der seinem Outfit mit einem vielseitigen Accessoire, das sich auf verschiedene Weise stylen l\u00e4sst, einen Hauch von Chic verleihen m\u00f6chte.<\/p>\n<ul>\n<li>Merkki: Costume National<\/li>\n<li>Sukupuoli: Miehet<\/li>\n<li>Farbe: Schwarz mit wei\u00dfem Aufdruck<\/li>\n<li>Material: 20% Wolle, 80% Viskose<\/li>\n<li>Logon yksityiskohdat<\/li>\n<li>Valmistettu Italiassa<\/li>\n<li>Gr\u00f6\u00dfe: 65cm x 65cm<\/li>\n<\/ul>","protected":false},"excerpt":{"rendered":"<p>G\u00f6nnen Sie sich italienische Eleganz mit diesem eleganten und raffinierten schwarz-wei\u00dfen Halstuch Bandana von Costume National. Perfekt f\u00fcr den modernen Mann, der seinem Outfit mit einem vielseitigen Accessoire, das sich auf verschiedene Weise stylen l\u00e4sst, einen Hauch von Chic verleihen m\u00f6chte. Marke: Costume National Geschlecht: M\u00e4nner Farbe: Schwarz mit wei\u00dfem Aufdruck Material: 20% Wolle, 80% [&hellip;]<\/p>","protected":false},"featured_media":279737,"template":"","meta":[],"product_brand":[1790],"product_cat":[1621,1631,1693],"product_tag":[],"class_list":{"0":"post-279742","1":"product","2":"type-product","3":"status-publish","4":"has-post-thumbnail","6":"product_brand-costume-national","7":"product_cat-accessoire","8":"product_cat-maenner-zubehoer","9":"product_cat-schals","11":"first","12":"instock","13":"sale","14":"taxable","15":"shipping-taxable","16":"purchasable","17":"product-type-simple"},"_links":{"self":[{"href":"https:\/\/tpmadalina42.supserv.cozmoslabs.com\/fi\/wp-json\/wp\/v2\/product\/279742","targetHints":{"allow":["GET"]}}],"collection":[{"href":"https:\/\/tpmadalina42.supserv.cozmoslabs.com\/fi\/wp-json\/wp\/v2\/product"}],"about":[{"href":"https:\/\/tpmadalina42.supserv.cozmoslabs.com\/fi\/wp-json\/wp\/v2\/types\/product"}],"wp:featuredmedia":[{"embeddable":true,"href":"https:\/\/tpmadalina42.supserv.cozmoslabs.com\/fi\/wp-json\/wp\/v2\/media\/279737"}],"wp:attachment":[{"href":"https:\/\/tpmadalina42.supserv.cozmoslabs.com\/fi\/wp-json\/wp\/v2\/media?parent=279742"}],"wp:term":[{"taxonomy":"product_brand","embeddable":true,"href":"https:\/\/tpmadalina42.supserv.cozmoslabs.com\/fi\/wp-json\/wp\/v2\/product_brand?post=279742"},{"taxonomy":"product_cat","embeddable":true,"href":"https:\/\/tpmadalina42.supserv.cozmoslabs.com\/fi\/wp-json\/wp\/v2\/product_cat?post=279742"},{"taxonomy":"product_tag","embeddable":true,"href":"https:\/\/tpmadalina42.supserv.cozmoslabs.com\/fi\/wp-json\/wp\/v2\/product_tag?post=279742"}],"curies":[{"name":"wp","href":"https:\/\/api.w.org\/{rel}","templated":true}]}}