{"id":279750,"date":"2024-09-12T17:42:15","date_gmt":"2024-09-13T00:42:15","guid":{"rendered":"https:\/\/glandine.com\/product\/dolce-gabbana-multicolor-seidenmischung-plateau-heels\/"},"modified":"2024-12-11T10:46:00","modified_gmt":"2024-12-11T09:46:00","slug":"dolce-gabbana-multicolor-seidenmischung-plateau-heels","status":"publish","type":"product","link":"https:\/\/tpmadalina42.supserv.cozmoslabs.com\/fi\/tuote-2\/dolce-gabbana-multicolor-seidenmischung-plateau-heels\/","title":{"rendered":"Dolce &amp; Gabbana Multicolor Silk Blend alustakorkokeng\u00e4t"},"content":{"rendered":"<p>Treten Sie ein in den Luxus mit diesen atemberaubenden mehrfarbigen Plateau-Abs\u00e4tzen von Dolce &amp; Gabbana. Die in Italien gefertigten Sandalen strahlen Eleganz und High Fashion aus und garantieren nicht nur eine umwerfende \u00c4sthetik, sondern auch unvergleichliche Qualit\u00e4t und Komfort. Die aufwendige Materialmischung aus Seide und Leder verspricht eine einzigartige und lebendige Erg\u00e4nzung zu jedem Ensemble. Perfekt, um bei jeder Veranstaltung ein Statement abzugeben.<\/p>\n<ul>\n<li>Material: 40% Elastan, 1% Nylon, 45% Seide, 3% Viskose, 1% Leder, 10% Sughero<\/li>\n<li>Pohja: nahkaa<\/li>\n<li>V\u00e4ri: Moniv\u00e4rinen<\/li>\n<li>Alkuper\u00e4maa: IT<\/li>\n<li>Yksityiskohdat logosta<\/li>\n<\/ul>","protected":false},"excerpt":{"rendered":"<p>Treten Sie ein in den Luxus mit diesen atemberaubenden mehrfarbigen Plateau-Abs\u00e4tzen von Dolce &amp; Gabbana. Die in Italien gefertigten Sandalen strahlen Eleganz und High Fashion aus und garantieren nicht nur eine umwerfende \u00c4sthetik, sondern auch unvergleichliche Qualit\u00e4t und Komfort. Die aufwendige Materialmischung aus Seide und Leder verspricht eine einzigartige und lebendige Erg\u00e4nzung zu jedem Ensemble. [&hellip;]<\/p>","protected":false},"featured_media":279743,"template":"","meta":[],"product_brand":[1620],"product_cat":[1635,1687,1624],"product_tag":[],"class_list":{"0":"post-279750","1":"product","2":"type-product","3":"status-publish","4":"has-post-thumbnail","6":"product_brand-dolce-gabbana","7":"product_cat-frauen-schuhe","8":"product_cat-plateaus-keile","9":"product_cat-schuhe","11":"first","12":"instock","13":"sale","14":"taxable","15":"shipping-taxable","16":"purchasable","17":"product-type-variable"},"_links":{"self":[{"href":"https:\/\/tpmadalina42.supserv.cozmoslabs.com\/fi\/wp-json\/wp\/v2\/product\/279750","targetHints":{"allow":["GET"]}}],"collection":[{"href":"https:\/\/tpmadalina42.supserv.cozmoslabs.com\/fi\/wp-json\/wp\/v2\/product"}],"about":[{"href":"https:\/\/tpmadalina42.supserv.cozmoslabs.com\/fi\/wp-json\/wp\/v2\/types\/product"}],"wp:featuredmedia":[{"embeddable":true,"href":"https:\/\/tpmadalina42.supserv.cozmoslabs.com\/fi\/wp-json\/wp\/v2\/media\/279743"}],"wp:attachment":[{"href":"https:\/\/tpmadalina42.supserv.cozmoslabs.com\/fi\/wp-json\/wp\/v2\/media?parent=279750"}],"wp:term":[{"taxonomy":"product_brand","embeddable":true,"href":"https:\/\/tpmadalina42.supserv.cozmoslabs.com\/fi\/wp-json\/wp\/v2\/product_brand?post=279750"},{"taxonomy":"product_cat","embeddable":true,"href":"https:\/\/tpmadalina42.supserv.cozmoslabs.com\/fi\/wp-json\/wp\/v2\/product_cat?post=279750"},{"taxonomy":"product_tag","embeddable":true,"href":"https:\/\/tpmadalina42.supserv.cozmoslabs.com\/fi\/wp-json\/wp\/v2\/product_tag?post=279750"}],"curies":[{"name":"wp","href":"https:\/\/api.w.org\/{rel}","templated":true}]}}