{"id":279792,"date":"2024-09-12T17:44:01","date_gmt":"2024-09-13T00:44:01","guid":{"rendered":"https:\/\/glandine.com\/product\/dolce-gabbana-senfgelbe-flache-sandalen-mit-t-riemen-und-herz-verzierung\/"},"modified":"2024-12-13T09:05:46","modified_gmt":"2024-12-13T08:05:46","slug":"dolce-gabbana-senfgelbe-flache-sandalen-mit-t-riemen-und-herz-verzierung","status":"publish","type":"product","link":"https:\/\/tpmadalina42.supserv.cozmoslabs.com\/fi\/tuote-2\/dolce-gabbana-senfgelbe-flache-sandalen-mit-t-riemen-und-herz-verzierung\/","title":{"rendered":"Dolce &amp; Gabbana sinapinkeltaiset T-ranneke litte\u00e4t sandaalit syd\u00e4nkoristeella"},"content":{"rendered":"<p>Gehen Sie stilvoll aus mit diesen auff\u00e4lligen flachen Sandalen von <strong>Dolce &amp; Gabbana<\/strong>, die mit einem leuchtenden senfgelben Farbton und einem goldenen Devotion-Herz f\u00fcr einen zus\u00e4tzlichen Hauch von Luxus sorgen. Wundersch\u00f6n aus 100% Leder gefertigt, mit einer bequemen Ledersohle und zarten Logodetails, sind diese Sandalen nicht nur atemberaubend, sondern verstr\u00f6men auch einen Hauch von reiner italienischer Handwerkskunst. Diese Sandalen sind ideal, um Ihren Alltagslook aufzupeppen oder einen Farbakzent zu Ihrer Abendgarderobe zu setzen. Sie sind ein wahrer Beweis f\u00fcr Ihren schicken, eleganten Stil.<\/p>\n<ul>\n<li>V\u00e4ri: Keltainen<\/li>\n<li>Materiaali: 100% nahka<\/li>\n<li>Alkuper\u00e4maa: IT<\/li>\n<\/ul>","protected":false},"excerpt":{"rendered":"<p>Gehen Sie stilvoll aus mit diesen auff\u00e4lligen flachen Sandalen von Dolce &amp; Gabbana, die mit einem leuchtenden senfgelben Farbton und einem goldenen Devotion-Herz f\u00fcr einen zus\u00e4tzlichen Hauch von Luxus sorgen. Wundersch\u00f6n aus 100% Leder gefertigt, mit einer bequemen Ledersohle und zarten Logodetails, sind diese Sandalen nicht nur atemberaubend, sondern verstr\u00f6men auch einen Hauch von reiner [&hellip;]<\/p>","protected":false},"featured_media":279785,"template":"","meta":[],"product_brand":[1620],"product_cat":[1635,1692,1624],"product_tag":[],"class_list":{"0":"post-279792","1":"product","2":"type-product","3":"status-publish","4":"has-post-thumbnail","6":"product_brand-dolce-gabbana","7":"product_cat-frauen-schuhe","8":"product_cat-sandalen-frauen-schuhe","9":"product_cat-schuhe","11":"first","12":"instock","13":"sale","14":"taxable","15":"shipping-taxable","16":"purchasable","17":"product-type-variable"},"_links":{"self":[{"href":"https:\/\/tpmadalina42.supserv.cozmoslabs.com\/fi\/wp-json\/wp\/v2\/product\/279792","targetHints":{"allow":["GET"]}}],"collection":[{"href":"https:\/\/tpmadalina42.supserv.cozmoslabs.com\/fi\/wp-json\/wp\/v2\/product"}],"about":[{"href":"https:\/\/tpmadalina42.supserv.cozmoslabs.com\/fi\/wp-json\/wp\/v2\/types\/product"}],"wp:featuredmedia":[{"embeddable":true,"href":"https:\/\/tpmadalina42.supserv.cozmoslabs.com\/fi\/wp-json\/wp\/v2\/media\/279785"}],"wp:attachment":[{"href":"https:\/\/tpmadalina42.supserv.cozmoslabs.com\/fi\/wp-json\/wp\/v2\/media?parent=279792"}],"wp:term":[{"taxonomy":"product_brand","embeddable":true,"href":"https:\/\/tpmadalina42.supserv.cozmoslabs.com\/fi\/wp-json\/wp\/v2\/product_brand?post=279792"},{"taxonomy":"product_cat","embeddable":true,"href":"https:\/\/tpmadalina42.supserv.cozmoslabs.com\/fi\/wp-json\/wp\/v2\/product_cat?post=279792"},{"taxonomy":"product_tag","embeddable":true,"href":"https:\/\/tpmadalina42.supserv.cozmoslabs.com\/fi\/wp-json\/wp\/v2\/product_tag?post=279792"}],"curies":[{"name":"wp","href":"https:\/\/api.w.org\/{rel}","templated":true}]}}