{"id":279802,"date":"2024-09-12T17:44:27","date_gmt":"2024-09-13T00:44:27","guid":{"rendered":"https:\/\/glandine.com\/product\/dolce-gabbana-schicke-knoechelriemen-flats-aus-leder-mit-goldverzierung\/"},"modified":"2024-11-30T00:23:16","modified_gmt":"2024-11-29T23:23:16","slug":"dolce-gabbana-schicke-knoechelriemen-flats-aus-leder-mit-goldverzierung","status":"publish","type":"product","link":"https:\/\/tpmadalina42.supserv.cozmoslabs.com\/fi\/tuote-2\/dolce-gabbana-schicke-knoechelriemen-flats-aus-leder-mit-goldverzierung\/","title":{"rendered":"Dolce &amp; Gabbana Schicke Kn\u00f6chelriemen-Flats aus Leder mit Goldverzierung"},"content":{"rendered":"<p>G\u00f6nnen Sie sich den Inbegriff von Luxus mit diesem Statement Dolce &amp; Gabbana Kn\u00f6chelriemen Wohnungen, wundersch\u00f6n mit Goldm\u00fcnzen Verzierung akzentuiert. Perfekt f\u00fcr das Hinzuf\u00fcgen eines Hauchs von Opulenz zu jedem Outfit, sind diese Schuhe ein Zeugnis f\u00fcr exquisite italienische Handwerkskunst. Komplett mit Anh\u00e4ngern, diese unber\u00fchrten Wohnungen r\u00fchmen eine klassische Schwarz-Gold-Farbpalette und sind sorgf\u00e4ltig aus feinstem Leder gefertigt, bietet sowohl h\u00f6chsten Stil und Komfort.<\/p>\n<ul>\n<li>Materiaali: 100% nahka<\/li>\n<li>V\u00e4ri: kulta, musta<\/li>\n<li>Alkuper\u00e4maa: Italia<\/li>\n<li>Sis\u00e4pohja ja ulkopohja nahkaa<\/li>\n<li>Logon yksityiskohdat<\/li>\n<\/ul>","protected":false},"excerpt":{"rendered":"<p>G\u00f6nnen Sie sich den Inbegriff von Luxus mit diesem Statement Dolce &amp; Gabbana Kn\u00f6chelriemen Wohnungen, wundersch\u00f6n mit Goldm\u00fcnzen Verzierung akzentuiert. Perfekt f\u00fcr das Hinzuf\u00fcgen eines Hauchs von Opulenz zu jedem Outfit, sind diese Schuhe ein Zeugnis f\u00fcr exquisite italienische Handwerkskunst. Komplett mit Anh\u00e4ngern, diese unber\u00fchrten Wohnungen r\u00fchmen eine klassische Schwarz-Gold-Farbpalette und sind sorgf\u00e4ltig aus feinstem [&hellip;]<\/p>","protected":false},"featured_media":279795,"template":"","meta":[],"product_brand":[1620],"product_cat":[1635,1660,1624],"product_tag":[],"class_list":{"0":"post-279802","1":"product","2":"type-product","3":"status-publish","4":"has-post-thumbnail","6":"product_brand-dolce-gabbana","7":"product_cat-frauen-schuhe","8":"product_cat-flache-schuhe","9":"product_cat-schuhe","11":"first","12":"instock","13":"sale","14":"taxable","15":"shipping-taxable","16":"purchasable","17":"product-type-variable"},"_links":{"self":[{"href":"https:\/\/tpmadalina42.supserv.cozmoslabs.com\/fi\/wp-json\/wp\/v2\/product\/279802","targetHints":{"allow":["GET"]}}],"collection":[{"href":"https:\/\/tpmadalina42.supserv.cozmoslabs.com\/fi\/wp-json\/wp\/v2\/product"}],"about":[{"href":"https:\/\/tpmadalina42.supserv.cozmoslabs.com\/fi\/wp-json\/wp\/v2\/types\/product"}],"wp:featuredmedia":[{"embeddable":true,"href":"https:\/\/tpmadalina42.supserv.cozmoslabs.com\/fi\/wp-json\/wp\/v2\/media\/279795"}],"wp:attachment":[{"href":"https:\/\/tpmadalina42.supserv.cozmoslabs.com\/fi\/wp-json\/wp\/v2\/media?parent=279802"}],"wp:term":[{"taxonomy":"product_brand","embeddable":true,"href":"https:\/\/tpmadalina42.supserv.cozmoslabs.com\/fi\/wp-json\/wp\/v2\/product_brand?post=279802"},{"taxonomy":"product_cat","embeddable":true,"href":"https:\/\/tpmadalina42.supserv.cozmoslabs.com\/fi\/wp-json\/wp\/v2\/product_cat?post=279802"},{"taxonomy":"product_tag","embeddable":true,"href":"https:\/\/tpmadalina42.supserv.cozmoslabs.com\/fi\/wp-json\/wp\/v2\/product_tag?post=279802"}],"curies":[{"name":"wp","href":"https:\/\/api.w.org\/{rel}","templated":true}]}}