{"id":279843,"date":"2024-09-12T18:18:17","date_gmt":"2024-09-13T01:18:17","guid":{"rendered":"https:\/\/glandine.com\/product\/dolce-gabbana-eleganter-schwarzer-kapuzenparka-winterjacke\/"},"modified":"2024-11-30T03:43:16","modified_gmt":"2024-11-30T02:43:16","slug":"dolce-gabbana-eleganter-schwarzer-kapuzenparka-winterjacke","status":"publish","type":"product","link":"https:\/\/tpmadalina42.supserv.cozmoslabs.com\/fi\/tuote-2\/dolce-gabbana-eleganter-schwarzer-kapuzenparka-winterjacke\/","title":{"rendered":"Dolce &amp; Gabbana Eleganter schwarzer Kapuzenparka Winterjacke"},"content":{"rendered":"<p>Erleben Sie den Inbegriff von italienischem Luxus und Stil mit diesem atemberaubenden, 100% authentischen Dolce &amp; Gabbana Parka-Mantel mit Kapuze. Perfekt, um den winterlichen Elementen zu trotzen, ist diese schwarze Jacke nicht nur ein modisches Statement, sondern mit ihrem durchgehenden Rei\u00dfverschluss und dem bequemen Futter auch ein funktionelles St\u00fcck. Sie ist aus hochwertigen Materialien und mit viel Liebe zum Detail gefertigt, was sie zu einer unverzichtbaren Erg\u00e4nzung Ihrer Designer-Outerwear-Kollektion macht.<\/p>\n<ul>\n<li>V\u00e4ri: Musta<\/li>\n<li>Material: 80% Nylon 20% Baumwolle<\/li>\n<li>Sis\u00e4vuori: 100% polyesteri<\/li>\n<li>Alkuper\u00e4maa: IT<\/li>\n<li>Logon yksityiskohdat<\/li>\n<li>Valmistettu Italiassa<\/li>\n<\/ul>","protected":false},"excerpt":{"rendered":"<p>Erleben Sie den Inbegriff von italienischem Luxus und Stil mit diesem atemberaubenden, 100% authentischen Dolce &amp; Gabbana Parka-Mantel mit Kapuze. Perfekt, um den winterlichen Elementen zu trotzen, ist diese schwarze Jacke nicht nur ein modisches Statement, sondern mit ihrem durchgehenden Rei\u00dfverschluss und dem bequemen Futter auch ein funktionelles St\u00fcck. Sie ist aus hochwertigen Materialien und [&hellip;]<\/p>","protected":false},"featured_media":279835,"template":"","meta":[],"product_brand":[1620],"product_cat":[1633,1669,1623],"product_tag":[],"class_list":{"0":"post-279843","1":"product","2":"type-product","3":"status-publish","4":"has-post-thumbnail","6":"product_brand-dolce-gabbana","7":"product_cat-maenner-kleidung","8":"product_cat-jacken","9":"product_cat-kleidung","11":"first","12":"instock","13":"sale","14":"taxable","15":"shipping-taxable","16":"purchasable","17":"product-type-variable"},"_links":{"self":[{"href":"https:\/\/tpmadalina42.supserv.cozmoslabs.com\/fi\/wp-json\/wp\/v2\/product\/279843","targetHints":{"allow":["GET"]}}],"collection":[{"href":"https:\/\/tpmadalina42.supserv.cozmoslabs.com\/fi\/wp-json\/wp\/v2\/product"}],"about":[{"href":"https:\/\/tpmadalina42.supserv.cozmoslabs.com\/fi\/wp-json\/wp\/v2\/types\/product"}],"wp:featuredmedia":[{"embeddable":true,"href":"https:\/\/tpmadalina42.supserv.cozmoslabs.com\/fi\/wp-json\/wp\/v2\/media\/279835"}],"wp:attachment":[{"href":"https:\/\/tpmadalina42.supserv.cozmoslabs.com\/fi\/wp-json\/wp\/v2\/media?parent=279843"}],"wp:term":[{"taxonomy":"product_brand","embeddable":true,"href":"https:\/\/tpmadalina42.supserv.cozmoslabs.com\/fi\/wp-json\/wp\/v2\/product_brand?post=279843"},{"taxonomy":"product_cat","embeddable":true,"href":"https:\/\/tpmadalina42.supserv.cozmoslabs.com\/fi\/wp-json\/wp\/v2\/product_cat?post=279843"},{"taxonomy":"product_tag","embeddable":true,"href":"https:\/\/tpmadalina42.supserv.cozmoslabs.com\/fi\/wp-json\/wp\/v2\/product_tag?post=279843"}],"curies":[{"name":"wp","href":"https:\/\/api.w.org\/{rel}","templated":true}]}}