{"id":279961,"date":"2024-09-12T20:11:58","date_gmt":"2024-09-13T03:11:58","guid":{"rendered":"https:\/\/glandine.com\/product\/yes-zee-schicke-slim-fit-herrenjeans-aus-baumwolle\/"},"modified":"2024-11-30T06:51:39","modified_gmt":"2024-11-30T05:51:39","slug":"yes-zee-schicke-slim-fit-herrenjeans-aus-baumwolle","status":"publish","type":"product","link":"https:\/\/tpmadalina42.supserv.cozmoslabs.com\/fi\/tuote-2\/yes-zee-schicke-slim-fit-herrenjeans-aus-baumwolle\/","title":{"rendered":"Yes Zee Schicke Slim Fit Herrenjeans aus Baumwolle"},"content":{"rendered":"<p>Erleben Sie Stil und Komfort mit dieser schlanken Slim-Fit-Jeans f\u00fcr M\u00e4nner. Sie ist aus einer hochwertigen Baumwollmischung mit einem Hauch von Elastan gefertigt und bietet den perfekten Stretch f\u00fcr den Alltag oder den besonderen Abend. Die dezente Waschung auf der Vorderseite und die raffinierten N\u00e4hte garantieren einen eleganten Look f\u00fcr jede Gelegenheit.<\/p>\n<ul>\n<li>Materiaali: 98% puuvilla, 2% elastaani<\/li>\n<li>Alkuper\u00e4maa: BD<\/li>\n<li>V\u00e4ri: Sininen<\/li>\n<\/ul>","protected":false},"excerpt":{"rendered":"<p>Erleben Sie Stil und Komfort mit dieser schlanken Slim-Fit-Jeans f\u00fcr M\u00e4nner. Sie ist aus einer hochwertigen Baumwollmischung mit einem Hauch von Elastan gefertigt und bietet den perfekten Stretch f\u00fcr den Alltag oder den besonderen Abend. Die dezente Waschung auf der Vorderseite und die raffinierten N\u00e4hte garantieren einen eleganten Look f\u00fcr jede Gelegenheit. Material: 98% Baumwolle, [&hellip;]<\/p>","protected":false},"featured_media":279956,"template":"","meta":[],"product_brand":[2181],"product_cat":[1633,1671,1623],"product_tag":[],"class_list":{"0":"post-279961","1":"product","2":"type-product","3":"status-publish","4":"has-post-thumbnail","6":"product_brand-yes-zee","7":"product_cat-maenner-kleidung","8":"product_cat-jeans-hosen","9":"product_cat-kleidung","11":"first","12":"instock","13":"sale","14":"taxable","15":"shipping-taxable","16":"purchasable","17":"product-type-variable"},"_links":{"self":[{"href":"https:\/\/tpmadalina42.supserv.cozmoslabs.com\/fi\/wp-json\/wp\/v2\/product\/279961","targetHints":{"allow":["GET"]}}],"collection":[{"href":"https:\/\/tpmadalina42.supserv.cozmoslabs.com\/fi\/wp-json\/wp\/v2\/product"}],"about":[{"href":"https:\/\/tpmadalina42.supserv.cozmoslabs.com\/fi\/wp-json\/wp\/v2\/types\/product"}],"wp:featuredmedia":[{"embeddable":true,"href":"https:\/\/tpmadalina42.supserv.cozmoslabs.com\/fi\/wp-json\/wp\/v2\/media\/279956"}],"wp:attachment":[{"href":"https:\/\/tpmadalina42.supserv.cozmoslabs.com\/fi\/wp-json\/wp\/v2\/media?parent=279961"}],"wp:term":[{"taxonomy":"product_brand","embeddable":true,"href":"https:\/\/tpmadalina42.supserv.cozmoslabs.com\/fi\/wp-json\/wp\/v2\/product_brand?post=279961"},{"taxonomy":"product_cat","embeddable":true,"href":"https:\/\/tpmadalina42.supserv.cozmoslabs.com\/fi\/wp-json\/wp\/v2\/product_cat?post=279961"},{"taxonomy":"product_tag","embeddable":true,"href":"https:\/\/tpmadalina42.supserv.cozmoslabs.com\/fi\/wp-json\/wp\/v2\/product_tag?post=279961"}],"curies":[{"name":"wp","href":"https:\/\/api.w.org\/{rel}","templated":true}]}}