{"id":280013,"date":"2024-09-12T21:01:28","date_gmt":"2024-09-13T04:01:28","guid":{"rendered":"https:\/\/glandine.com\/product\/dolce-gabbana-elegantes-airpods-etui-aus-rotem-leder-2\/"},"modified":"2024-11-30T11:30:00","modified_gmt":"2024-11-30T10:30:00","slug":"dolce-gabbana-elegantes-airpods-etui-aus-rotem-leder-2","status":"publish","type":"product","link":"https:\/\/tpmadalina42.supserv.cozmoslabs.com\/fi\/tuote-2\/dolce-gabbana-elegantes-airpods-etui-aus-rotem-leder-2\/","title":{"rendered":"Dolce &amp; Gabbana Elegant Airpods -kotelo punaisesta nahasta"},"content":{"rendered":"<p>G\u00f6nnen Sie sich den Inbegriff von Stil mit dieser <strong>Dolce &amp; Gabbana<\/strong> Airpods-Tasche. Aus luxuri\u00f6sem Leder gefertigt und in einem leuchtenden Rotton gehalten, ist dieses St\u00fcck nicht nur ein Accessoire, sondern ein Statement. Mit reichlich Platz zum Schutz Ihrer Airpods und einem eleganten Riemen zum einfachen Tragen kombiniert diese Tasche Eleganz mit Praktikabilit\u00e4t. Wundersch\u00f6n verpackt in der Originalverpackung mit Anh\u00e4ngern und Schachtel ist sie perfekt zum Verschenken oder f\u00fcr dich selbst.<\/p>\n<ul>\n<li>V\u00e4ri: punainen<\/li>\n<li>Materiaali: 100% nahka<\/li>\n<li>L\u00e4nge des Trageriemens: 48 cm<\/li>\n<li>Logon yksityiskohdat<\/li>\n<li>Valmistettu Italiassa<\/li>\n<\/ul>","protected":false},"excerpt":{"rendered":"<p>G\u00f6nnen Sie sich den Inbegriff von Stil mit dieser Dolce &amp; Gabbana Airpods-Tasche. Aus luxuri\u00f6sem Leder gefertigt und in einem leuchtenden Rotton gehalten, ist dieses St\u00fcck nicht nur ein Accessoire, sondern ein Statement. Mit reichlich Platz zum Schutz Ihrer Airpods und einem eleganten Riemen zum einfachen Tragen kombiniert diese Tasche Eleganz mit Praktikabilit\u00e4t. Wundersch\u00f6n verpackt [&hellip;]<\/p>","protected":false},"featured_media":280007,"template":"","meta":[],"product_brand":[1620],"product_cat":[1621,1632,1683],"product_tag":[],"class_list":{"0":"post-280013","1":"product","2":"type-product","3":"status-publish","4":"has-post-thumbnail","6":"product_brand-dolce-gabbana","7":"product_cat-accessoire","8":"product_cat-frauen-zubehoer","9":"product_cat-andere-frauen-zubehoer","11":"first","12":"instock","13":"sale","14":"taxable","15":"shipping-taxable","16":"purchasable","17":"product-type-simple"},"_links":{"self":[{"href":"https:\/\/tpmadalina42.supserv.cozmoslabs.com\/fi\/wp-json\/wp\/v2\/product\/280013","targetHints":{"allow":["GET"]}}],"collection":[{"href":"https:\/\/tpmadalina42.supserv.cozmoslabs.com\/fi\/wp-json\/wp\/v2\/product"}],"about":[{"href":"https:\/\/tpmadalina42.supserv.cozmoslabs.com\/fi\/wp-json\/wp\/v2\/types\/product"}],"wp:featuredmedia":[{"embeddable":true,"href":"https:\/\/tpmadalina42.supserv.cozmoslabs.com\/fi\/wp-json\/wp\/v2\/media\/280007"}],"wp:attachment":[{"href":"https:\/\/tpmadalina42.supserv.cozmoslabs.com\/fi\/wp-json\/wp\/v2\/media?parent=280013"}],"wp:term":[{"taxonomy":"product_brand","embeddable":true,"href":"https:\/\/tpmadalina42.supserv.cozmoslabs.com\/fi\/wp-json\/wp\/v2\/product_brand?post=280013"},{"taxonomy":"product_cat","embeddable":true,"href":"https:\/\/tpmadalina42.supserv.cozmoslabs.com\/fi\/wp-json\/wp\/v2\/product_cat?post=280013"},{"taxonomy":"product_tag","embeddable":true,"href":"https:\/\/tpmadalina42.supserv.cozmoslabs.com\/fi\/wp-json\/wp\/v2\/product_tag?post=280013"}],"curies":[{"name":"wp","href":"https:\/\/api.w.org\/{rel}","templated":true}]}}