{"id":280298,"date":"2024-09-12T21:52:52","date_gmt":"2024-09-13T04:52:52","guid":{"rendered":"https:\/\/glandine.com\/product\/dolce-gabbana-camisole-top-aus-seidenmischung-in-braun\/"},"modified":"2024-11-30T11:39:39","modified_gmt":"2024-11-30T10:39:39","slug":"dolce-gabbana-camisole-top-aus-seidenmischung-in-braun","status":"publish","type":"product","link":"https:\/\/tpmadalina42.supserv.cozmoslabs.com\/fi\/tuote-2\/dolce-gabbana-camisole-top-aus-seidenmischung-in-braun\/","title":{"rendered":"Dolce &amp; Gabbana silkkisekoitetta camisole-toppi ruskeana"},"content":{"rendered":"<p>G\u00f6nnen Sie sich den luxuri\u00f6sen Komfort und den eleganten Stil dieses herrlichen Camisole-Tops von Dolce &amp; Gabbana. Das in Italien sorgf\u00e4ltig gefertigte Modell besteht aus einer Mischung hochwertiger Materialien, die f\u00fcr eine hervorragende Passform und einen Hauch von Raffinesse in Ihrer Unterw\u00e4schekollektion sorgen.<\/p>\n<ul>\n<li>Merkki: Dolce &amp; Gabbana<\/li>\n<li>V\u00e4ri: Ruskea<\/li>\n<li>Material: 80% Seide, 12% Baumwolle, 5% Elasthan, 3% Nylon<\/li>\n<li>Alkuper\u00e4maa: Italia<\/li>\n<li>Logon yksityiskohdat<\/li>\n<\/ul>","protected":false},"excerpt":{"rendered":"<p>G\u00f6nnen Sie sich den luxuri\u00f6sen Komfort und den eleganten Stil dieses herrlichen Camisole-Tops von Dolce &amp; Gabbana. Das in Italien sorgf\u00e4ltig gefertigte Modell besteht aus einer Mischung hochwertiger Materialien, die f\u00fcr eine hervorragende Passform und einen Hauch von Raffinesse in Ihrer Unterw\u00e4schekollektion sorgen. Marke: Dolce &amp; Gabbana Farbe: Braun Material: 80% Seide, 12% Baumwolle, 5% [&hellip;]<\/p>","protected":false},"featured_media":280292,"template":"","meta":[],"product_brand":[1620],"product_cat":[1637,1623,1717],"product_tag":[],"class_list":{"0":"post-280298","1":"product","2":"type-product","3":"status-publish","4":"has-post-thumbnail","6":"product_brand-dolce-gabbana","7":"product_cat-frauen-kleidung","8":"product_cat-kleidung","9":"product_cat-unterwaesche","11":"first","12":"instock","13":"sale","14":"taxable","15":"shipping-taxable","16":"purchasable","17":"product-type-variable"},"_links":{"self":[{"href":"https:\/\/tpmadalina42.supserv.cozmoslabs.com\/fi\/wp-json\/wp\/v2\/product\/280298","targetHints":{"allow":["GET"]}}],"collection":[{"href":"https:\/\/tpmadalina42.supserv.cozmoslabs.com\/fi\/wp-json\/wp\/v2\/product"}],"about":[{"href":"https:\/\/tpmadalina42.supserv.cozmoslabs.com\/fi\/wp-json\/wp\/v2\/types\/product"}],"wp:featuredmedia":[{"embeddable":true,"href":"https:\/\/tpmadalina42.supserv.cozmoslabs.com\/fi\/wp-json\/wp\/v2\/media\/280292"}],"wp:attachment":[{"href":"https:\/\/tpmadalina42.supserv.cozmoslabs.com\/fi\/wp-json\/wp\/v2\/media?parent=280298"}],"wp:term":[{"taxonomy":"product_brand","embeddable":true,"href":"https:\/\/tpmadalina42.supserv.cozmoslabs.com\/fi\/wp-json\/wp\/v2\/product_brand?post=280298"},{"taxonomy":"product_cat","embeddable":true,"href":"https:\/\/tpmadalina42.supserv.cozmoslabs.com\/fi\/wp-json\/wp\/v2\/product_cat?post=280298"},{"taxonomy":"product_tag","embeddable":true,"href":"https:\/\/tpmadalina42.supserv.cozmoslabs.com\/fi\/wp-json\/wp\/v2\/product_tag?post=280298"}],"curies":[{"name":"wp","href":"https:\/\/api.w.org\/{rel}","templated":true}]}}