{"id":280988,"date":"2024-09-13T17:34:15","date_gmt":"2024-09-14T00:34:15","guid":{"rendered":"https:\/\/glandine.com\/product\/dolce-gabbana-schwarzes-weisses-leder-scribble-mit-gepraegtem-logo-airpods-etui-2\/"},"modified":"2024-12-01T06:35:29","modified_gmt":"2024-12-01T05:35:29","slug":"dolce-gabbana-schwarzes-weisses-leder-scribble-mit-gepraegtem-logo-airpods-etui-2","status":"publish","type":"product","link":"https:\/\/tpmadalina42.supserv.cozmoslabs.com\/fi\/tuote-2\/dolce-gabbana-schwarzes-weisses-leder-scribble-mit-gepraegtem-logo-airpods-etui-2\/","title":{"rendered":"Dolce &amp; Gabbana Schwarzes wei\u00dfes Leder Scribble mit gepr\u00e4gtem Logo Airpods Etui"},"content":{"rendered":"<p>DOLCE &amp; GABBANA<\/p>\n<p>Wundersch\u00f6ne brandneu mit Tags und Box, 100% Authentic Dolce &amp; Gabbana Airpods Fall. Hergestellt aus Silikon, wird dieser Fall Ihre Airpods in den meisten modischen Weg zu sch\u00fctzen.<br \/>\nV\u00e4ri: musta ja valkoinen<br \/>\nModell: Airpods H\u00fclle<br \/>\nMateriaali: 100% vasikan nahka<br \/>\nLogon yksityiskohdat<br \/>\nValmistettu Italiassa<br \/>\nAbmessungen: 6cm x 5cm<\/p>","protected":false},"excerpt":{"rendered":"<p>DOLCE &amp; GABBANA Wundersch\u00f6ne brandneu mit Tags und Box, 100% Authentic Dolce &amp; Gabbana Airpods Fall. Hergestellt aus Silikon, wird dieser Fall Ihre Airpods in den meisten modischen Weg zu sch\u00fctzen. Farbe: Schwarz und Wei\u00df Modell: Airpods H\u00fclle Material: 100% Kalbsleder Logo-Details Hergestellt in Italien Abmessungen: 6cm x 5cm<\/p>","protected":false},"featured_media":280980,"template":"","meta":[],"product_brand":[1620],"product_cat":[1621,1632,1683],"product_tag":[],"class_list":{"0":"post-280988","1":"product","2":"type-product","3":"status-publish","4":"has-post-thumbnail","6":"product_brand-dolce-gabbana","7":"product_cat-accessoire","8":"product_cat-frauen-zubehoer","9":"product_cat-andere-frauen-zubehoer","11":"first","12":"instock","13":"sale","14":"taxable","15":"shipping-taxable","16":"purchasable","17":"product-type-simple"},"_links":{"self":[{"href":"https:\/\/tpmadalina42.supserv.cozmoslabs.com\/fi\/wp-json\/wp\/v2\/product\/280988","targetHints":{"allow":["GET"]}}],"collection":[{"href":"https:\/\/tpmadalina42.supserv.cozmoslabs.com\/fi\/wp-json\/wp\/v2\/product"}],"about":[{"href":"https:\/\/tpmadalina42.supserv.cozmoslabs.com\/fi\/wp-json\/wp\/v2\/types\/product"}],"wp:featuredmedia":[{"embeddable":true,"href":"https:\/\/tpmadalina42.supserv.cozmoslabs.com\/fi\/wp-json\/wp\/v2\/media\/280980"}],"wp:attachment":[{"href":"https:\/\/tpmadalina42.supserv.cozmoslabs.com\/fi\/wp-json\/wp\/v2\/media?parent=280988"}],"wp:term":[{"taxonomy":"product_brand","embeddable":true,"href":"https:\/\/tpmadalina42.supserv.cozmoslabs.com\/fi\/wp-json\/wp\/v2\/product_brand?post=280988"},{"taxonomy":"product_cat","embeddable":true,"href":"https:\/\/tpmadalina42.supserv.cozmoslabs.com\/fi\/wp-json\/wp\/v2\/product_cat?post=280988"},{"taxonomy":"product_tag","embeddable":true,"href":"https:\/\/tpmadalina42.supserv.cozmoslabs.com\/fi\/wp-json\/wp\/v2\/product_tag?post=280988"}],"curies":[{"name":"wp","href":"https:\/\/api.w.org\/{rel}","templated":true}]}}