{"id":281097,"date":"2024-09-13T17:39:50","date_gmt":"2024-09-14T00:39:50","guid":{"rendered":"https:\/\/glandine.com\/product\/dolce-gabbana-roter-gummi-dg-logo-rund-metall-messing-schluesselanhaenger-schluesselbund\/"},"modified":"2024-12-01T06:38:26","modified_gmt":"2024-12-01T05:38:26","slug":"dolce-gabbana-roter-gummi-dg-logo-rund-metall-messing-schluesselanhaenger-schluesselbund","status":"publish","type":"product","link":"https:\/\/tpmadalina42.supserv.cozmoslabs.com\/fi\/tuote-2\/dolce-gabbana-roter-gummi-dg-logo-rund-metall-messing-schluesselanhaenger-schluesselbund\/","title":{"rendered":"Dolce &amp; Gabbana Roter Gummi DG Logo Rund Metall Messing Schl\u00fcsselanh\u00e4nger Schl\u00fcsselbund"},"content":{"rendered":"<p>DOLCE &amp; GABBANA<\/p>\n<p>Absolut atemberaubend, 100% authentisch, ganz neu mit Tags Dolce &amp; Gabbana Schl\u00fcsselanh\u00e4nger &amp; Bag Charms mit Logo verf\u00fcgt \u00fcber einen Messingring und Logo graviert Metall-Hardware.<br \/>\nFarbe: Rot, Schwarz<br \/>\nMateriaali: messinki, kumi<br \/>\nBefestigung am Schl\u00fcsselring<br \/>\nLogon yksityiskohdat, metallihelat logokaiverruksella<br \/>\nValmistettu Italiassa<\/p>","protected":false},"excerpt":{"rendered":"<p>DOLCE &amp; GABBANA Absolut atemberaubend, 100% authentisch, ganz neu mit Tags Dolce &amp; Gabbana Schl\u00fcsselanh\u00e4nger &amp; Bag Charms mit Logo verf\u00fcgt \u00fcber einen Messingring und Logo graviert Metall-Hardware. Farbe: Rot, Schwarz Material: Messing, Gummi Befestigung am Schl\u00fcsselring Logo-Details, Metallbeschl\u00e4ge mit Logogravur In Italien hergestellt<\/p>","protected":false},"featured_media":281093,"template":"","meta":[],"product_brand":[1620],"product_cat":[1621,1631,1672],"product_tag":[],"class_list":{"0":"post-281097","1":"product","2":"type-product","3":"status-publish","4":"has-post-thumbnail","6":"product_brand-dolce-gabbana","7":"product_cat-accessoire","8":"product_cat-maenner-zubehoer","9":"product_cat-schluesselanhaenger","11":"first","12":"instock","13":"sale","14":"taxable","15":"shipping-taxable","16":"purchasable","17":"product-type-simple"},"_links":{"self":[{"href":"https:\/\/tpmadalina42.supserv.cozmoslabs.com\/fi\/wp-json\/wp\/v2\/product\/281097","targetHints":{"allow":["GET"]}}],"collection":[{"href":"https:\/\/tpmadalina42.supserv.cozmoslabs.com\/fi\/wp-json\/wp\/v2\/product"}],"about":[{"href":"https:\/\/tpmadalina42.supserv.cozmoslabs.com\/fi\/wp-json\/wp\/v2\/types\/product"}],"wp:featuredmedia":[{"embeddable":true,"href":"https:\/\/tpmadalina42.supserv.cozmoslabs.com\/fi\/wp-json\/wp\/v2\/media\/281093"}],"wp:attachment":[{"href":"https:\/\/tpmadalina42.supserv.cozmoslabs.com\/fi\/wp-json\/wp\/v2\/media?parent=281097"}],"wp:term":[{"taxonomy":"product_brand","embeddable":true,"href":"https:\/\/tpmadalina42.supserv.cozmoslabs.com\/fi\/wp-json\/wp\/v2\/product_brand?post=281097"},{"taxonomy":"product_cat","embeddable":true,"href":"https:\/\/tpmadalina42.supserv.cozmoslabs.com\/fi\/wp-json\/wp\/v2\/product_cat?post=281097"},{"taxonomy":"product_tag","embeddable":true,"href":"https:\/\/tpmadalina42.supserv.cozmoslabs.com\/fi\/wp-json\/wp\/v2\/product_tag?post=281097"}],"curies":[{"name":"wp","href":"https:\/\/api.w.org\/{rel}","templated":true}]}}