{"id":281167,"date":"2024-09-13T17:44:18","date_gmt":"2024-09-14T00:44:18","guid":{"rendered":"https:\/\/glandine.com\/product\/dolce-gabbana-versilberte-metall-messing-pin-maenner-manschettenknoepfe-3\/"},"modified":"2024-12-01T06:40:15","modified_gmt":"2024-12-01T05:40:15","slug":"dolce-gabbana-versilberte-metall-messing-pin-maenner-manschettenknoepfe-3","status":"publish","type":"product","link":"https:\/\/tpmadalina42.supserv.cozmoslabs.com\/fi\/tuote-2\/dolce-gabbana-versilberte-metall-messing-pin-maenner-manschettenknoepfe-3\/","title":{"rendered":"Dolce &amp; Gabbana Versilberte Metall Messing Pin M\u00e4nner Manschettenkn\u00f6pfe"},"content":{"rendered":"<p>DOLCE &amp; GABBANA<\/p>\n<p>Absolut atemberaubend, 100% authentisch, ganz neu mit Tags Dolce &amp; Gabbana versilbert Messing Manschettenkn\u00f6pfe.<br \/>\nV\u00e4ri: hopea<br \/>\nMateriaali: messinki<br \/>\nL\u00e4nge: 1,5cm<br \/>\nLogon yksityiskohdat<br \/>\nValmistettu Italiassa<\/p>\n<p><strong>Dieser Artikel hat kleine M\u00e4ngel, es gibt Kratzer auf dem Metall (siehe Bilder f\u00fcr Details). <\/strong><\/p>","protected":false},"excerpt":{"rendered":"<p>DOLCE &amp; GABBANA Absolut atemberaubend, 100% authentisch, ganz neu mit Tags Dolce &amp; Gabbana versilbert Messing Manschettenkn\u00f6pfe. Farbe: Silber Material: Messing L\u00e4nge: 1,5cm Logo Details Hergestellt in Italien Dieser Artikel hat kleine M\u00e4ngel, es gibt Kratzer auf dem Metall (siehe Bilder f\u00fcr Details).<\/p>","protected":false},"featured_media":281162,"template":"","meta":[],"product_brand":[1620],"product_cat":[1658,1625,1636],"product_tag":[],"class_list":{"0":"post-281167","1":"product","2":"type-product","3":"status-publish","4":"has-post-thumbnail","6":"product_brand-dolce-gabbana","7":"product_cat-manschettenknoepfe","8":"product_cat-schmuck","9":"product_cat-maenner-schmuck","11":"first","12":"instock","13":"sale","14":"taxable","15":"shipping-taxable","16":"purchasable","17":"product-type-simple"},"_links":{"self":[{"href":"https:\/\/tpmadalina42.supserv.cozmoslabs.com\/fi\/wp-json\/wp\/v2\/product\/281167","targetHints":{"allow":["GET"]}}],"collection":[{"href":"https:\/\/tpmadalina42.supserv.cozmoslabs.com\/fi\/wp-json\/wp\/v2\/product"}],"about":[{"href":"https:\/\/tpmadalina42.supserv.cozmoslabs.com\/fi\/wp-json\/wp\/v2\/types\/product"}],"wp:featuredmedia":[{"embeddable":true,"href":"https:\/\/tpmadalina42.supserv.cozmoslabs.com\/fi\/wp-json\/wp\/v2\/media\/281162"}],"wp:attachment":[{"href":"https:\/\/tpmadalina42.supserv.cozmoslabs.com\/fi\/wp-json\/wp\/v2\/media?parent=281167"}],"wp:term":[{"taxonomy":"product_brand","embeddable":true,"href":"https:\/\/tpmadalina42.supserv.cozmoslabs.com\/fi\/wp-json\/wp\/v2\/product_brand?post=281167"},{"taxonomy":"product_cat","embeddable":true,"href":"https:\/\/tpmadalina42.supserv.cozmoslabs.com\/fi\/wp-json\/wp\/v2\/product_cat?post=281167"},{"taxonomy":"product_tag","embeddable":true,"href":"https:\/\/tpmadalina42.supserv.cozmoslabs.com\/fi\/wp-json\/wp\/v2\/product_tag?post=281167"}],"curies":[{"name":"wp","href":"https:\/\/api.w.org\/{rel}","templated":true}]}}