{"id":281845,"date":"2024-09-13T19:18:16","date_gmt":"2024-09-14T02:18:16","guid":{"rendered":"https:\/\/glandine.com\/product\/dolce-gabbana-weiss-gold-leder-maenner-turnschuhe-daymaster-schuhe-4\/"},"modified":"2024-12-01T08:31:31","modified_gmt":"2024-12-01T07:31:31","slug":"dolce-gabbana-weiss-gold-leder-maenner-turnschuhe-daymaster-schuhe-4","status":"publish","type":"product","link":"https:\/\/tpmadalina42.supserv.cozmoslabs.com\/fi\/tuote-2\/dolce-gabbana-weiss-gold-leder-maenner-turnschuhe-daymaster-schuhe-4\/","title":{"rendered":"Dolce &amp; Gabbana White Gold -nahkaiset miesten tennarit DAYMASTER-keng\u00e4t"},"content":{"rendered":"<p>DOLCE &amp; GABBANA<\/p>\n<p>Upea upea upouusi, 100% Authentic Dolce &amp; Gabbana Low-Top DAYMASTER Sneaker Shoes.<br \/>\nMalli: DAYMASTER-kouluttajat<br \/>\nMateriaali: 100% vasikan nahka<br \/>\nFarbe: Wei\u00df, Gold<br \/>\nKumipohja<br \/>\nPitsikiinnitys<br \/>\nLogon yksityiskohdat<br \/>\nValmistettu Italiassa<\/p>\n<p><strong>Dieser Artikel ist ein Musterst\u00fcck, es gibt Kratzer und kleinere Gebrauchsspuren an beiden Schuhen (siehe Bilder f\u00fcr Details).<\/strong><\/p>","protected":false},"excerpt":{"rendered":"<p>DOLCE &amp; GABBANA Gorgeous brandneue mit Tags, 100% Authentic Dolce &amp; Gabbana Low-Top DAYMASTER Sneaker Schuhe. Modell: DAYMASTER Turnschuhe Material: 100% Kalbsleder Farbe: Wei\u00df, Gold Gummisohle Schn\u00fcrverschluss Logo-Details Hergestellt in Italien Dieser Artikel ist ein Musterst\u00fcck, es gibt Kratzer und kleinere Gebrauchsspuren an beiden Schuhen (siehe Bilder f\u00fcr Details).<\/p>","protected":false},"featured_media":281837,"template":"","meta":[],"product_brand":[1620],"product_cat":[1634,1624,1702],"product_tag":[],"class_list":{"0":"post-281845","1":"product","2":"type-product","3":"status-publish","4":"has-post-thumbnail","6":"product_brand-dolce-gabbana","7":"product_cat-maenner-schuhe","8":"product_cat-schuhe","9":"product_cat-turnschuhe","11":"first","12":"instock","13":"taxable","14":"shipping-taxable","15":"product-type-variable"},"_links":{"self":[{"href":"https:\/\/tpmadalina42.supserv.cozmoslabs.com\/fi\/wp-json\/wp\/v2\/product\/281845","targetHints":{"allow":["GET"]}}],"collection":[{"href":"https:\/\/tpmadalina42.supserv.cozmoslabs.com\/fi\/wp-json\/wp\/v2\/product"}],"about":[{"href":"https:\/\/tpmadalina42.supserv.cozmoslabs.com\/fi\/wp-json\/wp\/v2\/types\/product"}],"wp:featuredmedia":[{"embeddable":true,"href":"https:\/\/tpmadalina42.supserv.cozmoslabs.com\/fi\/wp-json\/wp\/v2\/media\/281837"}],"wp:attachment":[{"href":"https:\/\/tpmadalina42.supserv.cozmoslabs.com\/fi\/wp-json\/wp\/v2\/media?parent=281845"}],"wp:term":[{"taxonomy":"product_brand","embeddable":true,"href":"https:\/\/tpmadalina42.supserv.cozmoslabs.com\/fi\/wp-json\/wp\/v2\/product_brand?post=281845"},{"taxonomy":"product_cat","embeddable":true,"href":"https:\/\/tpmadalina42.supserv.cozmoslabs.com\/fi\/wp-json\/wp\/v2\/product_cat?post=281845"},{"taxonomy":"product_tag","embeddable":true,"href":"https:\/\/tpmadalina42.supserv.cozmoslabs.com\/fi\/wp-json\/wp\/v2\/product_tag?post=281845"}],"curies":[{"name":"wp","href":"https:\/\/api.w.org\/{rel}","templated":true}]}}