{"id":281976,"date":"2024-09-13T19:25:33","date_gmt":"2024-09-14T02:25:33","guid":{"rendered":"https:\/\/glandine.com\/product\/dolce-gabbana-schwarzes-baumwoll-stretchkleid-formelle-hose\/"},"modified":"2024-12-01T08:35:14","modified_gmt":"2024-12-01T07:35:14","slug":"dolce-gabbana-schwarzes-baumwoll-stretchkleid-formelle-hose","status":"publish","type":"product","link":"https:\/\/tpmadalina42.supserv.cozmoslabs.com\/fi\/tuote-2\/dolce-gabbana-schwarzes-baumwoll-stretchkleid-formelle-hose\/","title":{"rendered":"Dolce &amp; Gabbana Schwarzes Baumwoll-Stretchkleid Formelle Hose"},"content":{"rendered":"<p>DOLCE &amp; GABBANA<\/p>\n<p>Wundersch\u00f6ne, 100% authentische Dolce &amp; Gabbana Hose aus Vorbesitz. Gefertigt aus Stretch-Baumwolle. Sie ist mit vier Taschen, G\u00fcrtelschlaufen und Rei\u00dfverschluss ausgestattet.<br \/>\nModell: Kleid formelle Hose<br \/>\nV\u00e4ri: Musta<br \/>\nZwei Vorder- und zwei Ges\u00e4\u00dftaschen<br \/>\nHosenschlitz mit Knopf und Rei\u00dfverschluss<br \/>\nLogon yksityiskohdat<br \/>\nValmistettu Italiassa<br \/>\nEritt\u00e4in eksklusiivinen ja korkea ammattitaito<br \/>\nMateriaali: 97% puuvilla 3% elastaani<\/p>\n<p>Dieser Artikel ist aus Vorbesitz, er hat ein Loch und einen reparierten Riss an der Ges\u00e4\u00dftasche (siehe Bilder f\u00fcr Details).<\/p><\/p>","protected":false},"excerpt":{"rendered":"<p>DOLCE &amp; GABBANA Wundersch\u00f6ne, 100% authentische Dolce &amp; Gabbana Hose aus Vorbesitz. Gefertigt aus Stretch-Baumwolle. Sie ist mit vier Taschen, G\u00fcrtelschlaufen und Rei\u00dfverschluss ausgestattet. Modell: Kleid formelle Hose Farbe: Schwarz Zwei Vorder- und zwei Ges\u00e4\u00dftaschen Hosenschlitz mit Knopf und Rei\u00dfverschluss Logo-Details In Italien hergestellt Sehr exklusive und hohe Handwerkskunst Material: 97% Baumwolle 3% Elastan Dieser [&hellip;]<\/p>","protected":false},"featured_media":281968,"template":"","meta":[],"product_brand":[1620],"product_cat":[1633,1671,1623],"product_tag":[],"class_list":{"0":"post-281976","1":"product","2":"type-product","3":"status-publish","4":"has-post-thumbnail","6":"product_brand-dolce-gabbana","7":"product_cat-maenner-kleidung","8":"product_cat-jeans-hosen","9":"product_cat-kleidung","11":"first","12":"instock","13":"sale","14":"taxable","15":"shipping-taxable","16":"purchasable","17":"product-type-variable"},"_links":{"self":[{"href":"https:\/\/tpmadalina42.supserv.cozmoslabs.com\/fi\/wp-json\/wp\/v2\/product\/281976","targetHints":{"allow":["GET"]}}],"collection":[{"href":"https:\/\/tpmadalina42.supserv.cozmoslabs.com\/fi\/wp-json\/wp\/v2\/product"}],"about":[{"href":"https:\/\/tpmadalina42.supserv.cozmoslabs.com\/fi\/wp-json\/wp\/v2\/types\/product"}],"wp:featuredmedia":[{"embeddable":true,"href":"https:\/\/tpmadalina42.supserv.cozmoslabs.com\/fi\/wp-json\/wp\/v2\/media\/281968"}],"wp:attachment":[{"href":"https:\/\/tpmadalina42.supserv.cozmoslabs.com\/fi\/wp-json\/wp\/v2\/media?parent=281976"}],"wp:term":[{"taxonomy":"product_brand","embeddable":true,"href":"https:\/\/tpmadalina42.supserv.cozmoslabs.com\/fi\/wp-json\/wp\/v2\/product_brand?post=281976"},{"taxonomy":"product_cat","embeddable":true,"href":"https:\/\/tpmadalina42.supserv.cozmoslabs.com\/fi\/wp-json\/wp\/v2\/product_cat?post=281976"},{"taxonomy":"product_tag","embeddable":true,"href":"https:\/\/tpmadalina42.supserv.cozmoslabs.com\/fi\/wp-json\/wp\/v2\/product_tag?post=281976"}],"curies":[{"name":"wp","href":"https:\/\/api.w.org\/{rel}","templated":true}]}}