{"id":282345,"date":"2024-09-14T04:40:10","date_gmt":"2024-09-14T02:40:10","guid":{"rendered":"https:\/\/glandine.com\/product\/dolce-gabbana-weiss-stoff-wildleder-sorrento-lace-up-turnschuhe-schuhe\/"},"modified":"2024-12-01T08:39:36","modified_gmt":"2024-12-01T07:39:36","slug":"dolce-gabbana-weiss-stoff-wildleder-sorrento-lace-up-turnschuhe-schuhe","status":"publish","type":"product","link":"https:\/\/tpmadalina42.supserv.cozmoslabs.com\/fi\/tuote-2\/dolce-gabbana-weiss-stoff-wildleder-sorrento-lace-up-turnschuhe-schuhe\/","title":{"rendered":"Dolce &amp; Gabbana Wei\u00df Stoff Wildleder Sorrento Lace Up Turnschuhe Schuhe"},"content":{"rendered":"<p>DOLCE &amp; GABBANA<\/p>\n<p>Wundersch\u00f6ne, brandneue, 100% authentische Dolce &amp; Gabbana White &#8217;sorrento&#8216; Schn\u00fcrsneakers mit Tags. Sie verf\u00fcgen \u00fcber ein gestricktes Obermaterial mit socken\u00e4hnlichem Rippenrand, Leder- und Wildleder-Finish sowie einen wei\u00dfen Grafikprint mit Logo.<br \/>\nModell: Low Top Turnschuhe<br \/>\nMaterial: 10% Baumwolle, 20% Elasthan, 20% PA, 20% PL, 20% VI, 10% Leder<br \/>\nV\u00e4ri: Valkoinen<br \/>\nKumipohja<br \/>\nLogon yksityiskohdat<br \/>\nValmistettu Italiassa<br \/>\nEritt\u00e4in eksklusiivinen ja korkea ammattitaito<\/p>\n<p><strong>Dieser Artikel war ein Ausstellungsst\u00fcck in unserem Showroom, er hat nur sehr geringe Gebrauchsspuren (Details siehe Bilder). Dies ist der Grund f\u00fcr den niedrigen Verkaufspreis und eine gute Gelegenheit, ein Schn\u00e4ppchen zu machen.<\/strong><\/p>","protected":false},"excerpt":{"rendered":"<p>DOLCE &amp; GABBANA Wundersch\u00f6ne, brandneue, 100% authentische Dolce &amp; Gabbana White &#8217;sorrento&#8216; Schn\u00fcrsneakers mit Tags. Sie verf\u00fcgen \u00fcber ein gestricktes Obermaterial mit socken\u00e4hnlichem Rippenrand, Leder- und Wildleder-Finish sowie einen wei\u00dfen Grafikprint mit Logo. Modell: Low Top Turnschuhe Material: 10% Baumwolle, 20% Elasthan, 20% PA, 20% PL, 20% VI, 10% Leder Farbe: Wei\u00df Gummisohle Logo-Details In [&hellip;]<\/p>","protected":false},"featured_media":282337,"template":"","meta":[],"product_brand":[1620],"product_cat":[1634,1624,1702],"product_tag":[],"class_list":{"0":"post-282345","1":"product","2":"type-product","3":"status-publish","4":"has-post-thumbnail","6":"product_brand-dolce-gabbana","7":"product_cat-maenner-schuhe","8":"product_cat-schuhe","9":"product_cat-turnschuhe","11":"first","12":"instock","13":"sale","14":"taxable","15":"shipping-taxable","16":"purchasable","17":"product-type-variable"},"_links":{"self":[{"href":"https:\/\/tpmadalina42.supserv.cozmoslabs.com\/fi\/wp-json\/wp\/v2\/product\/282345","targetHints":{"allow":["GET"]}}],"collection":[{"href":"https:\/\/tpmadalina42.supserv.cozmoslabs.com\/fi\/wp-json\/wp\/v2\/product"}],"about":[{"href":"https:\/\/tpmadalina42.supserv.cozmoslabs.com\/fi\/wp-json\/wp\/v2\/types\/product"}],"wp:featuredmedia":[{"embeddable":true,"href":"https:\/\/tpmadalina42.supserv.cozmoslabs.com\/fi\/wp-json\/wp\/v2\/media\/282337"}],"wp:attachment":[{"href":"https:\/\/tpmadalina42.supserv.cozmoslabs.com\/fi\/wp-json\/wp\/v2\/media?parent=282345"}],"wp:term":[{"taxonomy":"product_brand","embeddable":true,"href":"https:\/\/tpmadalina42.supserv.cozmoslabs.com\/fi\/wp-json\/wp\/v2\/product_brand?post=282345"},{"taxonomy":"product_cat","embeddable":true,"href":"https:\/\/tpmadalina42.supserv.cozmoslabs.com\/fi\/wp-json\/wp\/v2\/product_cat?post=282345"},{"taxonomy":"product_tag","embeddable":true,"href":"https:\/\/tpmadalina42.supserv.cozmoslabs.com\/fi\/wp-json\/wp\/v2\/product_tag?post=282345"}],"curies":[{"name":"wp","href":"https:\/\/api.w.org\/{rel}","templated":true}]}}