{"id":282386,"date":"2024-09-13T19:42:20","date_gmt":"2024-09-14T02:42:20","guid":{"rendered":"https:\/\/glandine.com\/product\/dolce-gabbana-schwarzer-samtguertel-mit-silberfarbener-metallschnalle\/"},"modified":"2024-12-01T08:40:51","modified_gmt":"2024-12-01T07:40:51","slug":"dolce-gabbana-schwarzer-samtguertel-mit-silberfarbener-metallschnalle","status":"publish","type":"product","link":"https:\/\/tpmadalina42.supserv.cozmoslabs.com\/fi\/tuote-2\/dolce-gabbana-schwarzer-samtguertel-mit-silberfarbener-metallschnalle\/","title":{"rendered":"Dolce &amp; Gabbana Schwarzer Samtg\u00fcrtel mit silberfarbener Metallschnalle"},"content":{"rendered":"<p>DOLCE &amp; GABBANA<\/p>\n<p>Wundersch\u00f6ner, brandneuer und 100% authentischer Dolce &amp; Gabbana G\u00fcrtel aus hochwertiger Baumwolle mit Metallschnallenverschluss. Ein einzigartiger, auff\u00e4lliger G\u00fcrtel voller Charakter.<br \/>\nMaterial: 90% Baumwolle 10% Leder<br \/>\nV\u00e4ri: Musta<br \/>\nBreite: 2,5cm<br \/>\nValmistettu Italiassa<\/p>\n<p><strong>Dieser Artikel hat kleine M\u00e4ngel, es hat L\u00f6cher auf der Innenseite (siehe Bilder f\u00fcr Details). <\/strong><\/p>","protected":false},"excerpt":{"rendered":"<p>DOLCE &amp; GABBANA Wundersch\u00f6ner, brandneuer und 100% authentischer Dolce &amp; Gabbana G\u00fcrtel aus hochwertiger Baumwolle mit Metallschnallenverschluss. Ein einzigartiger, auff\u00e4lliger G\u00fcrtel voller Charakter. Material: 90% Baumwolle 10% Leder Farbe: Schwarz Breite: 2,5cm Hergestellt in Italien Dieser Artikel hat kleine M\u00e4ngel, es hat L\u00f6cher auf der Innenseite (siehe Bilder f\u00fcr Details).<\/p>","protected":false},"featured_media":282379,"template":"","meta":[],"product_brand":[1620],"product_cat":[1621,1631,1651],"product_tag":[],"class_list":{"0":"post-282386","1":"product","2":"type-product","3":"status-publish","4":"has-post-thumbnail","6":"product_brand-dolce-gabbana","7":"product_cat-accessoire","8":"product_cat-maenner-zubehoer","9":"product_cat-guertel","11":"first","12":"instock","13":"sale","14":"taxable","15":"shipping-taxable","16":"purchasable","17":"product-type-variable"},"_links":{"self":[{"href":"https:\/\/tpmadalina42.supserv.cozmoslabs.com\/fi\/wp-json\/wp\/v2\/product\/282386","targetHints":{"allow":["GET"]}}],"collection":[{"href":"https:\/\/tpmadalina42.supserv.cozmoslabs.com\/fi\/wp-json\/wp\/v2\/product"}],"about":[{"href":"https:\/\/tpmadalina42.supserv.cozmoslabs.com\/fi\/wp-json\/wp\/v2\/types\/product"}],"wp:featuredmedia":[{"embeddable":true,"href":"https:\/\/tpmadalina42.supserv.cozmoslabs.com\/fi\/wp-json\/wp\/v2\/media\/282379"}],"wp:attachment":[{"href":"https:\/\/tpmadalina42.supserv.cozmoslabs.com\/fi\/wp-json\/wp\/v2\/media?parent=282386"}],"wp:term":[{"taxonomy":"product_brand","embeddable":true,"href":"https:\/\/tpmadalina42.supserv.cozmoslabs.com\/fi\/wp-json\/wp\/v2\/product_brand?post=282386"},{"taxonomy":"product_cat","embeddable":true,"href":"https:\/\/tpmadalina42.supserv.cozmoslabs.com\/fi\/wp-json\/wp\/v2\/product_cat?post=282386"},{"taxonomy":"product_tag","embeddable":true,"href":"https:\/\/tpmadalina42.supserv.cozmoslabs.com\/fi\/wp-json\/wp\/v2\/product_tag?post=282386"}],"curies":[{"name":"wp","href":"https:\/\/api.w.org\/{rel}","templated":true}]}}