{"id":283034,"date":"2024-09-13T20:45:04","date_gmt":"2024-09-14T03:45:04","guid":{"rendered":"https:\/\/glandine.com\/product\/dolce-gabbana-schwarz-leder-rose-knoechelriemen-keira-sandalen-schuhe\/"},"modified":"2024-12-01T11:56:26","modified_gmt":"2024-12-01T10:56:26","slug":"dolce-gabbana-schwarz-leder-rose-knoechelriemen-keira-sandalen-schuhe","status":"publish","type":"product","link":"https:\/\/tpmadalina42.supserv.cozmoslabs.com\/fi\/tuote-2\/dolce-gabbana-schwarz-leder-rose-knoechelriemen-keira-sandalen-schuhe\/","title":{"rendered":"Dolce &amp; Gabbana Black Leather Rose Nilkkahihna Keira Sandals Shoes"},"content":{"rendered":"<p>DOLCE &amp; GABBANA<\/p>\n<p>Upeat esiomistetut tunnisteilla, 100% autenttiset Dolce &amp; Gabbana -korkokeng\u00e4t kukkaapplikaatiolla.<br \/>\nMalli: korkokeng\u00e4t sandaalit<br \/>\nV\u00e4ri: Musta<br \/>\nMateriaali: 100% nahka<br \/>\nPohja: nahkaa<br \/>\nSoljen sulkeminen<br \/>\nLogon yksityiskohdat<br \/>\nValmistettu Italiassa<br \/>\nEritt\u00e4in eksklusiivinen ja korkea ammattitaito<\/p>\n<p><strong>T\u00e4m\u00e4 esine on eritt\u00e4in v\u00e4h\u00e4n k\u00e4ytetty, eritt\u00e4in pieni\u00e4 k\u00e4yt\u00f6n j\u00e4lki\u00e4 l\u00f6ytyy (katso tarkemmat tiedot kuvista). <\/strong><\/p>","protected":false},"excerpt":{"rendered":"<p>DOLCE &amp; GABBANA Wundersch\u00f6ne Preowned mit Tags, 100% Authentic Dolce &amp; Gabbana Fersen Sandalen mit Blumenapplikation. Modell: Abs\u00e4tze Sandalen Farbe: Schwarz Material: 100% Leder Sohle: Leder Schnallenverschluss Logo-Details In Italien hergestellt Sehr exklusiv und hohe Handwerkskunst Dieser Artikel ist sehr leicht gebraucht, es gibt sehr kleine Gebrauchsspuren (siehe Bilder f\u00fcr Details).<\/p>","protected":false},"featured_media":283026,"template":"","meta":[],"product_brand":[1620],"product_cat":[1635,1692,1624],"product_tag":[],"class_list":{"0":"post-283034","1":"product","2":"type-product","3":"status-publish","4":"has-post-thumbnail","6":"product_brand-dolce-gabbana","7":"product_cat-frauen-schuhe","8":"product_cat-sandalen-frauen-schuhe","9":"product_cat-schuhe","11":"first","12":"instock","13":"sale","14":"taxable","15":"shipping-taxable","16":"purchasable","17":"product-type-variable"},"_links":{"self":[{"href":"https:\/\/tpmadalina42.supserv.cozmoslabs.com\/fi\/wp-json\/wp\/v2\/product\/283034","targetHints":{"allow":["GET"]}}],"collection":[{"href":"https:\/\/tpmadalina42.supserv.cozmoslabs.com\/fi\/wp-json\/wp\/v2\/product"}],"about":[{"href":"https:\/\/tpmadalina42.supserv.cozmoslabs.com\/fi\/wp-json\/wp\/v2\/types\/product"}],"wp:featuredmedia":[{"embeddable":true,"href":"https:\/\/tpmadalina42.supserv.cozmoslabs.com\/fi\/wp-json\/wp\/v2\/media\/283026"}],"wp:attachment":[{"href":"https:\/\/tpmadalina42.supserv.cozmoslabs.com\/fi\/wp-json\/wp\/v2\/media?parent=283034"}],"wp:term":[{"taxonomy":"product_brand","embeddable":true,"href":"https:\/\/tpmadalina42.supserv.cozmoslabs.com\/fi\/wp-json\/wp\/v2\/product_brand?post=283034"},{"taxonomy":"product_cat","embeddable":true,"href":"https:\/\/tpmadalina42.supserv.cozmoslabs.com\/fi\/wp-json\/wp\/v2\/product_cat?post=283034"},{"taxonomy":"product_tag","embeddable":true,"href":"https:\/\/tpmadalina42.supserv.cozmoslabs.com\/fi\/wp-json\/wp\/v2\/product_tag?post=283034"}],"curies":[{"name":"wp","href":"https:\/\/api.w.org\/{rel}","templated":true}]}}