{"id":283056,"date":"2024-09-13T20:45:58","date_gmt":"2024-09-14T03:45:58","guid":{"rendered":"https:\/\/glandine.com\/product\/dolce-gabbana-schwarz-keira-cordonetto-heels-rutschen-schuhe-3\/"},"modified":"2024-12-01T11:56:44","modified_gmt":"2024-12-01T10:56:44","slug":"dolce-gabbana-schwarz-keira-cordonetto-heels-rutschen-schuhe-3","status":"publish","type":"product","link":"https:\/\/tpmadalina42.supserv.cozmoslabs.com\/fi\/tuote-2\/dolce-gabbana-schwarz-keira-cordonetto-heels-rutschen-schuhe-3\/","title":{"rendered":"Dolce &amp; Gabbana mustat Keira Cordonetto Heels Slides -keng\u00e4t"},"content":{"rendered":"<p>DOLCE &amp; GABBANA<\/p>\n<p>Gorgeous aus Vorbesitz mit Tags, 100% Authentic Dolce &amp; Gabbana hohe Abs\u00e4tze Sandalen Schuhe.<br \/>\nMalli: korkokeng\u00e4t sandaalit<br \/>\nV\u00e4ri: Musta<br \/>\nMaterial: 50% Baumwolle 30% Polyester 20% Viskose<br \/>\nPohja: nahkaa<br \/>\nLogon yksityiskohdat<br \/>\nValmistettu Italiassa<br \/>\nEritt\u00e4in eksklusiivinen ja korkea ammattitaito<\/p>\n<p><strong>T\u00e4m\u00e4 tuote on eritt\u00e4in v\u00e4h\u00e4n k\u00e4ytetty, eritt\u00e4in pieni\u00e4 k\u00e4yt\u00f6n j\u00e4lki\u00e4 (katso tarkemmat tiedot kuvista). <\/strong><\/p>","protected":false},"excerpt":{"rendered":"<p>DOLCE &amp; GABBANA Gorgeous aus Vorbesitz mit Tags, 100% Authentic Dolce &amp; Gabbana hohe Abs\u00e4tze Sandalen Schuhe. Modell: Abs\u00e4tze Sandalen Farbe: Schwarz Material: 50% Baumwolle 30% Polyester 20% Viskose Sohle: Leder Logo-Details In Italien hergestellt Sehr exklusiv und hohe Handwerkskunst Dieser Artikel ist sehr leicht gebraucht, es gibt sehr geringe Gebrauchsspuren (siehe Bilder f\u00fcr Details).<\/p>","protected":false},"featured_media":283048,"template":"","meta":[],"product_brand":[1620],"product_cat":[1635,1692,1624],"product_tag":[],"class_list":{"0":"post-283056","1":"product","2":"type-product","3":"status-publish","4":"has-post-thumbnail","6":"product_brand-dolce-gabbana","7":"product_cat-frauen-schuhe","8":"product_cat-sandalen-frauen-schuhe","9":"product_cat-schuhe","11":"first","12":"instock","13":"sale","14":"taxable","15":"shipping-taxable","16":"purchasable","17":"product-type-variable"},"_links":{"self":[{"href":"https:\/\/tpmadalina42.supserv.cozmoslabs.com\/fi\/wp-json\/wp\/v2\/product\/283056","targetHints":{"allow":["GET"]}}],"collection":[{"href":"https:\/\/tpmadalina42.supserv.cozmoslabs.com\/fi\/wp-json\/wp\/v2\/product"}],"about":[{"href":"https:\/\/tpmadalina42.supserv.cozmoslabs.com\/fi\/wp-json\/wp\/v2\/types\/product"}],"wp:featuredmedia":[{"embeddable":true,"href":"https:\/\/tpmadalina42.supserv.cozmoslabs.com\/fi\/wp-json\/wp\/v2\/media\/283048"}],"wp:attachment":[{"href":"https:\/\/tpmadalina42.supserv.cozmoslabs.com\/fi\/wp-json\/wp\/v2\/media?parent=283056"}],"wp:term":[{"taxonomy":"product_brand","embeddable":true,"href":"https:\/\/tpmadalina42.supserv.cozmoslabs.com\/fi\/wp-json\/wp\/v2\/product_brand?post=283056"},{"taxonomy":"product_cat","embeddable":true,"href":"https:\/\/tpmadalina42.supserv.cozmoslabs.com\/fi\/wp-json\/wp\/v2\/product_cat?post=283056"},{"taxonomy":"product_tag","embeddable":true,"href":"https:\/\/tpmadalina42.supserv.cozmoslabs.com\/fi\/wp-json\/wp\/v2\/product_tag?post=283056"}],"curies":[{"name":"wp","href":"https:\/\/api.w.org\/{rel}","templated":true}]}}