{"id":283166,"date":"2024-09-13T20:52:33","date_gmt":"2024-09-14T03:52:33","guid":{"rendered":"https:\/\/glandine.com\/product\/dolce-gabbana-silber-kristall-leder-slip-on-sandalen-schuhe\/"},"modified":"2024-12-01T12:01:42","modified_gmt":"2024-12-01T11:01:42","slug":"dolce-gabbana-silber-kristall-leder-slip-on-sandalen-schuhe","status":"publish","type":"product","link":"https:\/\/tpmadalina42.supserv.cozmoslabs.com\/fi\/tuote-2\/dolce-gabbana-silber-kristall-leder-slip-on-sandalen-schuhe\/","title":{"rendered":"Dolce &amp; Gabbana Silver Crystal Leather Slip On Sandals Shoes"},"content":{"rendered":"<p>DOLCE &amp; GABBANA<\/p>\n<p>Wundersch\u00f6ne brandneu mit Tags, 100% Authentic Dolce &amp; Gabbana versch\u00f6nert Slip auf Fersen Sandalen.<br \/>\nMalli: Heels sandaalit<br \/>\nV\u00e4ri: hopea<br \/>\nMaterial: 83% Leder 8% Kristall 4% PU 3% Polyester 2% Messing<br \/>\nPohja: nahkaa<br \/>\nLogon yksityiskohdat<br \/>\nValmistettu Italiassa<br \/>\nEritt\u00e4in eksklusiivinen ja korkea ammattitaito<\/p>\n<p><strong>T\u00e4ss\u00e4 esineess\u00e4 on pieni virhe, molemmissa kengiss\u00e4 on naarmuja (katso tarkemmat tiedot kuvista).<\/strong><\/p>","protected":false},"excerpt":{"rendered":"<p>DOLCE &amp; GABBANA Wundersch\u00f6ne brandneu mit Tags, 100% Authentic Dolce &amp; Gabbana versch\u00f6nert Slip auf Fersen Sandalen. Modell: Heels Sandalen Farbe: Silber Material: 83% Leder 8% Kristall 4% PU 3% Polyester 2% Messing Sohle: Leder Logo-Details Hergestellt in Italien Sehr exklusiv und hohe Handwerkskunst Dieser Artikel hat einen kleinen Fehler, es gibt Kratzer auf beiden [&hellip;]<\/p>","protected":false},"featured_media":283158,"template":"","meta":[],"product_brand":[1620],"product_cat":[1635,1692,1624],"product_tag":[],"class_list":{"0":"post-283166","1":"product","2":"type-product","3":"status-publish","4":"has-post-thumbnail","6":"product_brand-dolce-gabbana","7":"product_cat-frauen-schuhe","8":"product_cat-sandalen-frauen-schuhe","9":"product_cat-schuhe","11":"first","12":"instock","13":"sale","14":"taxable","15":"shipping-taxable","16":"purchasable","17":"product-type-variable"},"_links":{"self":[{"href":"https:\/\/tpmadalina42.supserv.cozmoslabs.com\/fi\/wp-json\/wp\/v2\/product\/283166","targetHints":{"allow":["GET"]}}],"collection":[{"href":"https:\/\/tpmadalina42.supserv.cozmoslabs.com\/fi\/wp-json\/wp\/v2\/product"}],"about":[{"href":"https:\/\/tpmadalina42.supserv.cozmoslabs.com\/fi\/wp-json\/wp\/v2\/types\/product"}],"wp:featuredmedia":[{"embeddable":true,"href":"https:\/\/tpmadalina42.supserv.cozmoslabs.com\/fi\/wp-json\/wp\/v2\/media\/283158"}],"wp:attachment":[{"href":"https:\/\/tpmadalina42.supserv.cozmoslabs.com\/fi\/wp-json\/wp\/v2\/media?parent=283166"}],"wp:term":[{"taxonomy":"product_brand","embeddable":true,"href":"https:\/\/tpmadalina42.supserv.cozmoslabs.com\/fi\/wp-json\/wp\/v2\/product_brand?post=283166"},{"taxonomy":"product_cat","embeddable":true,"href":"https:\/\/tpmadalina42.supserv.cozmoslabs.com\/fi\/wp-json\/wp\/v2\/product_cat?post=283166"},{"taxonomy":"product_tag","embeddable":true,"href":"https:\/\/tpmadalina42.supserv.cozmoslabs.com\/fi\/wp-json\/wp\/v2\/product_tag?post=283166"}],"curies":[{"name":"wp","href":"https:\/\/api.w.org\/{rel}","templated":true}]}}