{"id":283243,"date":"2024-09-13T20:55:59","date_gmt":"2024-09-14T03:55:59","guid":{"rendered":"https:\/\/glandine.com\/product\/dolce-gabbana-silberne-crystal-anklestrap-keira-sandalen-schuhe\/"},"modified":"2024-12-01T12:03:57","modified_gmt":"2024-12-01T11:03:57","slug":"dolce-gabbana-silberne-crystal-anklestrap-keira-sandalen-schuhe","status":"publish","type":"product","link":"https:\/\/tpmadalina42.supserv.cozmoslabs.com\/fi\/tuote-2\/dolce-gabbana-silberne-crystal-anklestrap-keira-sandalen-schuhe\/","title":{"rendered":"Dolce &amp; Gabbana Silberne Crystal AnkleStrap Keira Sandalen Schuhe"},"content":{"rendered":"<p>DOLCE &amp; GABBANA<\/p>\n<p>Wundersch\u00f6ne brandneu mit Tags, 100% Authentic Dolce &amp; Gabbana versch\u00f6nert Fersen KEIRA Sandalen.<br \/>\nMalli: Heels sandaalit<br \/>\nV\u00e4ri: hopea<br \/>\nMateriaali: 100% nahka<br \/>\nPohja: nahkaa<br \/>\nSoljen sulkeminen<br \/>\nLogon yksityiskohdat<br \/>\nValmistettu Italiassa<br \/>\nEritt\u00e4in eksklusiivinen ja korkea ammattitaito<\/p>\n<p><strong>T\u00e4ss\u00e4 esineess\u00e4 on pieni virhe, molemmissa kengiss\u00e4 on naarmuja (katso tarkemmat tiedot kuvista). <\/strong><\/p>","protected":false},"excerpt":{"rendered":"<p>DOLCE &amp; GABBANA Wundersch\u00f6ne brandneu mit Tags, 100% Authentic Dolce &amp; Gabbana versch\u00f6nert Fersen KEIRA Sandalen. Modell: Heels Sandalen Farbe: Silber Material: 100% Leder Sohle: Leder Schnallenverschluss Logo-Details In Italien hergestellt Sehr exklusiv und hohe Handwerkskunst Dieser Artikel hat einen kleinen Fehler, es gibt Kratzer auf beiden Schuhen (siehe Bilder f\u00fcr Details).<\/p>","protected":false},"featured_media":283235,"template":"","meta":[],"product_brand":[1620],"product_cat":[1635,1692,1624],"product_tag":[],"class_list":{"0":"post-283243","1":"product","2":"type-product","3":"status-publish","4":"has-post-thumbnail","6":"product_brand-dolce-gabbana","7":"product_cat-frauen-schuhe","8":"product_cat-sandalen-frauen-schuhe","9":"product_cat-schuhe","11":"first","12":"instock","13":"sale","14":"taxable","15":"shipping-taxable","16":"purchasable","17":"product-type-variable"},"_links":{"self":[{"href":"https:\/\/tpmadalina42.supserv.cozmoslabs.com\/fi\/wp-json\/wp\/v2\/product\/283243","targetHints":{"allow":["GET"]}}],"collection":[{"href":"https:\/\/tpmadalina42.supserv.cozmoslabs.com\/fi\/wp-json\/wp\/v2\/product"}],"about":[{"href":"https:\/\/tpmadalina42.supserv.cozmoslabs.com\/fi\/wp-json\/wp\/v2\/types\/product"}],"wp:featuredmedia":[{"embeddable":true,"href":"https:\/\/tpmadalina42.supserv.cozmoslabs.com\/fi\/wp-json\/wp\/v2\/media\/283235"}],"wp:attachment":[{"href":"https:\/\/tpmadalina42.supserv.cozmoslabs.com\/fi\/wp-json\/wp\/v2\/media?parent=283243"}],"wp:term":[{"taxonomy":"product_brand","embeddable":true,"href":"https:\/\/tpmadalina42.supserv.cozmoslabs.com\/fi\/wp-json\/wp\/v2\/product_brand?post=283243"},{"taxonomy":"product_cat","embeddable":true,"href":"https:\/\/tpmadalina42.supserv.cozmoslabs.com\/fi\/wp-json\/wp\/v2\/product_cat?post=283243"},{"taxonomy":"product_tag","embeddable":true,"href":"https:\/\/tpmadalina42.supserv.cozmoslabs.com\/fi\/wp-json\/wp\/v2\/product_tag?post=283243"}],"curies":[{"name":"wp","href":"https:\/\/api.w.org\/{rel}","templated":true}]}}