{"id":283254,"date":"2024-09-13T20:56:23","date_gmt":"2024-09-14T03:56:23","guid":{"rendered":"https:\/\/glandine.com\/product\/dolce-gabbana-schwarze-lackleder-high-heels-pumps-schuhe-2\/"},"modified":"2024-12-01T12:04:09","modified_gmt":"2024-12-01T11:04:09","slug":"dolce-gabbana-schwarze-lackleder-high-heels-pumps-schuhe-2","status":"publish","type":"product","link":"https:\/\/tpmadalina42.supserv.cozmoslabs.com\/fi\/tuote-2\/dolce-gabbana-schwarze-lackleder-high-heels-pumps-schuhe-2\/","title":{"rendered":"Dolce &amp; Gabbana Musta kiiltonahkaiset korkokeng\u00e4t korkokeng\u00e4t keng\u00e4t"},"content":{"rendered":"<p>DOLCE &amp; GABBANA<\/p>\n<p>Wundersch\u00f6ne brandneu mit Tags, 100% Authentic Dolce &amp; Gabbana Lackleder Fersen Pumpen.<br \/>\nMalli: Kantap\u00e4\u00e4pumput<br \/>\nV\u00e4ri: Musta<br \/>\nMaterial: 100% Lackleder<br \/>\nPohja: nahkaa<br \/>\nLogon yksityiskohdat<br \/>\nValmistettu Italiassa<br \/>\nEritt\u00e4in eksklusiivinen ja korkea ammattitaito<\/p>\n<p><strong>Dieser Artikel hat einen kleinen Fehler, es ist ein Riss auf dem rechten Schuh (siehe Bilder f\u00fcr Details).<\/strong><\/p>","protected":false},"excerpt":{"rendered":"<p>DOLCE &amp; GABBANA Wundersch\u00f6ne brandneu mit Tags, 100% Authentic Dolce &amp; Gabbana Lackleder Fersen Pumpen. Modell: Absatz-Pumps Farbe: Schwarz Material: 100% Lackleder Sohle: Leder Logo-Details In Italien hergestellt Sehr exklusiv und hohe Handwerkskunst Dieser Artikel hat einen kleinen Fehler, es ist ein Riss auf dem rechten Schuh (siehe Bilder f\u00fcr Details).<\/p>","protected":false},"featured_media":283246,"template":"","meta":[],"product_brand":[1620],"product_cat":[1635,1688,1624],"product_tag":[],"class_list":{"0":"post-283254","1":"product","2":"type-product","3":"status-publish","4":"has-post-thumbnail","6":"product_brand-dolce-gabbana","7":"product_cat-frauen-schuhe","8":"product_cat-pumpen","9":"product_cat-schuhe","11":"first","12":"instock","13":"sale","14":"taxable","15":"shipping-taxable","16":"purchasable","17":"product-type-variable"},"_links":{"self":[{"href":"https:\/\/tpmadalina42.supserv.cozmoslabs.com\/fi\/wp-json\/wp\/v2\/product\/283254","targetHints":{"allow":["GET"]}}],"collection":[{"href":"https:\/\/tpmadalina42.supserv.cozmoslabs.com\/fi\/wp-json\/wp\/v2\/product"}],"about":[{"href":"https:\/\/tpmadalina42.supserv.cozmoslabs.com\/fi\/wp-json\/wp\/v2\/types\/product"}],"wp:featuredmedia":[{"embeddable":true,"href":"https:\/\/tpmadalina42.supserv.cozmoslabs.com\/fi\/wp-json\/wp\/v2\/media\/283246"}],"wp:attachment":[{"href":"https:\/\/tpmadalina42.supserv.cozmoslabs.com\/fi\/wp-json\/wp\/v2\/media?parent=283254"}],"wp:term":[{"taxonomy":"product_brand","embeddable":true,"href":"https:\/\/tpmadalina42.supserv.cozmoslabs.com\/fi\/wp-json\/wp\/v2\/product_brand?post=283254"},{"taxonomy":"product_cat","embeddable":true,"href":"https:\/\/tpmadalina42.supserv.cozmoslabs.com\/fi\/wp-json\/wp\/v2\/product_cat?post=283254"},{"taxonomy":"product_tag","embeddable":true,"href":"https:\/\/tpmadalina42.supserv.cozmoslabs.com\/fi\/wp-json\/wp\/v2\/product_tag?post=283254"}],"curies":[{"name":"wp","href":"https:\/\/api.w.org\/{rel}","templated":true}]}}