{"id":283261,"date":"2024-09-13T21:00:56","date_gmt":"2024-09-14T04:00:56","guid":{"rendered":"https:\/\/glandine.com\/product\/bmw-blaue-optische-brillenfassungen-fuer-maenner\/"},"modified":"2024-12-01T12:15:13","modified_gmt":"2024-12-01T11:15:13","slug":"bmw-blaue-optische-brillenfassungen-fuer-maenner","status":"publish","type":"product","link":"https:\/\/tpmadalina42.supserv.cozmoslabs.com\/fi\/tuote-2\/bmw-blaue-optische-brillenfassungen-fuer-maenner\/","title":{"rendered":"BMW Siniset optiset silm\u00e4lasien kehykset miehille"},"content":{"rendered":"<table>\n<tbody>\n<tr>\n<td>Sukupuoli<\/td>\n<td>miehet<\/td>\n<\/tr>\n<tr>\n<td>p\u00e4\u00e4v\u00e4ri<\/td>\n<td>Sininen<\/td>\n<\/tr>\n<tr>\n<td>ylim\u00e4\u00e4r\u00e4ist\u00e4<\/td>\n<td>Ei ylim\u00e4\u00e4r\u00e4ist\u00e4<\/td>\n<\/tr>\n<tr>\n<td>Kehyksen v\u00e4ri<\/td>\n<td>Sininen<\/td>\n<\/tr>\n<tr>\n<td>Rungon materiaali<\/td>\n<td>Metalli &amp; Muovi<\/td>\n<\/tr>\n<tr>\n<td>Linssien v\u00e4ri<\/td>\n<td>Demo lasit<\/td>\n<\/tr>\n<tr>\n<td>Linssin materiaali<\/td>\n<td>muovi<\/td>\n<\/tr>\n<tr>\n<td>Suodatinluokka<\/td>\n<td>Ei<\/td>\n<\/tr>\n<tr>\n<td>muodossa<\/td>\n<td>Trapetsimainen<\/td>\n<\/tr>\n<tr>\n<td>Linssien vaikutus<\/td>\n<td>Ei<\/td>\n<\/tr>\n<tr>\n<td>Suojaus<\/td>\n<td>Ei<\/td>\n<\/tr>\n<tr>\n<td>Koko<\/td>\n<td>56 -20-145<\/td>\n<\/tr>\n<tr>\n<td>Linssien leveys<\/td>\n<td>56<\/td>\n<\/tr>\n<tr>\n<td>Linssien korkeus<\/td>\n<td>36<\/td>\n<\/tr>\n<tr>\n<td>Sillan leveys<\/td>\n<td>20<\/td>\n<\/tr>\n<tr>\n<td>Kehyksen leveys<\/td>\n<td>147<\/td>\n<\/tr>\n<tr>\n<td>Temppelien pituus<\/td>\n<td>145<\/td>\n<\/tr>\n<tr>\n<td>Jousisarana<\/td>\n<td>Ei<\/td>\n<\/tr>\n<tr>\n<td>Toimitus sis\u00e4ltyy hintaan<\/td>\n<td>Merkkikotelo<\/td>\n<\/tr>\n<tr>\n<td>Vanteen muoto<\/td>\n<td>T\u00e4ysreunainen vanne<\/td>\n<\/tr>\n<\/tbody>\n<\/table>","protected":false},"excerpt":{"rendered":"<p>Geschlecht M\u00e4nner Hauptfarbe Blau Extra Kein Extra Farbe des Rahmens Blau Material des Rahmens Metall &amp; Kunststoff Farbe der Gl\u00e4ser Demo-Brille Material der Gl\u00e4ser Kunststoff Filter-Kategorie Keine Form Trapezf\u00f6rmig Effekt der Linsen Keine Schutz Keine Gr\u00f6\u00dfe 56 -20-145 Breite der Linsen 56 H\u00f6he der Linsen 36 Breite der Br\u00fccke 20 Breite des Rahmens 147 L\u00e4nge [&hellip;]<\/p>","protected":false},"featured_media":283257,"template":"","meta":[],"product_brand":[2148],"product_cat":[1626,1644],"product_tag":[],"class_list":{"0":"post-283261","1":"product","2":"type-product","3":"status-publish","4":"has-post-thumbnail","6":"product_brand-bmw","7":"product_cat-rahmen","8":"product_cat-fassungen-fuer-maenner","10":"first","11":"instock","12":"sale","13":"taxable","14":"shipping-taxable","15":"purchasable","16":"product-type-simple"},"_links":{"self":[{"href":"https:\/\/tpmadalina42.supserv.cozmoslabs.com\/fi\/wp-json\/wp\/v2\/product\/283261","targetHints":{"allow":["GET"]}}],"collection":[{"href":"https:\/\/tpmadalina42.supserv.cozmoslabs.com\/fi\/wp-json\/wp\/v2\/product"}],"about":[{"href":"https:\/\/tpmadalina42.supserv.cozmoslabs.com\/fi\/wp-json\/wp\/v2\/types\/product"}],"wp:featuredmedia":[{"embeddable":true,"href":"https:\/\/tpmadalina42.supserv.cozmoslabs.com\/fi\/wp-json\/wp\/v2\/media\/283257"}],"wp:attachment":[{"href":"https:\/\/tpmadalina42.supserv.cozmoslabs.com\/fi\/wp-json\/wp\/v2\/media?parent=283261"}],"wp:term":[{"taxonomy":"product_brand","embeddable":true,"href":"https:\/\/tpmadalina42.supserv.cozmoslabs.com\/fi\/wp-json\/wp\/v2\/product_brand?post=283261"},{"taxonomy":"product_cat","embeddable":true,"href":"https:\/\/tpmadalina42.supserv.cozmoslabs.com\/fi\/wp-json\/wp\/v2\/product_cat?post=283261"},{"taxonomy":"product_tag","embeddable":true,"href":"https:\/\/tpmadalina42.supserv.cozmoslabs.com\/fi\/wp-json\/wp\/v2\/product_tag?post=283261"}],"curies":[{"name":"wp","href":"https:\/\/api.w.org\/{rel}","templated":true}]}}