{"id":283271,"date":"2024-09-13T21:01:26","date_gmt":"2024-09-14T04:01:26","guid":{"rendered":"https:\/\/glandine.com\/product\/bmw-braun-maenner-optische-fassungen\/"},"modified":"2024-12-01T12:15:20","modified_gmt":"2024-12-01T11:15:20","slug":"bmw-braun-maenner-optische-fassungen","status":"publish","type":"product","link":"https:\/\/tpmadalina42.supserv.cozmoslabs.com\/fi\/tuote-2\/bmw-braun-miesten-optiset-kehykset\/","title":{"rendered":"BMW Brown Miesten optiset kehykset"},"content":{"rendered":"<table>\n<tbody>\n<tr>\n<td>Sukupuoli<\/td>\n<td>miehet<\/td>\n<\/tr>\n<tr>\n<td>p\u00e4\u00e4v\u00e4ri<\/td>\n<td>Ruskea<\/td>\n<\/tr>\n<tr>\n<td>ylim\u00e4\u00e4r\u00e4ist\u00e4<\/td>\n<td>Ei ylim\u00e4\u00e4r\u00e4ist\u00e4<\/td>\n<\/tr>\n<tr>\n<td>Kehyksen v\u00e4ri<\/td>\n<td>Moniv\u00e4rinen<\/td>\n<\/tr>\n<tr>\n<td>Rungon materiaali<\/td>\n<td>Metalli &amp; Muovi<\/td>\n<\/tr>\n<tr>\n<td>Linssien v\u00e4ri<\/td>\n<td>Demo lasit<\/td>\n<\/tr>\n<tr>\n<td>Linssin materiaali<\/td>\n<td>muovi<\/td>\n<\/tr>\n<tr>\n<td>Suodatinluokka<\/td>\n<td>Ei<\/td>\n<\/tr>\n<tr>\n<td>muodossa<\/td>\n<td>Trapetsimainen<\/td>\n<\/tr>\n<tr>\n<td>Linssien vaikutus<\/td>\n<td>Ei ylim\u00e4\u00e4r\u00e4ist\u00e4<\/td>\n<\/tr>\n<tr>\n<td>Suojaus<\/td>\n<td>Ei<\/td>\n<\/tr>\n<tr>\n<td>Koko<\/td>\n<td>54-20-145<\/td>\n<\/tr>\n<tr>\n<td>Linssien leveys<\/td>\n<td>54<\/td>\n<\/tr>\n<tr>\n<td>Linssien korkeus<\/td>\n<td>39<\/td>\n<\/tr>\n<tr>\n<td>Sillan leveys<\/td>\n<td>20<\/td>\n<\/tr>\n<tr>\n<td>Kehyksen leveys<\/td>\n<td>143<\/td>\n<\/tr>\n<tr>\n<td>Temppelin pituus<\/td>\n<td>145<\/td>\n<\/tr>\n<tr>\n<td>Jousisarana<\/td>\n<td>Ei<\/td>\n<\/tr>\n<tr>\n<td>Toimitus sis\u00e4ltyy hintaan<\/td>\n<td>Merkkikotelo<\/td>\n<\/tr>\n<tr>\n<td>Vanteen muoto<\/td>\n<td>T\u00e4ysreunainen vanne<\/td>\n<\/tr>\n<\/tbody>\n<\/table>","protected":false},"excerpt":{"rendered":"<p>Geschlecht M\u00e4nner Hauptfarbe Braun Extra Kein Extra Farbe des Rahmens Mehrfarbig Material des Rahmens Metall &amp; Kunststoff Farbe der Gl\u00e4ser Demo-Brille Material der Gl\u00e4ser Kunststoff Filter-Kategorie Keine Form Trapezf\u00f6rmig Effekt der Linsen Kein Extra Schutz Keine Gr\u00f6\u00dfe 54-20-145 Breite der Linsen 54 H\u00f6he der Linsen 39 Breite der Br\u00fccke 20 Breite des Rahmens 143 B\u00fcgell\u00e4nge [&hellip;]<\/p>","protected":false},"featured_media":283267,"template":"","meta":[],"product_brand":[2148],"product_cat":[1626,1644],"product_tag":[],"class_list":{"0":"post-283271","1":"product","2":"type-product","3":"status-publish","4":"has-post-thumbnail","6":"product_brand-bmw","7":"product_cat-rahmen","8":"product_cat-fassungen-fuer-maenner","10":"first","11":"instock","12":"sale","13":"taxable","14":"shipping-taxable","15":"purchasable","16":"product-type-simple"},"_links":{"self":[{"href":"https:\/\/tpmadalina42.supserv.cozmoslabs.com\/fi\/wp-json\/wp\/v2\/product\/283271","targetHints":{"allow":["GET"]}}],"collection":[{"href":"https:\/\/tpmadalina42.supserv.cozmoslabs.com\/fi\/wp-json\/wp\/v2\/product"}],"about":[{"href":"https:\/\/tpmadalina42.supserv.cozmoslabs.com\/fi\/wp-json\/wp\/v2\/types\/product"}],"wp:featuredmedia":[{"embeddable":true,"href":"https:\/\/tpmadalina42.supserv.cozmoslabs.com\/fi\/wp-json\/wp\/v2\/media\/283267"}],"wp:attachment":[{"href":"https:\/\/tpmadalina42.supserv.cozmoslabs.com\/fi\/wp-json\/wp\/v2\/media?parent=283271"}],"wp:term":[{"taxonomy":"product_brand","embeddable":true,"href":"https:\/\/tpmadalina42.supserv.cozmoslabs.com\/fi\/wp-json\/wp\/v2\/product_brand?post=283271"},{"taxonomy":"product_cat","embeddable":true,"href":"https:\/\/tpmadalina42.supserv.cozmoslabs.com\/fi\/wp-json\/wp\/v2\/product_cat?post=283271"},{"taxonomy":"product_tag","embeddable":true,"href":"https:\/\/tpmadalina42.supserv.cozmoslabs.com\/fi\/wp-json\/wp\/v2\/product_tag?post=283271"}],"curies":[{"name":"wp","href":"https:\/\/api.w.org\/{rel}","templated":true}]}}