{"id":283281,"date":"2024-09-13T21:01:54","date_gmt":"2024-09-14T04:01:54","guid":{"rendered":"https:\/\/glandine.com\/product\/longines-multicolor-maenner-sonnenbrille\/"},"modified":"2024-12-01T12:15:26","modified_gmt":"2024-12-01T11:15:26","slug":"longines-multicolor-maenner-sonnenbrille","status":"publish","type":"product","link":"https:\/\/tpmadalina42.supserv.cozmoslabs.com\/fi\/tuote-2\/longines-multicolor-maenner-sonnenbrille\/","title":{"rendered":"Longines moniv\u00e4riset miesten aurinkolasit"},"content":{"rendered":"<table>\n<tbody>\n<tr>\n<td>Sukupuoli<\/td>\n<td>miehet<\/td>\n<\/tr>\n<tr>\n<td>p\u00e4\u00e4v\u00e4ri<\/td>\n<td>Moniv\u00e4rinen<\/td>\n<\/tr>\n<tr>\n<td>ylim\u00e4\u00e4r\u00e4ist\u00e4<\/td>\n<td>Ei ylim\u00e4\u00e4r\u00e4ist\u00e4<\/td>\n<\/tr>\n<tr>\n<td>Kehyksen v\u00e4ri<\/td>\n<td>Moniv\u00e4rinen<\/td>\n<\/tr>\n<tr>\n<td>Rungon materiaali<\/td>\n<td>metalli<\/td>\n<\/tr>\n<tr>\n<td>Linssien v\u00e4ri<\/td>\n<td>Gr\u00fcn<\/td>\n<\/tr>\n<tr>\n<td>Linssin materiaali<\/td>\n<td>muovi<\/td>\n<\/tr>\n<tr>\n<td>Suodatinluokka<\/td>\n<td>3<\/td>\n<\/tr>\n<tr>\n<td>muodossa<\/td>\n<td>Trapetsimainen<\/td>\n<\/tr>\n<tr>\n<td>Linssien vaikutus<\/td>\n<td>Ei ylim\u00e4\u00e4r\u00e4ist\u00e4<\/td>\n<\/tr>\n<tr>\n<td>Suojaus<\/td>\n<td>100% UVA ja UVB<\/td>\n<\/tr>\n<tr>\n<td>Koko<\/td>\n<td>53-19-145<\/td>\n<\/tr>\n<tr>\n<td>Linssien leveys<\/td>\n<td>53<\/td>\n<\/tr>\n<tr>\n<td>Lasien korkeus<\/td>\n<td>40<\/td>\n<\/tr>\n<tr>\n<td>Sillan leveys<\/td>\n<td>19<\/td>\n<\/tr>\n<tr>\n<td>Kehyksen leveys<\/td>\n<td>145<\/td>\n<\/tr>\n<tr>\n<td>Temppelin pituus<\/td>\n<td>145<\/td>\n<\/tr>\n<tr>\n<td>Jousisarana<\/td>\n<td>Ei<\/td>\n<\/tr>\n<tr>\n<td>Toimitus sis\u00e4ltyy hintaan<\/td>\n<td>Merkkikotelo<\/td>\n<\/tr>\n<tr>\n<td>Vanteen muoto<\/td>\n<td>Halbrand<\/td>\n<\/tr>\n<\/tbody>\n<\/table>","protected":false},"excerpt":{"rendered":"<p>Geschlecht M\u00e4nner Hauptfarbe Mehrfarbig Extra Kein Extra Farbe des Rahmens Mehrfarbig Material des Rahmens Metall Farbe der Gl\u00e4ser Gr\u00fcn Material der Linsen Kunststoff Filter-Kategorie 3 Form Trapezf\u00f6rmig Effekt der Linsen Kein Extra Schutz 100% UVA &amp; UVB Gr\u00f6\u00dfe 53-19-145 Breite der Linsen 53 H\u00f6he der Gl\u00e4ser 40 Breite der Br\u00fccke 19 Breite des Rahmens 145 [&hellip;]<\/p>","protected":false},"featured_media":283278,"template":"","meta":[],"product_brand":[2140],"product_cat":[1627,1639],"product_tag":[],"class_list":{"0":"post-283281","1":"product","2":"type-product","3":"status-publish","4":"has-post-thumbnail","6":"product_brand-longines","7":"product_cat-sonnenbrille","8":"product_cat-sonnenbrillen-fuer-maenner","10":"first","11":"instock","12":"sale","13":"taxable","14":"shipping-taxable","15":"purchasable","16":"product-type-simple"},"_links":{"self":[{"href":"https:\/\/tpmadalina42.supserv.cozmoslabs.com\/fi\/wp-json\/wp\/v2\/product\/283281","targetHints":{"allow":["GET"]}}],"collection":[{"href":"https:\/\/tpmadalina42.supserv.cozmoslabs.com\/fi\/wp-json\/wp\/v2\/product"}],"about":[{"href":"https:\/\/tpmadalina42.supserv.cozmoslabs.com\/fi\/wp-json\/wp\/v2\/types\/product"}],"wp:featuredmedia":[{"embeddable":true,"href":"https:\/\/tpmadalina42.supserv.cozmoslabs.com\/fi\/wp-json\/wp\/v2\/media\/283278"}],"wp:attachment":[{"href":"https:\/\/tpmadalina42.supserv.cozmoslabs.com\/fi\/wp-json\/wp\/v2\/media?parent=283281"}],"wp:term":[{"taxonomy":"product_brand","embeddable":true,"href":"https:\/\/tpmadalina42.supserv.cozmoslabs.com\/fi\/wp-json\/wp\/v2\/product_brand?post=283281"},{"taxonomy":"product_cat","embeddable":true,"href":"https:\/\/tpmadalina42.supserv.cozmoslabs.com\/fi\/wp-json\/wp\/v2\/product_cat?post=283281"},{"taxonomy":"product_tag","embeddable":true,"href":"https:\/\/tpmadalina42.supserv.cozmoslabs.com\/fi\/wp-json\/wp\/v2\/product_tag?post=283281"}],"curies":[{"name":"wp","href":"https:\/\/api.w.org\/{rel}","templated":true}]}}