{"id":283380,"date":"2024-09-15T23:24:34","date_gmt":"2024-09-16T06:24:34","guid":{"rendered":"https:\/\/glandine.com\/product\/dolce-gabbana-schwarz-silber-logo-mid-top-maenner-turnschuhe-schuhe\/"},"modified":"2024-12-01T08:38:57","modified_gmt":"2024-12-01T07:38:57","slug":"dolce-gabbana-schwarz-silber-logo-mid-top-maenner-turnschuhe-schuhe","status":"publish","type":"product","link":"https:\/\/tpmadalina42.supserv.cozmoslabs.com\/fi\/tuote-2\/dolce-gabbana-schwarz-silber-logo-mid-top-maenner-turnschuhe-schuhe\/","title":{"rendered":"Dolce &amp; Gabbana Schwarz Silber Logo Mid Top M\u00e4nner Turnschuhe Schuhe"},"content":{"rendered":"<p>DOLCE &amp; GABBANA<\/p>\n<p>Wundersch\u00f6ne Preowned mit Tags, 100% Authentic Dolce &amp; Gabbana lace-up mid top Turnschuhe. Hergestellt aus Leder.<br \/>\nModell: Mid-Top Turnschuhe<br \/>\nV\u00e4ri: musta, hopea<br \/>\nMateriaali: 100% nahka<br \/>\nGummi-Au\u00dfensohle<br \/>\nPitsikiinnitys<br \/>\nLogon yksityiskohdat<br \/>\nValmistettu Italiassa<br \/>\nEritt\u00e4in eksklusiivinen ja korkea ammattitaito<\/p>\n<p><strong>T\u00e4m\u00e4 esine on eritt\u00e4in v\u00e4h\u00e4n k\u00e4ytetty, eritt\u00e4in pieni\u00e4 k\u00e4yt\u00f6n j\u00e4lki\u00e4 l\u00f6ytyy (katso tarkemmat tiedot kuvista). <\/strong><\/p>","protected":false},"excerpt":{"rendered":"<p>DOLCE &amp; GABBANA Wundersch\u00f6ne Preowned mit Tags, 100% Authentic Dolce &amp; Gabbana lace-up mid top Turnschuhe. Hergestellt aus Leder. Modell: Mid-Top Turnschuhe Farbe: Schwarz, Silber Material: 100% Leder Gummi-Au\u00dfensohle Schn\u00fcrverschluss Logo-Details Hergestellt in Italien Sehr exklusiv und hohe Handwerkskunst Dieser Artikel ist sehr leicht gebraucht, es gibt sehr kleine Gebrauchsspuren (siehe Bilder f\u00fcr Details).<\/p>","protected":false},"featured_media":283372,"template":"","meta":[],"product_brand":[1620],"product_cat":[1634,1624,1702],"product_tag":[],"class_list":{"0":"post-283380","1":"product","2":"type-product","3":"status-publish","4":"has-post-thumbnail","6":"product_brand-dolce-gabbana","7":"product_cat-maenner-schuhe","8":"product_cat-schuhe","9":"product_cat-turnschuhe","11":"first","12":"instock","13":"sale","14":"taxable","15":"shipping-taxable","16":"purchasable","17":"product-type-variable"},"_links":{"self":[{"href":"https:\/\/tpmadalina42.supserv.cozmoslabs.com\/fi\/wp-json\/wp\/v2\/product\/283380","targetHints":{"allow":["GET"]}}],"collection":[{"href":"https:\/\/tpmadalina42.supserv.cozmoslabs.com\/fi\/wp-json\/wp\/v2\/product"}],"about":[{"href":"https:\/\/tpmadalina42.supserv.cozmoslabs.com\/fi\/wp-json\/wp\/v2\/types\/product"}],"wp:featuredmedia":[{"embeddable":true,"href":"https:\/\/tpmadalina42.supserv.cozmoslabs.com\/fi\/wp-json\/wp\/v2\/media\/283372"}],"wp:attachment":[{"href":"https:\/\/tpmadalina42.supserv.cozmoslabs.com\/fi\/wp-json\/wp\/v2\/media?parent=283380"}],"wp:term":[{"taxonomy":"product_brand","embeddable":true,"href":"https:\/\/tpmadalina42.supserv.cozmoslabs.com\/fi\/wp-json\/wp\/v2\/product_brand?post=283380"},{"taxonomy":"product_cat","embeddable":true,"href":"https:\/\/tpmadalina42.supserv.cozmoslabs.com\/fi\/wp-json\/wp\/v2\/product_cat?post=283380"},{"taxonomy":"product_tag","embeddable":true,"href":"https:\/\/tpmadalina42.supserv.cozmoslabs.com\/fi\/wp-json\/wp\/v2\/product_tag?post=283380"}],"curies":[{"name":"wp","href":"https:\/\/api.w.org\/{rel}","templated":true}]}}