{"id":283503,"date":"2024-09-16T01:01:30","date_gmt":"2024-09-16T08:01:30","guid":{"rendered":"https:\/\/glandine.com\/product\/dolce-gabbana-schwarzes-leder-bifold-shoulder-sling-frauen-brieftasche\/"},"modified":"2024-12-01T08:44:43","modified_gmt":"2024-12-01T07:44:43","slug":"dolce-gabbana-schwarzes-leder-bifold-shoulder-sling-frauen-brieftasche","status":"publish","type":"product","link":"https:\/\/tpmadalina42.supserv.cozmoslabs.com\/fi\/tuote-2\/dolce-gabbana-musta-nahkainen-bifold-olkahihnat-naisten-lompakko\/","title":{"rendered":"Dolce &amp; Gabbana musta nahkainen bifold olkahihnan naisten lompakko"},"content":{"rendered":"<p>DOLCE &amp; GABBANA<\/p>\n<p>Aivan upea, 100% aito, upouusi tunnisteilla Dolce &amp; Gabbana lompakko nahkahihnalla, l\u00e4pp\u00e4 nepparikiinnityksell\u00e4.<br \/>\nMalli: Lompakko<br \/>\nMateriaali: 100% nahka<br \/>\nV\u00e4ri: Musta hopeisella metallikoristeella<br \/>\nPiilotettu neppari<br \/>\nMusta nahkavuori<br \/>\nMetallihelat kaiverretulla logolla<br \/>\nValmistettu Italiassa<br \/>\nMitat: 10,5 x 8,5 x 2,5 cm<br \/>\nHihna: 98cm x 1cm<\/p>\n<p><strong>T\u00e4ss\u00e4 esineess\u00e4 on eritt\u00e4in pieni virhe, pussin sis\u00e4- ja ulkopuolella on naarmuja\/j\u00e4lki\u00e4 (katso tarkemmat tiedot kuvista).<\/strong><\/p>","protected":false},"excerpt":{"rendered":"<p>DOLCE &amp; GABBANA Absolut atemberaubend, 100% authentisch, ganz neu mit Tags Dolce &amp; Gabbana Brieftasche mit Lederband, Klappe mit Druckknopf. Modell: Brieftasche Material: 100% Leder Farbe: Schwarz mit silberner Metallverzierung Verdeckter Druckknopfverschluss Innenfutter aus schwarzem Leder Metallbeschl\u00e4ge mit eingraviertem Logo Hergestellt in Italien Abmessungen: 10,5cm x 8,5cm x 2,5cm Riemen: 98cm x 1cm Dieser Artikel [&hellip;]<\/p>","protected":false},"featured_media":283495,"template":"","meta":[],"product_brand":[1620],"product_cat":[1630,1722],"product_tag":[],"class_list":{"0":"post-283503","1":"product","2":"type-product","3":"status-publish","4":"has-post-thumbnail","6":"product_brand-dolce-gabbana","7":"product_cat-frauen","8":"product_cat-geldboersen-frauen","10":"first","11":"instock","12":"sale","13":"taxable","14":"shipping-taxable","15":"purchasable","16":"product-type-simple"},"_links":{"self":[{"href":"https:\/\/tpmadalina42.supserv.cozmoslabs.com\/fi\/wp-json\/wp\/v2\/product\/283503","targetHints":{"allow":["GET"]}}],"collection":[{"href":"https:\/\/tpmadalina42.supserv.cozmoslabs.com\/fi\/wp-json\/wp\/v2\/product"}],"about":[{"href":"https:\/\/tpmadalina42.supserv.cozmoslabs.com\/fi\/wp-json\/wp\/v2\/types\/product"}],"wp:featuredmedia":[{"embeddable":true,"href":"https:\/\/tpmadalina42.supserv.cozmoslabs.com\/fi\/wp-json\/wp\/v2\/media\/283495"}],"wp:attachment":[{"href":"https:\/\/tpmadalina42.supserv.cozmoslabs.com\/fi\/wp-json\/wp\/v2\/media?parent=283503"}],"wp:term":[{"taxonomy":"product_brand","embeddable":true,"href":"https:\/\/tpmadalina42.supserv.cozmoslabs.com\/fi\/wp-json\/wp\/v2\/product_brand?post=283503"},{"taxonomy":"product_cat","embeddable":true,"href":"https:\/\/tpmadalina42.supserv.cozmoslabs.com\/fi\/wp-json\/wp\/v2\/product_cat?post=283503"},{"taxonomy":"product_tag","embeddable":true,"href":"https:\/\/tpmadalina42.supserv.cozmoslabs.com\/fi\/wp-json\/wp\/v2\/product_tag?post=283503"}],"curies":[{"name":"wp","href":"https:\/\/api.w.org\/{rel}","templated":true}]}}