{"id":283836,"date":"2024-09-16T07:54:48","date_gmt":"2024-09-16T14:54:48","guid":{"rendered":"https:\/\/glandine.com\/product\/dolce-gabbana-schwarzes-kalbsleder-mit-antiker-schnalle-herrenguertel\/"},"modified":"2024-12-01T08:48:16","modified_gmt":"2024-12-01T07:48:16","slug":"dolce-gabbana-schwarzes-kalbsleder-mit-antiker-schnalle-herrenguertel","status":"publish","type":"product","link":"https:\/\/tpmadalina42.supserv.cozmoslabs.com\/fi\/tuote-2\/dolce-gabbana-schwarzes-kalbsleder-mit-antiker-schnalle-herrenguertel\/","title":{"rendered":"Dolce &amp; Gabbana musta vasikkanahkainen antiikkisolki miesten vy\u00f6"},"content":{"rendered":"<p>DOLCE &amp; GABBANA<\/p>\n<p>Wundersch\u00f6ner, brandneuer, 100% authentischer Dolce &amp; Gabbana G\u00fcrtel aus hochwertigem Leder mit Metallschnalle. Ein einzigartiger, auff\u00e4lliger G\u00fcrtel voller Charakter.<br \/>\nMateriaali: nahka<br \/>\nV\u00e4ri: Musta<br \/>\nLeveys: 2,5 cm<br \/>\nValmistettu Italiassa<\/p>\n<p><strong>Dieser Artikel hat kleine M\u00e4ngel, er hat Kratzer im Leder (siehe Bilder f\u00fcr Details). <\/strong><\/p>","protected":false},"excerpt":{"rendered":"<p>DOLCE &amp; GABBANA Wundersch\u00f6ner, brandneuer, 100% authentischer Dolce &amp; Gabbana G\u00fcrtel aus hochwertigem Leder mit Metallschnalle. Ein einzigartiger, auff\u00e4lliger G\u00fcrtel voller Charakter. Material: Leder Farbe: Schwarz Breite: 2,5 cm Hergestellt in Italien Dieser Artikel hat kleine M\u00e4ngel, er hat Kratzer im Leder (siehe Bilder f\u00fcr Details).<\/p>","protected":false},"featured_media":283829,"template":"","meta":[],"product_brand":[1620],"product_cat":[1621,1631,1651],"product_tag":[],"class_list":{"0":"post-283836","1":"product","2":"type-product","3":"status-publish","4":"has-post-thumbnail","6":"product_brand-dolce-gabbana","7":"product_cat-accessoire","8":"product_cat-maenner-zubehoer","9":"product_cat-guertel","11":"first","12":"instock","13":"sale","14":"taxable","15":"shipping-taxable","16":"purchasable","17":"product-type-variable"},"_links":{"self":[{"href":"https:\/\/tpmadalina42.supserv.cozmoslabs.com\/fi\/wp-json\/wp\/v2\/product\/283836","targetHints":{"allow":["GET"]}}],"collection":[{"href":"https:\/\/tpmadalina42.supserv.cozmoslabs.com\/fi\/wp-json\/wp\/v2\/product"}],"about":[{"href":"https:\/\/tpmadalina42.supserv.cozmoslabs.com\/fi\/wp-json\/wp\/v2\/types\/product"}],"wp:featuredmedia":[{"embeddable":true,"href":"https:\/\/tpmadalina42.supserv.cozmoslabs.com\/fi\/wp-json\/wp\/v2\/media\/283829"}],"wp:attachment":[{"href":"https:\/\/tpmadalina42.supserv.cozmoslabs.com\/fi\/wp-json\/wp\/v2\/media?parent=283836"}],"wp:term":[{"taxonomy":"product_brand","embeddable":true,"href":"https:\/\/tpmadalina42.supserv.cozmoslabs.com\/fi\/wp-json\/wp\/v2\/product_brand?post=283836"},{"taxonomy":"product_cat","embeddable":true,"href":"https:\/\/tpmadalina42.supserv.cozmoslabs.com\/fi\/wp-json\/wp\/v2\/product_cat?post=283836"},{"taxonomy":"product_tag","embeddable":true,"href":"https:\/\/tpmadalina42.supserv.cozmoslabs.com\/fi\/wp-json\/wp\/v2\/product_tag?post=283836"}],"curies":[{"name":"wp","href":"https:\/\/api.w.org\/{rel}","templated":true}]}}