{"id":284525,"date":"2024-09-17T04:32:07","date_gmt":"2024-09-17T11:32:07","guid":{"rendered":"https:\/\/glandine.com\/product\/dolce-gabbana-multicolor-camouflage-patchwork-umhaengetasche\/"},"modified":"2024-12-01T09:21:27","modified_gmt":"2024-12-01T08:21:27","slug":"dolce-gabbana-multicolor-camouflage-patchwork-umhaengetasche","status":"publish","type":"product","link":"https:\/\/tpmadalina42.supserv.cozmoslabs.com\/fi\/tuote-2\/dolce-gabbana-multicolor-camouflage-patchwork-umhaengetasche\/","title":{"rendered":"Dolce &amp; Gabbana moniv\u00e4rinen naamiointi patchwork olkalaukku"},"content":{"rendered":"<p>DOLCE &amp; GABBANA<\/p>\n<p>Wundersch\u00f6ne brandneu mit Tags 100% Authentic Dolce &amp; Gabbana Camouflage Patchwork Tasche. Verf\u00fcgt \u00fcber einen bequemen verstellbaren und abnehmbaren Bandriemen mit Kalbslederverzierung, so dass sie \u00fcber der Schulter getragen werden kann.<br \/>\nMalli: olkalaukku<br \/>\nV\u00e4ri: Moniv\u00e4rinen<br \/>\nMaterialien: Nylon, Leder<br \/>\nVetoketju<br \/>\nLogon yksityiskohdat<br \/>\nValmistettu Italiassa<br \/>\nAbmessungen: 30cm x 23cm x 12cm<br \/>\nRiemen: 143cm x 4cm<\/p>","protected":false},"excerpt":{"rendered":"<p>DOLCE &amp; GABBANA Wundersch\u00f6ne brandneu mit Tags 100% Authentic Dolce &amp; Gabbana Camouflage Patchwork Tasche. Verf\u00fcgt \u00fcber einen bequemen verstellbaren und abnehmbaren Bandriemen mit Kalbslederverzierung, so dass sie \u00fcber der Schulter getragen werden kann. Modell: Umh\u00e4ngetasche Farbe: Multicolor Materialien: Nylon, Leder Reissverschluss Logo-Details Hergestellt in Italien Abmessungen: 30cm x 23cm x 12cm Riemen: 143cm x [&hellip;]<\/p>","protected":false},"featured_media":284517,"template":"","meta":[],"product_brand":[1620],"product_cat":[1629,1744],"product_tag":[],"class_list":{"0":"post-284525","1":"product","2":"type-product","3":"status-publish","4":"has-post-thumbnail","6":"product_brand-dolce-gabbana","7":"product_cat-maenner","8":"product_cat-umhaengetaschen","10":"first","11":"instock","12":"sale","13":"taxable","14":"shipping-taxable","15":"purchasable","16":"product-type-simple"},"_links":{"self":[{"href":"https:\/\/tpmadalina42.supserv.cozmoslabs.com\/fi\/wp-json\/wp\/v2\/product\/284525","targetHints":{"allow":["GET"]}}],"collection":[{"href":"https:\/\/tpmadalina42.supserv.cozmoslabs.com\/fi\/wp-json\/wp\/v2\/product"}],"about":[{"href":"https:\/\/tpmadalina42.supserv.cozmoslabs.com\/fi\/wp-json\/wp\/v2\/types\/product"}],"wp:featuredmedia":[{"embeddable":true,"href":"https:\/\/tpmadalina42.supserv.cozmoslabs.com\/fi\/wp-json\/wp\/v2\/media\/284517"}],"wp:attachment":[{"href":"https:\/\/tpmadalina42.supserv.cozmoslabs.com\/fi\/wp-json\/wp\/v2\/media?parent=284525"}],"wp:term":[{"taxonomy":"product_brand","embeddable":true,"href":"https:\/\/tpmadalina42.supserv.cozmoslabs.com\/fi\/wp-json\/wp\/v2\/product_brand?post=284525"},{"taxonomy":"product_cat","embeddable":true,"href":"https:\/\/tpmadalina42.supserv.cozmoslabs.com\/fi\/wp-json\/wp\/v2\/product_cat?post=284525"},{"taxonomy":"product_tag","embeddable":true,"href":"https:\/\/tpmadalina42.supserv.cozmoslabs.com\/fi\/wp-json\/wp\/v2\/product_tag?post=284525"}],"curies":[{"name":"wp","href":"https:\/\/api.w.org\/{rel}","templated":true}]}}