{"id":284587,"date":"2024-09-17T04:50:44","date_gmt":"2024-09-17T11:50:44","guid":{"rendered":"https:\/\/glandine.com\/product\/dolce-gabbana-militaergruener-patchwork-rucksack-rucksack-tasche-4\/"},"modified":"2024-12-01T09:22:06","modified_gmt":"2024-12-01T08:22:06","slug":"dolce-gabbana-militaergruener-patchwork-rucksack-rucksack-tasche-4","status":"publish","type":"product","link":"https:\/\/tpmadalina42.supserv.cozmoslabs.com\/fi\/tuote-2\/dolce-gabbana-militaergruener-patchwork-rucksack-rucksack-tasche-4\/","title":{"rendered":"Dolce &amp; Gabbana Military Green Patchwork -reppureppukassi"},"content":{"rendered":"<p>DOLCE &amp; GABBANA<\/p>\n<p>Gorgeous brandneue mit Tags 100% Authentic Dolce &amp; Gabbana Rucksack verf\u00fcgt \u00fcber eine Maxi, Uni-Gewebe, Leder-Applikationen, Markenlogo, Camouflage, voll gef\u00fcttert, Kordelzug-Verschluss, gerahmt Verschluss, interne Rei\u00dfverschlusstasche, Au\u00dfentaschen.<br \/>\nModell: Rucksack Tasche<br \/>\nFarbe: Milit\u00e4rgr\u00fcn<br \/>\nMaterial: 80% Baumwolle, 10% Nylon, 10% Kalbsleder<br \/>\nKangasvuori<br \/>\nKordelzug-Verschluss<br \/>\nLogon yksityiskohdat, metallihelat logokaiverruksella<br \/>\nValmistettu Italiassa<br \/>\nEritt\u00e4in ainutlaatuinen ja eritt\u00e4in korkea ammattitaito<br \/>\nAbmessungen: 38cm x 33cm x 8cm<\/p>","protected":false},"excerpt":{"rendered":"<p>DOLCE &amp; GABBANA Gorgeous brandneue mit Tags 100% Authentic Dolce &amp; Gabbana Rucksack verf\u00fcgt \u00fcber eine Maxi, Uni-Gewebe, Leder-Applikationen, Markenlogo, Camouflage, voll gef\u00fcttert, Kordelzug-Verschluss, gerahmt Verschluss, interne Rei\u00dfverschlusstasche, Au\u00dfentaschen. Modell: Rucksack Tasche Farbe: Milit\u00e4rgr\u00fcn Material: 80% Baumwolle, 10% Nylon, 10% Kalbsleder Innenfutter aus Stoff Kordelzug-Verschluss Logo-Details, Metallbeschl\u00e4ge mit Logogravur In Italien hergestellt Sehr exklusiv und [&hellip;]<\/p>","protected":false},"featured_media":284579,"template":"","meta":[],"product_brand":[1620],"product_cat":[1629,1725],"product_tag":[],"class_list":{"0":"post-284587","1":"product","2":"type-product","3":"status-publish","4":"has-post-thumbnail","6":"product_brand-dolce-gabbana","7":"product_cat-maenner","8":"product_cat-rucksaecke","10":"first","11":"instock","12":"sale","13":"taxable","14":"shipping-taxable","15":"purchasable","16":"product-type-simple"},"_links":{"self":[{"href":"https:\/\/tpmadalina42.supserv.cozmoslabs.com\/fi\/wp-json\/wp\/v2\/product\/284587","targetHints":{"allow":["GET"]}}],"collection":[{"href":"https:\/\/tpmadalina42.supserv.cozmoslabs.com\/fi\/wp-json\/wp\/v2\/product"}],"about":[{"href":"https:\/\/tpmadalina42.supserv.cozmoslabs.com\/fi\/wp-json\/wp\/v2\/types\/product"}],"wp:featuredmedia":[{"embeddable":true,"href":"https:\/\/tpmadalina42.supserv.cozmoslabs.com\/fi\/wp-json\/wp\/v2\/media\/284579"}],"wp:attachment":[{"href":"https:\/\/tpmadalina42.supserv.cozmoslabs.com\/fi\/wp-json\/wp\/v2\/media?parent=284587"}],"wp:term":[{"taxonomy":"product_brand","embeddable":true,"href":"https:\/\/tpmadalina42.supserv.cozmoslabs.com\/fi\/wp-json\/wp\/v2\/product_brand?post=284587"},{"taxonomy":"product_cat","embeddable":true,"href":"https:\/\/tpmadalina42.supserv.cozmoslabs.com\/fi\/wp-json\/wp\/v2\/product_cat?post=284587"},{"taxonomy":"product_tag","embeddable":true,"href":"https:\/\/tpmadalina42.supserv.cozmoslabs.com\/fi\/wp-json\/wp\/v2\/product_tag?post=284587"}],"curies":[{"name":"wp","href":"https:\/\/api.w.org\/{rel}","templated":true}]}}