{"id":284718,"date":"2024-09-17T05:52:36","date_gmt":"2024-09-17T12:52:36","guid":{"rendered":"https:\/\/glandine.com\/product\/dolce-gabbana-schwarzes-leder-logo-patch-zip-around-continental-brieftasche\/"},"modified":"2024-12-01T09:22:56","modified_gmt":"2024-12-01T08:22:56","slug":"dolce-gabbana-schwarzes-leder-logo-patch-zip-around-continental-brieftasche","status":"publish","type":"product","link":"https:\/\/tpmadalina42.supserv.cozmoslabs.com\/fi\/tuote-2\/dolce-gabbana-schwarzes-leder-logo-patch-zip-around-continental-brieftasche\/","title":{"rendered":"Dolce &amp; Gabbana Black Leather Logo Patch Zip Around Continental Lompakko"},"content":{"rendered":"<p>DOLCE &amp; GABBANA<\/p>\n<p>Absolut atemberaubend, 100% authentisch, brandneu mit Tags Dolce &amp; Gabbana Leder mit Logo-Patch, Rei\u00dfverschluss und Kartenf\u00e4cher.<br \/>\nModell: Continental Brieftasche mit Rei\u00dfverschluss f\u00fcr M\u00e4nner<br \/>\nV\u00e4ri: Musta<br \/>\nMateriaali: 100% nahka<br \/>\nInnen Kartenfach, M\u00fcnzfach mit Rei\u00dfverschluss, Geldscheinf\u00e4cher<br \/>\nLogon yksityiskohdat<br \/>\nValmistettu Italiassa<br \/>\nAbmessungen: 19cm x 10cm x 2cm<\/p>","protected":false},"excerpt":{"rendered":"<p>DOLCE &amp; GABBANA Absolut atemberaubend, 100% authentisch, brandneu mit Tags Dolce &amp; Gabbana Leder mit Logo-Patch, Rei\u00dfverschluss und Kartenf\u00e4cher. Modell: Continental Brieftasche mit Rei\u00dfverschluss f\u00fcr M\u00e4nner Farbe: Schwarz Material: 100% Leder Innen Kartenfach, M\u00fcnzfach mit Rei\u00dfverschluss, Geldscheinf\u00e4cher Logo-Details In Italien hergestellt Abmessungen: 19cm x 10cm x 2cm<\/p>","protected":false},"featured_media":284710,"template":"","meta":[],"product_brand":[1620],"product_cat":[1721,1629],"product_tag":[],"class_list":{"0":"post-284718","1":"product","2":"type-product","3":"status-publish","4":"has-post-thumbnail","6":"product_brand-dolce-gabbana","7":"product_cat-geldboersen","8":"product_cat-maenner","10":"first","11":"instock","12":"sale","13":"taxable","14":"shipping-taxable","15":"purchasable","16":"product-type-simple"},"_links":{"self":[{"href":"https:\/\/tpmadalina42.supserv.cozmoslabs.com\/fi\/wp-json\/wp\/v2\/product\/284718","targetHints":{"allow":["GET"]}}],"collection":[{"href":"https:\/\/tpmadalina42.supserv.cozmoslabs.com\/fi\/wp-json\/wp\/v2\/product"}],"about":[{"href":"https:\/\/tpmadalina42.supserv.cozmoslabs.com\/fi\/wp-json\/wp\/v2\/types\/product"}],"wp:featuredmedia":[{"embeddable":true,"href":"https:\/\/tpmadalina42.supserv.cozmoslabs.com\/fi\/wp-json\/wp\/v2\/media\/284710"}],"wp:attachment":[{"href":"https:\/\/tpmadalina42.supserv.cozmoslabs.com\/fi\/wp-json\/wp\/v2\/media?parent=284718"}],"wp:term":[{"taxonomy":"product_brand","embeddable":true,"href":"https:\/\/tpmadalina42.supserv.cozmoslabs.com\/fi\/wp-json\/wp\/v2\/product_brand?post=284718"},{"taxonomy":"product_cat","embeddable":true,"href":"https:\/\/tpmadalina42.supserv.cozmoslabs.com\/fi\/wp-json\/wp\/v2\/product_cat?post=284718"},{"taxonomy":"product_tag","embeddable":true,"href":"https:\/\/tpmadalina42.supserv.cozmoslabs.com\/fi\/wp-json\/wp\/v2\/product_tag?post=284718"}],"curies":[{"name":"wp","href":"https:\/\/api.w.org\/{rel}","templated":true}]}}