{"id":285397,"date":"2024-09-17T07:58:26","date_gmt":"2024-09-17T14:58:26","guid":{"rendered":"https:\/\/glandine.com\/product\/made-in-italy-beigefarbene-kaschmirjacken-maentel\/"},"modified":"2024-12-10T11:37:29","modified_gmt":"2024-12-10T10:37:29","slug":"made-in-italy-beigefarbene-kaschmirjacken-maentel","status":"publish","type":"product","link":"https:\/\/tpmadalina42.supserv.cozmoslabs.com\/fi\/tuote-2\/made-in-italy-beigefarbene-kaschmirjacken-maentel\/","title":{"rendered":"Made in Italy Beigeiset kashmir-takit ja -takit"},"content":{"rendered":"<p>Loro Piana gewebter Mantel aus reinem Kaschmir f\u00fcr Damen, Farbe beige, Knopfverschluss vorne und G\u00fcrtel zum Schn\u00fcren in der Taille. Hergestellt in Italien<\/p>","protected":false},"excerpt":{"rendered":"<p>Loro Piana gewebter Mantel aus reinem Kaschmir f\u00fcr Damen, Farbe beige, Knopfverschluss vorne und G\u00fcrtel zum Schn\u00fcren in der Taille. Hergestellt in Italien<\/p>","protected":false},"featured_media":285394,"template":"","meta":[],"product_brand":[2245],"product_cat":[1637,1670,1623],"product_tag":[],"class_list":{"0":"post-285397","1":"product","2":"type-product","3":"status-publish","4":"has-post-thumbnail","6":"product_brand-made-in-italy","7":"product_cat-frauen-kleidung","8":"product_cat-jacken-maentel","9":"product_cat-kleidung","11":"first","12":"instock","13":"sale","14":"taxable","15":"shipping-taxable","16":"purchasable","17":"product-type-variable"},"_links":{"self":[{"href":"https:\/\/tpmadalina42.supserv.cozmoslabs.com\/fi\/wp-json\/wp\/v2\/product\/285397","targetHints":{"allow":["GET"]}}],"collection":[{"href":"https:\/\/tpmadalina42.supserv.cozmoslabs.com\/fi\/wp-json\/wp\/v2\/product"}],"about":[{"href":"https:\/\/tpmadalina42.supserv.cozmoslabs.com\/fi\/wp-json\/wp\/v2\/types\/product"}],"wp:featuredmedia":[{"embeddable":true,"href":"https:\/\/tpmadalina42.supserv.cozmoslabs.com\/fi\/wp-json\/wp\/v2\/media\/285394"}],"wp:attachment":[{"href":"https:\/\/tpmadalina42.supserv.cozmoslabs.com\/fi\/wp-json\/wp\/v2\/media?parent=285397"}],"wp:term":[{"taxonomy":"product_brand","embeddable":true,"href":"https:\/\/tpmadalina42.supserv.cozmoslabs.com\/fi\/wp-json\/wp\/v2\/product_brand?post=285397"},{"taxonomy":"product_cat","embeddable":true,"href":"https:\/\/tpmadalina42.supserv.cozmoslabs.com\/fi\/wp-json\/wp\/v2\/product_cat?post=285397"},{"taxonomy":"product_tag","embeddable":true,"href":"https:\/\/tpmadalina42.supserv.cozmoslabs.com\/fi\/wp-json\/wp\/v2\/product_tag?post=285397"}],"curies":[{"name":"wp","href":"https:\/\/api.w.org\/{rel}","templated":true}]}}