{"id":285603,"date":"2024-09-17T08:11:37","date_gmt":"2024-09-17T15:11:37","guid":{"rendered":"https:\/\/glandine.com\/product\/pinko-lila-baumwolle-tops-t-shirt\/"},"modified":"2024-12-01T12:39:20","modified_gmt":"2024-12-01T11:39:20","slug":"pinko-lila-baumwolle-tops-t-shirt","status":"publish","type":"product","link":"https:\/\/tpmadalina42.supserv.cozmoslabs.com\/fi\/tuote-2\/pinko-lila-baumwolle-tops-t-shirt\/","title":{"rendered":"PINKO Purppura puuvilla Topit &amp; T-paita"},"content":{"rendered":"<p>Kurzes Top von Pinko aus Baumwoll-Boucl\u00e9-Stoff. Das Oberteil ist \u00e4rmellos, hat d\u00fcnne Tr\u00e4ger und eine enge Passform. Rei\u00dfverschluss an der Seite.<\/p>","protected":false},"excerpt":{"rendered":"<p>Kurzes Top von Pinko aus Baumwoll-Boucl\u00e9-Stoff. Das Oberteil ist \u00e4rmellos, hat d\u00fcnne Tr\u00e4ger und eine enge Passform. Rei\u00dfverschluss an der Seite.<\/p>","protected":false},"featured_media":285600,"template":"","meta":[],"product_brand":[2064],"product_cat":[1637,1623,1714],"product_tag":[],"class_list":{"0":"post-285603","1":"product","2":"type-product","3":"status-publish","4":"has-post-thumbnail","6":"product_brand-pinko","7":"product_cat-frauen-kleidung","8":"product_cat-kleidung","9":"product_cat-oberteile-t-shirts","11":"first","12":"instock","13":"sale","14":"taxable","15":"shipping-taxable","16":"purchasable","17":"product-type-variable"},"_links":{"self":[{"href":"https:\/\/tpmadalina42.supserv.cozmoslabs.com\/fi\/wp-json\/wp\/v2\/product\/285603","targetHints":{"allow":["GET"]}}],"collection":[{"href":"https:\/\/tpmadalina42.supserv.cozmoslabs.com\/fi\/wp-json\/wp\/v2\/product"}],"about":[{"href":"https:\/\/tpmadalina42.supserv.cozmoslabs.com\/fi\/wp-json\/wp\/v2\/types\/product"}],"wp:featuredmedia":[{"embeddable":true,"href":"https:\/\/tpmadalina42.supserv.cozmoslabs.com\/fi\/wp-json\/wp\/v2\/media\/285600"}],"wp:attachment":[{"href":"https:\/\/tpmadalina42.supserv.cozmoslabs.com\/fi\/wp-json\/wp\/v2\/media?parent=285603"}],"wp:term":[{"taxonomy":"product_brand","embeddable":true,"href":"https:\/\/tpmadalina42.supserv.cozmoslabs.com\/fi\/wp-json\/wp\/v2\/product_brand?post=285603"},{"taxonomy":"product_cat","embeddable":true,"href":"https:\/\/tpmadalina42.supserv.cozmoslabs.com\/fi\/wp-json\/wp\/v2\/product_cat?post=285603"},{"taxonomy":"product_tag","embeddable":true,"href":"https:\/\/tpmadalina42.supserv.cozmoslabs.com\/fi\/wp-json\/wp\/v2\/product_tag?post=285603"}],"curies":[{"name":"wp","href":"https:\/\/api.w.org\/{rel}","templated":true}]}}