{"id":285868,"date":"2024-09-17T08:28:38","date_gmt":"2024-09-17T15:28:38","guid":{"rendered":"https:\/\/glandine.com\/product\/piquadro-schlanke-brieftasche-aus-leder-mit-rfid-block\/"},"modified":"2024-12-01T12:41:12","modified_gmt":"2024-12-01T11:41:12","slug":"piquadro-schlanke-brieftasche-aus-leder-mit-rfid-block","status":"publish","type":"product","link":"https:\/\/tpmadalina42.supserv.cozmoslabs.com\/fi\/tuote-2\/piquadro-schlanke-brieftasche-aus-leder-mit-rfid-block\/","title":{"rendered":"Piquadro Slim nahkalompakko RFID-blokilla"},"content":{"rendered":"<p>Verbessern Sie Ihr Accessoire mit der Piquadro Brieftasche mit Doppelfalz, die sorgf\u00e4ltig f\u00fcr den modernen Gentleman gefertigt wurde. Genie\u00dfen Sie die Funktionalit\u00e4t von zwei ger\u00e4umigen F\u00e4chern, sichern Sie Ihre Karten in den gro\u00dfz\u00fcgigen F\u00e4chern und genie\u00dfen Sie Seelenfrieden mit der integrierten RFID-Blockierungstechnologie. Dieses Portemonnaie ist nicht nur praktisch, sondern besticht auch durch elegante kontrastierende Details und das charakteristische Logo, das Kenner zu sch\u00e4tzen wissen.<\/p>\n<ul>\n<li>Materiaali: 100% nahka<\/li>\n<li>Alkuper\u00e4maa: CN<\/li>\n<li>V\u00e4ri: Harmaa<\/li>\n<\/ul>","protected":false},"excerpt":{"rendered":"<p>Verbessern Sie Ihr Accessoire mit der Piquadro Brieftasche mit Doppelfalz, die sorgf\u00e4ltig f\u00fcr den modernen Gentleman gefertigt wurde. Genie\u00dfen Sie die Funktionalit\u00e4t von zwei ger\u00e4umigen F\u00e4chern, sichern Sie Ihre Karten in den gro\u00dfz\u00fcgigen F\u00e4chern und genie\u00dfen Sie Seelenfrieden mit der integrierten RFID-Blockierungstechnologie. Dieses Portemonnaie ist nicht nur praktisch, sondern besticht auch durch elegante kontrastierende Details [&hellip;]<\/p>","protected":false},"featured_media":285865,"template":"","meta":[],"product_brand":[2343],"product_cat":[1721,1629],"product_tag":[],"class_list":{"0":"post-285868","1":"product","2":"type-product","3":"status-publish","4":"has-post-thumbnail","6":"product_brand-piquadro","7":"product_cat-geldboersen","8":"product_cat-maenner","10":"first","11":"instock","12":"sale","13":"taxable","14":"shipping-taxable","15":"purchasable","16":"product-type-simple"},"_links":{"self":[{"href":"https:\/\/tpmadalina42.supserv.cozmoslabs.com\/fi\/wp-json\/wp\/v2\/product\/285868","targetHints":{"allow":["GET"]}}],"collection":[{"href":"https:\/\/tpmadalina42.supserv.cozmoslabs.com\/fi\/wp-json\/wp\/v2\/product"}],"about":[{"href":"https:\/\/tpmadalina42.supserv.cozmoslabs.com\/fi\/wp-json\/wp\/v2\/types\/product"}],"wp:featuredmedia":[{"embeddable":true,"href":"https:\/\/tpmadalina42.supserv.cozmoslabs.com\/fi\/wp-json\/wp\/v2\/media\/285865"}],"wp:attachment":[{"href":"https:\/\/tpmadalina42.supserv.cozmoslabs.com\/fi\/wp-json\/wp\/v2\/media?parent=285868"}],"wp:term":[{"taxonomy":"product_brand","embeddable":true,"href":"https:\/\/tpmadalina42.supserv.cozmoslabs.com\/fi\/wp-json\/wp\/v2\/product_brand?post=285868"},{"taxonomy":"product_cat","embeddable":true,"href":"https:\/\/tpmadalina42.supserv.cozmoslabs.com\/fi\/wp-json\/wp\/v2\/product_cat?post=285868"},{"taxonomy":"product_tag","embeddable":true,"href":"https:\/\/tpmadalina42.supserv.cozmoslabs.com\/fi\/wp-json\/wp\/v2\/product_tag?post=285868"}],"curies":[{"name":"wp","href":"https:\/\/api.w.org\/{rel}","templated":true}]}}