{"id":285979,"date":"2024-09-17T08:36:54","date_gmt":"2024-09-17T15:36:54","guid":{"rendered":"https:\/\/glandine.com\/product\/dolce-gabbana-schwarze-seide-gemustert-einstellbare-hals-maenner-papillon-fliege-2\/"},"modified":"2024-12-01T09:25:37","modified_gmt":"2024-12-01T08:25:37","slug":"dolce-gabbana-schwarze-seide-gemustert-einstellbare-hals-maenner-papillon-fliege-2","status":"publish","type":"product","link":"https:\/\/tpmadalina42.supserv.cozmoslabs.com\/fi\/tuote-2\/dolce-gabbana-schwarze-seide-gemustert-einstellbare-hals-maenner-papillon-fliege-2\/","title":{"rendered":"Dolce &amp; Gabbana musta silkkikuvioinen s\u00e4\u00e4dett\u00e4v\u00e4 kaula miesten papillonrusetti"},"content":{"rendered":"<p>DOLCE &amp; GABBANA<\/p>\n<p>Aivan upea, 100% aito, upouusi tunnisteilla Dolce &amp; Gabbana rusetti. Br\u00e4ndin mestarit lis\u00e4siv\u00e4t mallin takaosaan pienen metallisen lukon koukun muodossa.<br \/>\nV\u00e4ri: Musta<br \/>\nMalli: sidottu<br \/>\nMateriaali: 100% silkki<br \/>\nAbmessung: 11cm x 3cm<br \/>\nS\u00e4\u00e4dett\u00e4v\u00e4 pituus kaulus, yksi koko sopii kaikille<br \/>\nLogon yksityiskohdat<br \/>\nValmistettu Italiassa<\/p>","protected":false},"excerpt":{"rendered":"<p>DOLCE &amp; GABBANA Absolut atemberaubend, 100% authentisch, ganz neu mit Tags Dolce &amp; Gabbana Fliege. Die Meister der Marke f\u00fcgte eine kleine Metallspange in Form eines Hakens auf der R\u00fcckseite des Modells. Farbe: Schwarz Modell: Gebunden Material: 100% Seide Abmessung: 11cm x 3cm Verstellbare L\u00e4nge Halsband, Einheitsgr\u00f6\u00dfe Logo-Details In Italien hergestellt<\/p>","protected":false},"featured_media":285973,"template":"","meta":[],"product_brand":[1620],"product_cat":[1621,1631,1712],"product_tag":[],"class_list":{"0":"post-285979","1":"product","2":"type-product","3":"status-publish","4":"has-post-thumbnail","6":"product_brand-dolce-gabbana","7":"product_cat-accessoire","8":"product_cat-maenner-zubehoer","9":"product_cat-krawatten-fliegen","11":"first","12":"instock","13":"sale","14":"taxable","15":"shipping-taxable","16":"purchasable","17":"product-type-simple"},"_links":{"self":[{"href":"https:\/\/tpmadalina42.supserv.cozmoslabs.com\/fi\/wp-json\/wp\/v2\/product\/285979","targetHints":{"allow":["GET"]}}],"collection":[{"href":"https:\/\/tpmadalina42.supserv.cozmoslabs.com\/fi\/wp-json\/wp\/v2\/product"}],"about":[{"href":"https:\/\/tpmadalina42.supserv.cozmoslabs.com\/fi\/wp-json\/wp\/v2\/types\/product"}],"wp:featuredmedia":[{"embeddable":true,"href":"https:\/\/tpmadalina42.supserv.cozmoslabs.com\/fi\/wp-json\/wp\/v2\/media\/285973"}],"wp:attachment":[{"href":"https:\/\/tpmadalina42.supserv.cozmoslabs.com\/fi\/wp-json\/wp\/v2\/media?parent=285979"}],"wp:term":[{"taxonomy":"product_brand","embeddable":true,"href":"https:\/\/tpmadalina42.supserv.cozmoslabs.com\/fi\/wp-json\/wp\/v2\/product_brand?post=285979"},{"taxonomy":"product_cat","embeddable":true,"href":"https:\/\/tpmadalina42.supserv.cozmoslabs.com\/fi\/wp-json\/wp\/v2\/product_cat?post=285979"},{"taxonomy":"product_tag","embeddable":true,"href":"https:\/\/tpmadalina42.supserv.cozmoslabs.com\/fi\/wp-json\/wp\/v2\/product_tag?post=285979"}],"curies":[{"name":"wp","href":"https:\/\/api.w.org\/{rel}","templated":true}]}}