{"id":287056,"date":"2024-09-19T02:02:41","date_gmt":"2024-09-19T09:02:41","guid":{"rendered":"https:\/\/glandine.com\/product\/dolce-gabbana-weiss-gemusterte-seidenkrawatte-fuer-maenner-verstellbar\/"},"modified":"2024-12-01T09:39:00","modified_gmt":"2024-12-01T08:39:00","slug":"dolce-gabbana-weiss-gemusterte-seidenkrawatte-fuer-maenner-verstellbar","status":"publish","type":"product","link":"https:\/\/tpmadalina42.supserv.cozmoslabs.com\/fi\/tuote-2\/dolce-gabbana-weiss-gemusterte-seidenkrawatte-fuer-maenner-verstellbar\/","title":{"rendered":"Dolce &amp; Gabbana Wei\u00df gemusterte Seidenkrawatte f\u00fcr M\u00e4nner, verstellbar"},"content":{"rendered":"<p>DOLCE &amp; GABBANA<\/p>\n<p>Absolut atemberaubend, 100% authentisch, brandneu mit Etiketten Dolce &amp; Gabbana exklusive Herrenkrawatte.<br \/>\nFarbe: Off Wei\u00df<br \/>\nMateriaali: 100% silkki<br \/>\nLeveys: 4 cm<br \/>\nAufh\u00e4ngung: Gebunden<br \/>\nLogon yksityiskohdat<br \/>\nValmistettu Italiassa<\/p>","protected":false},"excerpt":{"rendered":"<p>DOLCE &amp; GABBANA Absolut atemberaubend, 100% authentisch, brandneu mit Etiketten Dolce &amp; Gabbana exklusive Herrenkrawatte. Farbe: Off Wei\u00df Material: 100% Seide Breite: 4cm Aufh\u00e4ngung: Gebunden Logo-Details In Italien hergestellt<\/p>","protected":false},"featured_media":287050,"template":"","meta":[],"product_brand":[1620],"product_cat":[1621,1631,1712],"product_tag":[],"class_list":{"0":"post-287056","1":"product","2":"type-product","3":"status-publish","4":"has-post-thumbnail","6":"product_brand-dolce-gabbana","7":"product_cat-accessoire","8":"product_cat-maenner-zubehoer","9":"product_cat-krawatten-fliegen","11":"first","12":"instock","13":"sale","14":"taxable","15":"shipping-taxable","16":"purchasable","17":"product-type-simple"},"_links":{"self":[{"href":"https:\/\/tpmadalina42.supserv.cozmoslabs.com\/fi\/wp-json\/wp\/v2\/product\/287056","targetHints":{"allow":["GET"]}}],"collection":[{"href":"https:\/\/tpmadalina42.supserv.cozmoslabs.com\/fi\/wp-json\/wp\/v2\/product"}],"about":[{"href":"https:\/\/tpmadalina42.supserv.cozmoslabs.com\/fi\/wp-json\/wp\/v2\/types\/product"}],"wp:featuredmedia":[{"embeddable":true,"href":"https:\/\/tpmadalina42.supserv.cozmoslabs.com\/fi\/wp-json\/wp\/v2\/media\/287050"}],"wp:attachment":[{"href":"https:\/\/tpmadalina42.supserv.cozmoslabs.com\/fi\/wp-json\/wp\/v2\/media?parent=287056"}],"wp:term":[{"taxonomy":"product_brand","embeddable":true,"href":"https:\/\/tpmadalina42.supserv.cozmoslabs.com\/fi\/wp-json\/wp\/v2\/product_brand?post=287056"},{"taxonomy":"product_cat","embeddable":true,"href":"https:\/\/tpmadalina42.supserv.cozmoslabs.com\/fi\/wp-json\/wp\/v2\/product_cat?post=287056"},{"taxonomy":"product_tag","embeddable":true,"href":"https:\/\/tpmadalina42.supserv.cozmoslabs.com\/fi\/wp-json\/wp\/v2\/product_tag?post=287056"}],"curies":[{"name":"wp","href":"https:\/\/api.w.org\/{rel}","templated":true}]}}